{"id":88,"date":"2025-04-08T12:31:07","date_gmt":"2025-04-08T10:31:07","guid":{"rendered":"https:\/\/forkommerce.com\/?page_id=88"},"modified":"2025-11-25T10:22:08","modified_gmt":"2025-11-25T09:22:08","slug":"registrazione","status":"publish","type":"page","link":"https:\/\/forkommerce.com\/it\/registrazione\/","title":{"rendered":"Registrazione"},"content":{"rendered":"<h1>Registrati<\/h1>\n<h5>La registrazione rimane in sospeso fino alla sua approvazione<\/h5>\n    <form method=\"post\" class=\"woocommerce-form woocommerce-form-register register\">\n        \n        <p class=\"woocommerce-form-row woocommerce-form-row--wide form-row form-row-wide\">\n            <label for=\"reg_email\">Indirizzo email&nbsp;<span class=\"required\">*<\/span><\/label>\n            <input type=\"email\" class=\"woocommerce-Input woocommerce-Input--text input-text\"\n                   name=\"email\" id=\"reg_email\" autocomplete=\"email\"\n                   value=\"\" \/>\n        <\/p>\n\n        <p class=\"woocommerce-form-row woocommerce-form-row--wide form-row form-row-wide\">\n            <label for=\"reg_password\">Password&nbsp;<span class=\"required\">*<\/span><\/label>\n            <input type=\"password\" class=\"woocommerce-Input woocommerce-Input--text input-text\"\n                   name=\"password\" id=\"reg_password\" autocomplete=\"new-password\" \/>\n        <\/p>\n\n        \n    <p class=\"form-row form-row-wide\">\n        <label for=\"billing_first_name\">\n            Nome <span class=\"required\">*<\/span>\n        <\/label><br \/>\n        <input type=\"text\" id=\"billing_first_name\" name=\"billing_first_name\" value=\"\" required aria-required=\"true\" \/>\n    <\/p>\n\n    <p class=\"form-row form-row-wide\">\n        <label for=\"billing_last_name\">\n            Cognome <span class=\"required\">*<\/span>\n        <\/label><br \/>\n        <input type=\"text\" id=\"billing_last_name\" name=\"billing_last_name\" value=\"\" required aria-required=\"true\" \/>\n    <\/p>\n\n    <p class=\"form-row form-row-wide\">\n        <label for=\"billing_company\">\n            Societ\u00e0 <span class=\"required\">*<\/span>\n        <\/label><br \/>\n        <input type=\"text\" id=\"billing_company\" name=\"billing_company\" value=\"\" required aria-required=\"true\" \/>\n    <\/p>\n\n    <p class=\"form-row form-row-wide\">\n        <label for=\"billing_vat\">\n            Partita IVA <span class=\"required\">*<\/span>\n        <\/label><br \/>\n        <input type=\"text\" id=\"billing_vat\" name=\"billing_vat\" value=\"\" required aria-required=\"true\" \/>\n    <\/p>\n\n    <p class=\"form-row form-row-wide\">\n        <label for=\"billing_country\">\n            Paese \/ Regione <span class=\"required\">*<\/span>\n        <\/label><br \/>\n        <select name=\"billing_country\" id=\"billing_country\" required aria-required=\"true\">\n            <option value=\"\">Seleziona il paese<\/option>\n            <option value=\"AF\">Afghanistan<\/option><option value=\"AL\">Albania<\/option><option value=\"DZ\">Algeria<\/option><option value=\"AS\">American Samoa<\/option><option value=\"AD\">Andorra<\/option><option value=\"AO\">Angola<\/option><option value=\"AI\">Anguilla<\/option><option value=\"AQ\">Antartide<\/option><option value=\"AG\">Antigua e Barbuda<\/option><option value=\"SA\">Arabia Saudita<\/option><option value=\"AR\">Argentina<\/option><option value=\"AM\">Armenia<\/option><option value=\"AW\">Aruba<\/option><option value=\"AU\">Australia<\/option><option value=\"AT\">Austria<\/option><option value=\"AZ\">Azerbaijan<\/option><option value=\"BS\">Bahamas<\/option><option value=\"BH\">Bahrain<\/option><option value=\"BD\">Bangladesh<\/option><option value=\"BB\">Barbados<\/option><option value=\"PW\">Belau<\/option><option value=\"BE\">Belgio<\/option><option value=\"BZ\">Belize<\/option><option value=\"BJ\">Benin<\/option><option value=\"BM\">Bermuda<\/option><option value=\"BT\">Bhutan<\/option><option value=\"BY\">Bielorussia<\/option><option value=\"MM\">Birmania<\/option><option value=\"BO\">Bolivia<\/option><option value=\"BQ\">Bonaire, Saint Eustatius e Saba<\/option><option value=\"BA\">Bosnia-Erzegovina<\/option><option value=\"BW\">Botswana<\/option><option value=\"BR\">Brasile<\/option><option value=\"BN\">Brunei<\/option><option value=\"BG\">Bulgaria<\/option><option value=\"BF\">Burkina Faso<\/option><option value=\"BI\">Burundi<\/option><option value=\"KH\">Cambogia<\/option><option value=\"CM\">Camerun<\/option><option value=\"CA\">Canada<\/option><option value=\"CV\">Capo Verde<\/option><option value=\"TD\">Ciad<\/option><option value=\"CL\">Cile<\/option><option value=\"CN\">Cina<\/option><option value=\"CY\">Cipro<\/option><option value=\"CO\">Colombia<\/option><option value=\"KM\">Comore<\/option><option value=\"CG\">Congo (Brazzaville)<\/option><option value=\"CD\">Congo (Kinshasa)<\/option><option value=\"KP\">Corea del Nord<\/option><option value=\"KR\">Corea del Sud<\/option><option value=\"CI\">Costa d&#039;Avorio<\/option><option value=\"CR\">Costa Rica<\/option><option value=\"HR\">Croazia<\/option><option value=\"CU\">Cuba<\/option><option value=\"CW\">Cura&ccedil;ao<\/option><option value=\"DK\">Danimarca<\/option><option value=\"DM\">Dominica<\/option><option value=\"EC\">Ecuador<\/option><option value=\"EG\">Egitto<\/option><option value=\"SV\">El Salvador<\/option><option value=\"AE\">Emirati Arabi Uniti<\/option><option value=\"ER\">Eritrea<\/option><option value=\"EE\">Estonia<\/option><option value=\"SZ\">Eswatini<\/option><option value=\"ET\">Etiopia<\/option><option value=\"FJ\">Figi<\/option><option value=\"PH\">Filippine<\/option><option value=\"FI\">Finlandia<\/option><option value=\"FR\">Francia<\/option><option value=\"GA\">Gabon<\/option><option value=\"GM\">Gambia<\/option><option value=\"GE\">Georgia<\/option><option value=\"DE\">Germania<\/option><option value=\"GH\">Ghana<\/option><option value=\"JM\">Giamaica<\/option><option value=\"JP\">Giappone<\/option><option value=\"GI\">Gibilterra<\/option><option value=\"DJ\">Gibuti<\/option><option value=\"JO\">Giordania<\/option><option value=\"GR\">Grecia<\/option><option value=\"GD\">Grenada<\/option><option value=\"GL\">Groenlandia<\/option><option value=\"GP\">Guadalupa<\/option><option value=\"GU\">Guam<\/option><option value=\"GT\">Guatemala<\/option><option value=\"GG\">Guernsey<\/option><option value=\"GN\">Guinea<\/option><option value=\"GQ\">Guinea Equatoriale<\/option><option value=\"GW\">Guinea-Bissau<\/option><option value=\"GY\">Guyana<\/option><option value=\"GF\">Guyana Francese<\/option><option value=\"HT\">Haiti<\/option><option value=\"HN\">Honduras<\/option><option value=\"HK\">Hong Kong<\/option><option value=\"IN\">India<\/option><option value=\"ID\">Indonesia<\/option><option value=\"IR\">Iran<\/option><option value=\"IQ\">Iraq<\/option><option value=\"IE\">Irlanda<\/option><option value=\"IS\">Islanda<\/option><option value=\"BV\">Isola Bouvet<\/option><option value=\"IM\">Isola di Man<\/option><option value=\"CX\">Isola di Natale<\/option><option value=\"NF\">Isola Norfolk<\/option><option value=\"AX\">Isole \u00c5land<\/option><option value=\"KY\">Isole Cayman<\/option><option value=\"CC\">Isole Cocos (Keeling)<\/option><option value=\"CK\">Isole Cook<\/option><option value=\"FK\">Isole Falkland<\/option><option value=\"FO\">Isole Faroe<\/option><option value=\"HM\">Isole Heard e McDonald<\/option><option value=\"MH\">Isole Marshall<\/option><option value=\"SB\">Isole Salomone<\/option><option value=\"VI\">Isole Vergini Americane<\/option><option value=\"VG\">Isole Vergini Britanniche<\/option><option value=\"IL\">Israele<\/option><option value=\"IT\" selected='selected'>Italia<\/option><option value=\"JE\">Jersey<\/option><option value=\"KZ\">Kazakistan<\/option><option value=\"KE\">Kenya<\/option><option value=\"KG\">Kirghizistan<\/option><option value=\"KI\">Kiribati<\/option><option value=\"XK\">Kosovo<\/option><option value=\"KW\">Kuwait<\/option><option value=\"LA\">Laos<\/option><option value=\"LS\">Lesotho<\/option><option value=\"LV\">Lettonia<\/option><option value=\"LB\">Libano<\/option><option value=\"LR\">Liberia<\/option><option value=\"LY\">Libia<\/option><option value=\"LI\">Liechtenstein<\/option><option value=\"LT\">Lituania<\/option><option value=\"LU\">Lussemburgo<\/option><option value=\"MO\">Macao<\/option><option value=\"MK\">Macedonia del Nord<\/option><option value=\"MG\">Madagascar<\/option><option value=\"MW\">Malawi<\/option><option value=\"MY\">Malaysia<\/option><option value=\"MV\">Maldive<\/option><option value=\"ML\">Mali<\/option><option value=\"MT\">Malta<\/option><option value=\"MA\">Marocco<\/option><option value=\"MQ\">Martinica<\/option><option value=\"MR\">Mauritania<\/option><option value=\"MU\">Mauritius<\/option><option value=\"YT\">Mayotte<\/option><option value=\"MX\">Messico<\/option><option value=\"FM\">Micronesia<\/option><option value=\"MD\">Moldavia<\/option><option value=\"MC\">Monaco<\/option><option value=\"MN\">Mongolia<\/option><option value=\"ME\">Montenegro<\/option><option value=\"MS\">Montserrat<\/option><option value=\"MZ\">Mozambico<\/option><option value=\"NA\">Namibia<\/option><option value=\"NR\">Nauru<\/option><option value=\"NP\">Nepal<\/option><option value=\"NI\">Nicaragua<\/option><option value=\"NE\">Niger<\/option><option value=\"NG\">Nigeria<\/option><option value=\"NU\">Niue<\/option><option value=\"MP\">Northern Mariana Islands<\/option><option value=\"NO\">Norvegia<\/option><option value=\"NC\">Nuova Caledonia<\/option><option value=\"NZ\">Nuova Zelanda<\/option><option value=\"OM\">Oman<\/option><option value=\"NL\">Paesi Bassi<\/option><option value=\"PK\">Pakistan<\/option><option value=\"PA\">Panama<\/option><option value=\"PG\">Papua Nuova Guinea<\/option><option value=\"PY\">Paraguay<\/option><option value=\"PE\">Per\u00f9<\/option><option value=\"PN\">Pitcairn<\/option><option value=\"PF\">Polinesia Francese<\/option><option value=\"PL\">Polonia<\/option><option value=\"PT\">Portogallo<\/option><option value=\"PR\">Puerto Rico<\/option><option value=\"QA\">Qatar<\/option><option value=\"GB\">Regno Unito (UK)<\/option><option value=\"CZ\">Repubblica Ceca<\/option><option value=\"CF\">Repubblica Centrafricana<\/option><option value=\"DO\">Repubblica Dominicana<\/option><option value=\"RE\">Reunion<\/option><option value=\"RO\">Romania<\/option><option value=\"RU\">Russia<\/option><option value=\"RW\">Rwanda<\/option><option value=\"EH\">Sahara Occidentale<\/option><option value=\"SH\">Saint Helena<\/option><option value=\"KN\">Saint Kitts e Nevis<\/option><option value=\"LC\">Saint Lucia<\/option><option value=\"MF\">Saint Martin (Francia)<\/option><option value=\"SX\">Saint Martin (Paesi Bassi)<\/option><option value=\"VC\">Saint Vincent e Grenadine<\/option><option value=\"BL\">Saint-Barth\u00e9lemy<\/option><option value=\"PM\">Saint-Pierre e Miquelon<\/option><option value=\"WS\">Samoa<\/option><option value=\"SM\">San Marino<\/option><option value=\"ST\">S\u00e3o Tom\u00e9 e Pr\u00edncipe<\/option><option value=\"SN\">Senegal<\/option><option value=\"RS\">Serbia<\/option><option value=\"SC\">Seychelles<\/option><option value=\"SL\">Sierra Leone<\/option><option value=\"SG\">Singapore<\/option><option value=\"SY\">Siria<\/option><option value=\"SK\">Slovacchia<\/option><option value=\"SI\">Slovenia<\/option><option value=\"SO\">Somalia<\/option><option value=\"GS\">South Georgia\/Sandwich Islands<\/option><option value=\"ES\">Spagna<\/option><option value=\"LK\">Sri Lanka<\/option><option value=\"US\">Stati Uniti (US)<\/option><option value=\"UM\">Stati Uniti (US) Isole Minori<\/option><option value=\"ZA\">Sud Africa<\/option><option value=\"SD\">Sudan<\/option><option value=\"SS\">Sudan del Sud<\/option><option value=\"SR\">Suriname<\/option><option value=\"SJ\">Svalbard e Jan Mayen<\/option><option value=\"SE\">Svezia<\/option><option value=\"CH\">Svizzera<\/option><option value=\"TJ\">Tagikistan<\/option><option value=\"TH\">Tailandia<\/option><option value=\"TW\">Taiwan<\/option><option value=\"TZ\">Tanzania<\/option><option value=\"TF\">Terre Australi e Antartiche Francesi<\/option><option value=\"PS\">Territori palestinesi<\/option><option value=\"IO\">Territorio Britannico dell&#039;Oceano Indiano<\/option><option value=\"TL\">Timor Est<\/option><option value=\"TG\">Togo<\/option><option value=\"TK\">Tokelau<\/option><option value=\"TO\">Tonga<\/option><option value=\"TT\">Trinidad e Tobago<\/option><option value=\"TN\">Tunisia<\/option><option value=\"TR\">Turchia<\/option><option value=\"TM\">Turkmenistan<\/option><option value=\"TC\">Turks e Caicos<\/option><option value=\"TV\">Tuvalu<\/option><option value=\"UA\">Ucraina<\/option><option value=\"UG\">Uganda<\/option><option value=\"HU\">Ungheria<\/option><option value=\"UY\">Uruguay<\/option><option value=\"UZ\">Uzbekistan<\/option><option value=\"VU\">Vanuatu<\/option><option value=\"VA\">Vaticano<\/option><option value=\"VE\">Venezuela<\/option><option value=\"VN\">Vietnam<\/option><option value=\"WF\">Wallis e Futuna<\/option><option value=\"YE\">Yemen<\/option><option value=\"ZM\">Zambia<\/option><option value=\"ZW\">Zimbabwe<\/option>        <\/select>\n    <\/p>\n\n    <p class=\"form-row form-row-wide\">\n        <label for=\"billing_address_1\">\n            Indirizzo <span class=\"required\">*<\/span>\n        <\/label><br \/>\n        <input type=\"text\" id=\"billing_address_1\" name=\"billing_address_1\" value=\"\" required aria-required=\"true\" \/>\n    <\/p>\n\n    <p class=\"form-row form-row-wide\">\n        <label for=\"billing_postcode\">\n            C.A.P. <span class=\"required\">*<\/span>\n        <\/label><br \/>\n        <input type=\"text\" id=\"billing_postcode\" name=\"billing_postcode\" value=\"\" required aria-required=\"true\" \/>\n    <\/p>\n\n    <p class=\"form-row form-row-wide\">\n        <label for=\"billing_city\">\n            Citt\u00e0 <span class=\"required\">*<\/span>\n        <\/label><br \/>\n        <input type=\"text\" id=\"billing_city\" name=\"billing_city\" value=\"\" required aria-required=\"true\" \/>\n    <\/p>\n\n    <p class=\"form-row form-row-wide\">\n        <label for=\"billing_state\" id=\"billing_state_label\">\n            Provincia <span class=\"required\">*<\/span>\n        <\/label><br \/>\n        <span id=\"fk-billing-state-wrapper\" data-selected=\"\">\n            <!-- JS sostituir\u00e0 questo input con select o input corretto -->\n            <input type=\"text\" id=\"billing_state\" name=\"billing_state\" value=\"\" required aria-required=\"true\" \/>\n        <\/span>\n    <\/p>\n\n    <p class=\"form-row form-row-wide\">\n        <label for=\"billing_phone\">\n            Telefono <span class=\"required\">*<\/span>\n        <\/label><br \/>\n        <input type=\"text\" id=\"billing_phone\" name=\"billing_phone\" value=\"\" required aria-required=\"true\" \/>\n    <\/p>\n\n    <div class=\"clear\"><\/div>\n    <wc-order-attribution-inputs><\/wc-order-attribution-inputs><div class=\"woocommerce-privacy-policy-text\"><p>I tuoi dati personali verranno utilizzati per supportare la tua esperienza su questo sito web, per gestire l'accesso al tuo account e per altri scopi descritti nella nostra <a href=\"https:\/\/forkommerce.com\/it\/privacy-policy\/\" class=\"woocommerce-privacy-policy-link\" target=\"_blank\">privacy policy<\/a>.<\/p>\n<\/div>\n        <p class=\"woocommerce-form-row form-row\">\n            <input type=\"hidden\" id=\"woocommerce-register-nonce\" name=\"woocommerce-register-nonce\" value=\"99a5e77008\" \/><input type=\"hidden\" name=\"_wp_http_referer\" value=\"\/it\/wp-json\/wp\/v2\/pages\/88\" \/>            <button type=\"submit\" class=\"woocommerce-Button button\" name=\"register\"\n                    value=\"Registrati\">\n                Registrati            <\/button>\n            <!-- flag per riconoscere il submit del nostro form -->\n            <input type=\"hidden\" name=\"fork_reg_form\" value=\"1\" \/>\n        <\/p>\n\n            <\/form>\n    \n<p>Hai gi\u00e0 un account? <a href=\"https:\/\/forkommerce.com\/mio-account\">Accedi<\/a><\/p>\n","protected":false},"excerpt":{"rendered":"<p>Registrati La registrazione rimane in sospeso fino alla sua approvazione  [&#8230;]<\/p>\n","protected":false},"author":1,"featured_media":0,"parent":0,"menu_order":0,"comment_status":"closed","ping_status":"closed","template":"","meta":{"footnotes":""},"class_list":["post-88","page","type-page","status-publish","hentry"],"yoast_head":"<!-- This site is optimized with the Yoast SEO plugin v27.3 - https:\/\/yoast.com\/product\/yoast-seo-wordpress\/ -->\n<title>Registrazione | Forkommerce Spare Parts<\/title>\n<meta name=\"robots\" content=\"index, follow, max-snippet:-1, max-image-preview:large, max-video-preview:-1\" \/>\n<link rel=\"canonical\" href=\"https:\/\/forkommerce.com\/it\/registrazione\/\" \/>\n<meta property=\"og:locale\" content=\"it_IT\" \/>\n<meta property=\"og:type\" content=\"article\" \/>\n<meta property=\"og:title\" content=\"Registrazione | Forkommerce Spare Parts\" \/>\n<meta property=\"og:description\" content=\"Registrati La registrazione rimane in sospeso fino alla sua approvazione [...]\" \/>\n<meta property=\"og:url\" content=\"https:\/\/forkommerce.com\/it\/registrazione\/\" \/>\n<meta property=\"og:site_name\" content=\"Forkommerce Spare Parts\" \/>\n<meta property=\"article:modified_time\" content=\"2025-11-25T09:22:08+00:00\" \/>\n<meta property=\"og:image\" content=\"https:\/\/forkommerce.com\/wp-content\/uploads\/2025\/12\/Slider-Home.jpg\" \/>\n\t<meta property=\"og:image:width\" content=\"1920\" \/>\n\t<meta property=\"og:image:height\" content=\"800\" \/>\n\t<meta property=\"og:image:type\" content=\"image\/jpeg\" \/>\n<meta name=\"twitter:card\" content=\"summary_large_image\" \/>\n<meta name=\"twitter:label1\" content=\"Tempo di lettura stimato\" \/>\n\t<meta name=\"twitter:data1\" content=\"1 minuto\" \/>\n<script type=\"application\/ld+json\" class=\"yoast-schema-graph\">{\"@context\":\"https:\\\/\\\/schema.org\",\"@graph\":[{\"@type\":\"WebPage\",\"@id\":\"https:\\\/\\\/forkommerce.com\\\/it\\\/registrazione\\\/\",\"url\":\"https:\\\/\\\/forkommerce.com\\\/it\\\/registrazione\\\/\",\"name\":\"Registrazione | Forkommerce Spare Parts\",\"isPartOf\":{\"@id\":\"https:\\\/\\\/forkommerce.com\\\/it\\\/#website\"},\"datePublished\":\"2025-04-08T10:31:07+00:00\",\"dateModified\":\"2025-11-25T09:22:08+00:00\",\"breadcrumb\":{\"@id\":\"https:\\\/\\\/forkommerce.com\\\/it\\\/registrazione\\\/#breadcrumb\"},\"inLanguage\":\"it-IT\",\"potentialAction\":[{\"@type\":\"ReadAction\",\"target\":[\"https:\\\/\\\/forkommerce.com\\\/it\\\/registrazione\\\/\"]}]},{\"@type\":\"BreadcrumbList\",\"@id\":\"https:\\\/\\\/forkommerce.com\\\/it\\\/registrazione\\\/#breadcrumb\",\"itemListElement\":[{\"@type\":\"ListItem\",\"position\":1,\"name\":\"Home\",\"item\":\"https:\\\/\\\/forkommerce.com\\\/it\\\/\"},{\"@type\":\"ListItem\",\"position\":2,\"name\":\"Registrazione\"}]},{\"@type\":\"WebSite\",\"@id\":\"https:\\\/\\\/forkommerce.com\\\/it\\\/#website\",\"url\":\"https:\\\/\\\/forkommerce.com\\\/it\\\/\",\"name\":\"Forkommerce Spare Parts\",\"description\":\"Ricambi originali e compatibili per carrelli elevatori e transpallet\",\"publisher\":{\"@id\":\"https:\\\/\\\/forkommerce.com\\\/it\\\/#organization\"},\"alternateName\":\"Forkommerce Spare Parts\",\"potentialAction\":[{\"@type\":\"SearchAction\",\"target\":{\"@type\":\"EntryPoint\",\"urlTemplate\":\"https:\\\/\\\/forkommerce.com\\\/it\\\/?s={search_term_string}\"},\"query-input\":{\"@type\":\"PropertyValueSpecification\",\"valueRequired\":true,\"valueName\":\"search_term_string\"}}],\"inLanguage\":\"it-IT\"},{\"@type\":\"Organization\",\"@id\":\"https:\\\/\\\/forkommerce.com\\\/it\\\/#organization\",\"name\":\"Forkommerce Spare Parts\",\"url\":\"https:\\\/\\\/forkommerce.com\\\/it\\\/\",\"logo\":{\"@type\":\"ImageObject\",\"inLanguage\":\"it-IT\",\"@id\":\"https:\\\/\\\/forkommerce.com\\\/it\\\/#\\\/schema\\\/logo\\\/image\\\/\",\"url\":\"https:\\\/\\\/forkommerce.com\\\/wp-content\\\/uploads\\\/2025\\\/09\\\/Logo-Forkommercex2.png\",\"contentUrl\":\"https:\\\/\\\/forkommerce.com\\\/wp-content\\\/uploads\\\/2025\\\/09\\\/Logo-Forkommercex2.png\",\"width\":470,\"height\":120,\"caption\":\"Forkommerce Spare Parts\"},\"image\":{\"@id\":\"https:\\\/\\\/forkommerce.com\\\/it\\\/#\\\/schema\\\/logo\\\/image\\\/\"}}]}<\/script>\n<!-- \/ Yoast SEO plugin. -->","yoast_head_json":{"title":"Registrazione | Forkommerce Spare Parts","robots":{"index":"index","follow":"follow","max-snippet":"max-snippet:-1","max-image-preview":"max-image-preview:large","max-video-preview":"max-video-preview:-1"},"canonical":"https:\/\/forkommerce.com\/it\/registrazione\/","og_locale":"it_IT","og_type":"article","og_title":"Registrazione | Forkommerce Spare Parts","og_description":"Registrati La registrazione rimane in sospeso fino alla sua approvazione [...]","og_url":"https:\/\/forkommerce.com\/it\/registrazione\/","og_site_name":"Forkommerce Spare Parts","article_modified_time":"2025-11-25T09:22:08+00:00","og_image":[{"width":1920,"height":800,"url":"https:\/\/forkommerce.com\/wp-content\/uploads\/2025\/12\/Slider-Home.jpg","type":"image\/jpeg"}],"twitter_card":"summary_large_image","twitter_misc":{"Tempo di lettura stimato":"1 minuto"},"schema":{"@context":"https:\/\/schema.org","@graph":[{"@type":"WebPage","@id":"https:\/\/forkommerce.com\/it\/registrazione\/","url":"https:\/\/forkommerce.com\/it\/registrazione\/","name":"Registrazione | Forkommerce Spare Parts","isPartOf":{"@id":"https:\/\/forkommerce.com\/it\/#website"},"datePublished":"2025-04-08T10:31:07+00:00","dateModified":"2025-11-25T09:22:08+00:00","breadcrumb":{"@id":"https:\/\/forkommerce.com\/it\/registrazione\/#breadcrumb"},"inLanguage":"it-IT","potentialAction":[{"@type":"ReadAction","target":["https:\/\/forkommerce.com\/it\/registrazione\/"]}]},{"@type":"BreadcrumbList","@id":"https:\/\/forkommerce.com\/it\/registrazione\/#breadcrumb","itemListElement":[{"@type":"ListItem","position":1,"name":"Home","item":"https:\/\/forkommerce.com\/it\/"},{"@type":"ListItem","position":2,"name":"Registrazione"}]},{"@type":"WebSite","@id":"https:\/\/forkommerce.com\/it\/#website","url":"https:\/\/forkommerce.com\/it\/","name":"Forkommerce Spare Parts","description":"Ricambi originali e compatibili per carrelli elevatori e transpallet","publisher":{"@id":"https:\/\/forkommerce.com\/it\/#organization"},"alternateName":"Forkommerce Spare Parts","potentialAction":[{"@type":"SearchAction","target":{"@type":"EntryPoint","urlTemplate":"https:\/\/forkommerce.com\/it\/?s={search_term_string}"},"query-input":{"@type":"PropertyValueSpecification","valueRequired":true,"valueName":"search_term_string"}}],"inLanguage":"it-IT"},{"@type":"Organization","@id":"https:\/\/forkommerce.com\/it\/#organization","name":"Forkommerce Spare Parts","url":"https:\/\/forkommerce.com\/it\/","logo":{"@type":"ImageObject","inLanguage":"it-IT","@id":"https:\/\/forkommerce.com\/it\/#\/schema\/logo\/image\/","url":"https:\/\/forkommerce.com\/wp-content\/uploads\/2025\/09\/Logo-Forkommercex2.png","contentUrl":"https:\/\/forkommerce.com\/wp-content\/uploads\/2025\/09\/Logo-Forkommercex2.png","width":470,"height":120,"caption":"Forkommerce Spare Parts"},"image":{"@id":"https:\/\/forkommerce.com\/it\/#\/schema\/logo\/image\/"}}]}},"_links":{"self":[{"href":"https:\/\/forkommerce.com\/it\/wp-json\/wp\/v2\/pages\/88","targetHints":{"allow":["GET"]}}],"collection":[{"href":"https:\/\/forkommerce.com\/it\/wp-json\/wp\/v2\/pages"}],"about":[{"href":"https:\/\/forkommerce.com\/it\/wp-json\/wp\/v2\/types\/page"}],"author":[{"embeddable":true,"href":"https:\/\/forkommerce.com\/it\/wp-json\/wp\/v2\/users\/1"}],"replies":[{"embeddable":true,"href":"https:\/\/forkommerce.com\/it\/wp-json\/wp\/v2\/comments?post=88"}],"version-history":[{"count":10,"href":"https:\/\/forkommerce.com\/it\/wp-json\/wp\/v2\/pages\/88\/revisions"}],"predecessor-version":[{"id":757,"href":"https:\/\/forkommerce.com\/it\/wp-json\/wp\/v2\/pages\/88\/revisions\/757"}],"wp:attachment":[{"href":"https:\/\/forkommerce.com\/it\/wp-json\/wp\/v2\/media?parent=88"}],"curies":[{"name":"wp","href":"https:\/\/api.w.org\/{rel}","templated":true}]}}