{"id":1728,"date":"2025-12-02T11:49:19","date_gmt":"2025-12-02T10:49:19","guid":{"rendered":"https:\/\/forkommerce.com\/?post_type=product&#038;p=1728"},"modified":"2026-04-13T08:20:53","modified_gmt":"2026-04-13T06:20:53","slug":"joystick-jungheinrich-51072424-compatibile","status":"publish","type":"product","link":"https:\/\/forkommerce.com\/it\/prodotto\/joystick-jungheinrich-51072424-compatibile\/","title":{"rendered":"Joystick Jungheinrich 51072424 (Compatibile)"},"content":{"rendered":"<p data-start=\"599\" data-end=\"975\"><strong>Joystick elettrico Jungheinrich 51072424\u00a0 \u2013 maniglia di controllo per carrelli elevatori.<\/strong><\/p>\n<p data-start=\"599\" data-end=\"975\">Il joystick Jungheinrich,\u00a0noto anche come Solopilot, \u00e8 un comando multifunzione per carrelli elevatori Jungheinrich, progettato per il controllo preciso dei movimenti idraulici del montante e delle attrezzature.<\/p>\n<p data-start=\"599\" data-end=\"975\">Permette all\u2019operatore di gestire sollevamento, abbassamento, inclinazione e altre funzioni idrauliche in maniera ergonomica e sicura.<\/p>\n<p data-start=\"977\" data-end=\"1145\">Il joystick \u00e8 ideale per installazioni su bracciolo o console di comando, riducendo lo sforzo operativo e migliorando la produttivit\u00e0 nelle attivit\u00e0 di magazzino.<\/p>\n<h3 data-section-id=\"1sv4o0i\" data-start=\"1152\" data-end=\"1182\">Caratteristiche principali:<\/h3>\n<p data-start=\"1103\" data-end=\"1153\">Tipologia:\u00a0 Joystick multifunzione Solopilot a 4 leve integrate.<\/p>\n<p data-start=\"1103\" data-end=\"1153\">Materiale: plastica tecnica e componenti elettronici di qualit\u00e0.<\/p>\n<p data-start=\"1103\" data-end=\"1153\">Struttura: impugnatura ergonomica resistente.<\/p>\n<p data-start=\"1156\" data-end=\"1209\">Controllo: sollevamento, abbassamento e inclinazione montante.<\/p>\n<p data-start=\"1212\" data-end=\"1302\">Funzioni controllate: movimenti\/idrualica\/marcia a seconda del modello di carrello<\/p>\n<p data-start=\"1305\" data-end=\"1365\">Connessione: connettore elettrico standard (plug\u2011in)<\/p>\n<p data-start=\"1423\" data-end=\"1494\">Installazione diretta su bracciolo \/ console Jungheinrich \/facile sostituzione plug &amp; play.<\/p>\n<p data-start=\"1185\" data-end=\"1242\">Applicazione: carrelli elevatori Jungheinrich<\/p>\n<p data-start=\"1379\" data-end=\"1451\">Riduce: lo sforzo dell\u2019operatore e migliora la precisione dei movimenti.<\/p>\n","protected":false},"excerpt":{"rendered":"<p>Joystick Jungheinrich 51072424 (Compatibile)<\/p>\n","protected":false},"featured_media":1729,"template":"","meta":[],"product_brand":[103],"product_cat":[17,95],"product_tag":[],"class_list":{"0":"post-1728","1":"product","2":"type-product","3":"status-publish","4":"has-post-thumbnail","6":"product_brand-jungheinrich","7":"product_cat-compatibili","8":"product_cat-joystick","10":"first","11":"instock","12":"sale","13":"taxable","14":"shipping-taxable","15":"purchasable","16":"product-type-simple"},"yoast_head":"<!-- This site is optimized with the Yoast SEO plugin v27.3 - https:\/\/yoast.com\/product\/yoast-seo-wordpress\/ -->\n<title>Joystick Jungheinrich 51072424 (Compatibile) | Forkommerce Spare Parts<\/title>\n<meta name=\"robots\" content=\"index, follow, max-snippet:-1, max-image-preview:large, max-video-preview:-1\" \/>\n<link rel=\"canonical\" href=\"https:\/\/forkommerce.com\/it\/prodotto\/joystick-jungheinrich-51072424-compatibile\/\" \/>\n<meta property=\"og:locale\" content=\"it_IT\" \/>\n<meta property=\"og:type\" content=\"article\" \/>\n<meta property=\"og:title\" content=\"Joystick Jungheinrich 51072424 (Compatibile) | Forkommerce Spare Parts\" \/>\n<meta property=\"og:description\" content=\"Joystick Jungheinrich 51072424 (Compatibile)\" \/>\n<meta property=\"og:url\" content=\"https:\/\/forkommerce.com\/it\/prodotto\/joystick-jungheinrich-51072424-compatibile\/\" \/>\n<meta property=\"og:site_name\" content=\"Forkommerce Spare Parts\" \/>\n<meta property=\"article:modified_time\" content=\"2026-04-13T06:20:53+00:00\" \/>\n<meta property=\"og:image\" content=\"https:\/\/forkommerce.com\/wp-content\/uploads\/2025\/12\/Joystick-Jungheinrich-51072424-Compatibile.jpeg\" \/>\n\t<meta property=\"og:image:width\" content=\"2995\" \/>\n\t<meta property=\"og:image:height\" content=\"3253\" \/>\n\t<meta property=\"og:image:type\" content=\"image\/jpeg\" \/>\n<meta name=\"twitter:card\" content=\"summary_large_image\" \/>\n<meta name=\"twitter:label1\" content=\"Tempo di lettura stimato\" \/>\n\t<meta name=\"twitter:data1\" content=\"1 minuto\" \/>\n<script type=\"application\/ld+json\" class=\"yoast-schema-graph\">{\"@context\":\"https:\\\/\\\/schema.org\",\"@graph\":[{\"@type\":\"WebPage\",\"@id\":\"https:\\\/\\\/forkommerce.com\\\/it\\\/prodotto\\\/joystick-jungheinrich-51072424-compatibile\\\/\",\"url\":\"https:\\\/\\\/forkommerce.com\\\/it\\\/prodotto\\\/joystick-jungheinrich-51072424-compatibile\\\/\",\"name\":\"Joystick Jungheinrich 51072424 (Compatibile) | Forkommerce Spare Parts\",\"isPartOf\":{\"@id\":\"https:\\\/\\\/forkommerce.com\\\/it\\\/#website\"},\"primaryImageOfPage\":{\"@id\":\"https:\\\/\\\/forkommerce.com\\\/it\\\/prodotto\\\/joystick-jungheinrich-51072424-compatibile\\\/#primaryimage\"},\"image\":{\"@id\":\"https:\\\/\\\/forkommerce.com\\\/it\\\/prodotto\\\/joystick-jungheinrich-51072424-compatibile\\\/#primaryimage\"},\"thumbnailUrl\":\"https:\\\/\\\/forkommerce.com\\\/wp-content\\\/uploads\\\/2025\\\/12\\\/Joystick-Jungheinrich-51072424-Compatibile.jpeg\",\"datePublished\":\"2025-12-02T10:49:19+00:00\",\"dateModified\":\"2026-04-13T06:20:53+00:00\",\"breadcrumb\":{\"@id\":\"https:\\\/\\\/forkommerce.com\\\/it\\\/prodotto\\\/joystick-jungheinrich-51072424-compatibile\\\/#breadcrumb\"},\"inLanguage\":\"it-IT\",\"potentialAction\":[{\"@type\":\"ReadAction\",\"target\":[\"https:\\\/\\\/forkommerce.com\\\/it\\\/prodotto\\\/joystick-jungheinrich-51072424-compatibile\\\/\"]}]},{\"@type\":\"ImageObject\",\"inLanguage\":\"it-IT\",\"@id\":\"https:\\\/\\\/forkommerce.com\\\/it\\\/prodotto\\\/joystick-jungheinrich-51072424-compatibile\\\/#primaryimage\",\"url\":\"https:\\\/\\\/forkommerce.com\\\/wp-content\\\/uploads\\\/2025\\\/12\\\/Joystick-Jungheinrich-51072424-Compatibile.jpeg\",\"contentUrl\":\"https:\\\/\\\/forkommerce.com\\\/wp-content\\\/uploads\\\/2025\\\/12\\\/Joystick-Jungheinrich-51072424-Compatibile.jpeg\",\"width\":2995,\"height\":3253,\"caption\":\"Joystick Jungheinrich 51072424 (Compatibile)\"},{\"@type\":\"BreadcrumbList\",\"@id\":\"https:\\\/\\\/forkommerce.com\\\/it\\\/prodotto\\\/joystick-jungheinrich-51072424-compatibile\\\/#breadcrumb\",\"itemListElement\":[{\"@type\":\"ListItem\",\"position\":1,\"name\":\"Home\",\"item\":\"https:\\\/\\\/forkommerce.com\\\/it\\\/\"},{\"@type\":\"ListItem\",\"position\":2,\"name\":\"Shop\",\"item\":\"https:\\\/\\\/forkommerce.com\\\/it\\\/negozio\\\/\"},{\"@type\":\"ListItem\",\"position\":3,\"name\":\"Joystick Jungheinrich 51072424 (Compatibile)\"}]},{\"@type\":\"WebSite\",\"@id\":\"https:\\\/\\\/forkommerce.com\\\/it\\\/#website\",\"url\":\"https:\\\/\\\/forkommerce.com\\\/it\\\/\",\"name\":\"Forkommerce Spare Parts\",\"description\":\"Ricambi originali e compatibili per carrelli elevatori e transpallet\",\"publisher\":{\"@id\":\"https:\\\/\\\/forkommerce.com\\\/it\\\/#organization\"},\"alternateName\":\"Forkommerce Spare Parts\",\"potentialAction\":[{\"@type\":\"SearchAction\",\"target\":{\"@type\":\"EntryPoint\",\"urlTemplate\":\"https:\\\/\\\/forkommerce.com\\\/it\\\/?s={search_term_string}\"},\"query-input\":{\"@type\":\"PropertyValueSpecification\",\"valueRequired\":true,\"valueName\":\"search_term_string\"}}],\"inLanguage\":\"it-IT\"},{\"@type\":\"Organization\",\"@id\":\"https:\\\/\\\/forkommerce.com\\\/it\\\/#organization\",\"name\":\"Forkommerce Spare Parts\",\"url\":\"https:\\\/\\\/forkommerce.com\\\/it\\\/\",\"logo\":{\"@type\":\"ImageObject\",\"inLanguage\":\"it-IT\",\"@id\":\"https:\\\/\\\/forkommerce.com\\\/it\\\/#\\\/schema\\\/logo\\\/image\\\/\",\"url\":\"https:\\\/\\\/forkommerce.com\\\/wp-content\\\/uploads\\\/2025\\\/09\\\/Logo-Forkommercex2.png\",\"contentUrl\":\"https:\\\/\\\/forkommerce.com\\\/wp-content\\\/uploads\\\/2025\\\/09\\\/Logo-Forkommercex2.png\",\"width\":470,\"height\":120,\"caption\":\"Forkommerce Spare Parts\"},\"image\":{\"@id\":\"https:\\\/\\\/forkommerce.com\\\/it\\\/#\\\/schema\\\/logo\\\/image\\\/\"}}]}<\/script>\n<!-- \/ Yoast SEO plugin. -->","yoast_head_json":{"title":"Joystick Jungheinrich 51072424 (Compatibile) | Forkommerce Spare Parts","robots":{"index":"index","follow":"follow","max-snippet":"max-snippet:-1","max-image-preview":"max-image-preview:large","max-video-preview":"max-video-preview:-1"},"canonical":"https:\/\/forkommerce.com\/it\/prodotto\/joystick-jungheinrich-51072424-compatibile\/","og_locale":"it_IT","og_type":"article","og_title":"Joystick Jungheinrich 51072424 (Compatibile) | Forkommerce Spare Parts","og_description":"Joystick Jungheinrich 51072424 (Compatibile)","og_url":"https:\/\/forkommerce.com\/it\/prodotto\/joystick-jungheinrich-51072424-compatibile\/","og_site_name":"Forkommerce Spare Parts","article_modified_time":"2026-04-13T06:20:53+00:00","og_image":[{"width":2995,"height":3253,"url":"https:\/\/forkommerce.com\/wp-content\/uploads\/2025\/12\/Joystick-Jungheinrich-51072424-Compatibile.jpeg","type":"image\/jpeg"}],"twitter_card":"summary_large_image","twitter_misc":{"Tempo di lettura stimato":"1 minuto"},"schema":{"@context":"https:\/\/schema.org","@graph":[{"@type":"WebPage","@id":"https:\/\/forkommerce.com\/it\/prodotto\/joystick-jungheinrich-51072424-compatibile\/","url":"https:\/\/forkommerce.com\/it\/prodotto\/joystick-jungheinrich-51072424-compatibile\/","name":"Joystick Jungheinrich 51072424 (Compatibile) | Forkommerce Spare Parts","isPartOf":{"@id":"https:\/\/forkommerce.com\/it\/#website"},"primaryImageOfPage":{"@id":"https:\/\/forkommerce.com\/it\/prodotto\/joystick-jungheinrich-51072424-compatibile\/#primaryimage"},"image":{"@id":"https:\/\/forkommerce.com\/it\/prodotto\/joystick-jungheinrich-51072424-compatibile\/#primaryimage"},"thumbnailUrl":"https:\/\/forkommerce.com\/wp-content\/uploads\/2025\/12\/Joystick-Jungheinrich-51072424-Compatibile.jpeg","datePublished":"2025-12-02T10:49:19+00:00","dateModified":"2026-04-13T06:20:53+00:00","breadcrumb":{"@id":"https:\/\/forkommerce.com\/it\/prodotto\/joystick-jungheinrich-51072424-compatibile\/#breadcrumb"},"inLanguage":"it-IT","potentialAction":[{"@type":"ReadAction","target":["https:\/\/forkommerce.com\/it\/prodotto\/joystick-jungheinrich-51072424-compatibile\/"]}]},{"@type":"ImageObject","inLanguage":"it-IT","@id":"https:\/\/forkommerce.com\/it\/prodotto\/joystick-jungheinrich-51072424-compatibile\/#primaryimage","url":"https:\/\/forkommerce.com\/wp-content\/uploads\/2025\/12\/Joystick-Jungheinrich-51072424-Compatibile.jpeg","contentUrl":"https:\/\/forkommerce.com\/wp-content\/uploads\/2025\/12\/Joystick-Jungheinrich-51072424-Compatibile.jpeg","width":2995,"height":3253,"caption":"Joystick Jungheinrich 51072424 (Compatibile)"},{"@type":"BreadcrumbList","@id":"https:\/\/forkommerce.com\/it\/prodotto\/joystick-jungheinrich-51072424-compatibile\/#breadcrumb","itemListElement":[{"@type":"ListItem","position":1,"name":"Home","item":"https:\/\/forkommerce.com\/it\/"},{"@type":"ListItem","position":2,"name":"Shop","item":"https:\/\/forkommerce.com\/it\/negozio\/"},{"@type":"ListItem","position":3,"name":"Joystick Jungheinrich 51072424 (Compatibile)"}]},{"@type":"WebSite","@id":"https:\/\/forkommerce.com\/it\/#website","url":"https:\/\/forkommerce.com\/it\/","name":"Forkommerce Spare Parts","description":"Ricambi originali e compatibili per carrelli elevatori e transpallet","publisher":{"@id":"https:\/\/forkommerce.com\/it\/#organization"},"alternateName":"Forkommerce Spare Parts","potentialAction":[{"@type":"SearchAction","target":{"@type":"EntryPoint","urlTemplate":"https:\/\/forkommerce.com\/it\/?s={search_term_string}"},"query-input":{"@type":"PropertyValueSpecification","valueRequired":true,"valueName":"search_term_string"}}],"inLanguage":"it-IT"},{"@type":"Organization","@id":"https:\/\/forkommerce.com\/it\/#organization","name":"Forkommerce Spare Parts","url":"https:\/\/forkommerce.com\/it\/","logo":{"@type":"ImageObject","inLanguage":"it-IT","@id":"https:\/\/forkommerce.com\/it\/#\/schema\/logo\/image\/","url":"https:\/\/forkommerce.com\/wp-content\/uploads\/2025\/09\/Logo-Forkommercex2.png","contentUrl":"https:\/\/forkommerce.com\/wp-content\/uploads\/2025\/09\/Logo-Forkommercex2.png","width":470,"height":120,"caption":"Forkommerce Spare Parts"},"image":{"@id":"https:\/\/forkommerce.com\/it\/#\/schema\/logo\/image\/"}}]}},"_links":{"self":[{"href":"https:\/\/forkommerce.com\/it\/wp-json\/wp\/v2\/product\/1728","targetHints":{"allow":["GET"]}}],"collection":[{"href":"https:\/\/forkommerce.com\/it\/wp-json\/wp\/v2\/product"}],"about":[{"href":"https:\/\/forkommerce.com\/it\/wp-json\/wp\/v2\/types\/product"}],"wp:featuredmedia":[{"embeddable":true,"href":"https:\/\/forkommerce.com\/it\/wp-json\/wp\/v2\/media\/1729"}],"wp:attachment":[{"href":"https:\/\/forkommerce.com\/it\/wp-json\/wp\/v2\/media?parent=1728"}],"wp:term":[{"taxonomy":"product_brand","embeddable":true,"href":"https:\/\/forkommerce.com\/it\/wp-json\/wp\/v2\/product_brand?post=1728"},{"taxonomy":"product_cat","embeddable":true,"href":"https:\/\/forkommerce.com\/it\/wp-json\/wp\/v2\/product_cat?post=1728"},{"taxonomy":"product_tag","embeddable":true,"href":"https:\/\/forkommerce.com\/it\/wp-json\/wp\/v2\/product_tag?post=1728"}],"curies":[{"name":"wp","href":"https:\/\/api.w.org\/{rel}","templated":true}]}}