{"id":1744,"date":"2025-12-02T17:16:11","date_gmt":"2025-12-02T16:16:11","guid":{"rendered":"https:\/\/forkommerce.com\/?post_type=product&#038;p=1744"},"modified":"2026-03-17T08:18:50","modified_gmt":"2026-03-17T07:18:50","slug":"pedale-acceleratore-jungheinrich-51248538-compatibile","status":"publish","type":"product","link":"https:\/\/forkommerce.com\/it\/prodotto\/pedale-acceleratore-jungheinrich-51248538-compatibile\/","title":{"rendered":"Pedale acceleratore Jungheinrich 51248538 (Compatibile)"},"content":{"rendered":"<p data-start=\"147\" data-end=\"462\"><strong>Pedale acceleratore compatibile Jungheinrich 51248538 \u2013 ricambio carrelli elevatori ETV.<\/strong><\/p>\n<p data-start=\"147\" data-end=\"462\">Il pedale acceleratore Jungheinrich \u00a0\u00e8 un ricambio progettato per il controllo elettronico della velocit\u00e0 su carrelli elevatori elettrici<\/p>\n<p data-start=\"147\" data-end=\"462\">Jungheinrich.<\/p>\n<p data-start=\"147\" data-end=\"462\">Questo componente trasmette il comando dell\u2019operatore al controller del veicolo, regolando progressivamente accelerazione e direzione di marcia.<\/p>\n<p data-start=\"464\" data-end=\"855\">Il pedale \u00e8 dotato di sensore a resistenza con uscita 0-5K, che permette una gestione precisa della velocit\u00e0 e una risposta progressiva del motore. \u00c8 progettato per applicazioni industriali con utilizzo intensivo e dispone di connettore elettrico impermeabile e cablaggio multipolare, garantendo affidabilit\u00e0 anche in ambienti di lavoro gravosi.<\/p>\n<p data-start=\"857\" data-end=\"1113\">Grazie alla struttura robusta in acciaio e componenti elettronici integrati, questo ricambio \u00e8 ideale per sostituzione di pedali usurati o malfunzionanti, ripristinando il corretto controllo del carrello elevatore.<\/p>\n<h2 data-section-id=\"d437e9\" data-start=\"1120\" data-end=\"1149\">Caratteristiche principali:<\/h2>\n<p>Tipologia: pedale acceleratore elettronico (resistivo\/potenziometrico).<\/p>\n<p>Materiale: struttura robusta in materiale composito.<\/p>\n<p data-start=\"1053\" data-end=\"1157\">Funzione: controllo velocit\u00e0 e direzione (avanti\/indietro).<\/p>\n<p data-start=\"1160\" data-end=\"1251\">Segnale uscita: 0\u20135K (variazione progressiva).<\/p>\n<p data-start=\"1254\" data-end=\"1352\">Cablaggio: connettore con circa 5 fili, impermeabile.<\/p>\n<p data-start=\"1254\" data-end=\"1352\">Controllo progressivo della velocit\u00e0.<\/p>\n<p data-start=\"1416\" data-end=\"1458\">Struttura resistente per uso industriale.<\/p>\n<p data-start=\"1417\" data-end=\"1490\">Installazione: plug &amp; play (verificare compatibilit\u00e0 con modello)<\/p>\n<p data-start=\"1211\" data-end=\"1255\"><strong>Codice ricambio:<\/strong> Jungheinrich: 51248538.<\/p>\n","protected":false},"excerpt":{"rendered":"<p>Pedale acceleratore Jungheinrich 51248538 (Compatibile)<\/p>\n","protected":false},"featured_media":1745,"template":"","meta":[],"product_brand":[103],"product_cat":[17,127],"product_tag":[],"class_list":{"0":"post-1744","1":"product","2":"type-product","3":"status-publish","4":"has-post-thumbnail","6":"product_brand-jungheinrich","7":"product_cat-compatibili","8":"product_cat-varie","10":"first","11":"instock","12":"taxable","13":"shipping-taxable","14":"purchasable","15":"product-type-simple"},"yoast_head":"<!-- This site is optimized with the Yoast SEO plugin v27.3 - https:\/\/yoast.com\/product\/yoast-seo-wordpress\/ -->\n<title>Pedale acceleratore Jungheinrich 51248538 (Compatibile) | Forkommerce Spare Parts<\/title>\n<meta name=\"robots\" content=\"index, follow, max-snippet:-1, max-image-preview:large, max-video-preview:-1\" \/>\n<link rel=\"canonical\" href=\"https:\/\/forkommerce.com\/it\/prodotto\/pedale-acceleratore-jungheinrich-51248538-compatibile\/\" \/>\n<meta property=\"og:locale\" content=\"it_IT\" \/>\n<meta property=\"og:type\" content=\"article\" \/>\n<meta property=\"og:title\" content=\"Pedale acceleratore Jungheinrich 51248538 (Compatibile) | Forkommerce Spare Parts\" \/>\n<meta property=\"og:description\" content=\"Pedale acceleratore Jungheinrich 51248538 (Compatibile)\" \/>\n<meta property=\"og:url\" content=\"https:\/\/forkommerce.com\/it\/prodotto\/pedale-acceleratore-jungheinrich-51248538-compatibile\/\" \/>\n<meta property=\"og:site_name\" content=\"Forkommerce Spare Parts\" \/>\n<meta property=\"article:modified_time\" content=\"2026-03-17T07:18:50+00:00\" \/>\n<meta property=\"og:image\" content=\"https:\/\/forkommerce.com\/wp-content\/uploads\/2025\/12\/Pedale-acceleratore-Jungheinrich-51248538-Compatibile.jpeg\" \/>\n\t<meta property=\"og:image:width\" content=\"3024\" \/>\n\t<meta property=\"og:image:height\" content=\"4032\" \/>\n\t<meta property=\"og:image:type\" content=\"image\/jpeg\" \/>\n<meta name=\"twitter:card\" content=\"summary_large_image\" \/>\n<meta name=\"twitter:label1\" content=\"Tempo di lettura stimato\" \/>\n\t<meta name=\"twitter:data1\" content=\"2 minuti\" \/>\n<script type=\"application\/ld+json\" class=\"yoast-schema-graph\">{\"@context\":\"https:\\\/\\\/schema.org\",\"@graph\":[{\"@type\":\"WebPage\",\"@id\":\"https:\\\/\\\/forkommerce.com\\\/it\\\/prodotto\\\/pedale-acceleratore-jungheinrich-51248538-compatibile\\\/\",\"url\":\"https:\\\/\\\/forkommerce.com\\\/it\\\/prodotto\\\/pedale-acceleratore-jungheinrich-51248538-compatibile\\\/\",\"name\":\"Pedale acceleratore Jungheinrich 51248538 (Compatibile) | Forkommerce Spare Parts\",\"isPartOf\":{\"@id\":\"https:\\\/\\\/forkommerce.com\\\/it\\\/#website\"},\"primaryImageOfPage\":{\"@id\":\"https:\\\/\\\/forkommerce.com\\\/it\\\/prodotto\\\/pedale-acceleratore-jungheinrich-51248538-compatibile\\\/#primaryimage\"},\"image\":{\"@id\":\"https:\\\/\\\/forkommerce.com\\\/it\\\/prodotto\\\/pedale-acceleratore-jungheinrich-51248538-compatibile\\\/#primaryimage\"},\"thumbnailUrl\":\"https:\\\/\\\/forkommerce.com\\\/wp-content\\\/uploads\\\/2025\\\/12\\\/Pedale-acceleratore-Jungheinrich-51248538-Compatibile.jpeg\",\"datePublished\":\"2025-12-02T16:16:11+00:00\",\"dateModified\":\"2026-03-17T07:18:50+00:00\",\"breadcrumb\":{\"@id\":\"https:\\\/\\\/forkommerce.com\\\/it\\\/prodotto\\\/pedale-acceleratore-jungheinrich-51248538-compatibile\\\/#breadcrumb\"},\"inLanguage\":\"it-IT\",\"potentialAction\":[{\"@type\":\"ReadAction\",\"target\":[\"https:\\\/\\\/forkommerce.com\\\/it\\\/prodotto\\\/pedale-acceleratore-jungheinrich-51248538-compatibile\\\/\"]}]},{\"@type\":\"ImageObject\",\"inLanguage\":\"it-IT\",\"@id\":\"https:\\\/\\\/forkommerce.com\\\/it\\\/prodotto\\\/pedale-acceleratore-jungheinrich-51248538-compatibile\\\/#primaryimage\",\"url\":\"https:\\\/\\\/forkommerce.com\\\/wp-content\\\/uploads\\\/2025\\\/12\\\/Pedale-acceleratore-Jungheinrich-51248538-Compatibile.jpeg\",\"contentUrl\":\"https:\\\/\\\/forkommerce.com\\\/wp-content\\\/uploads\\\/2025\\\/12\\\/Pedale-acceleratore-Jungheinrich-51248538-Compatibile.jpeg\",\"width\":3024,\"height\":4032,\"caption\":\"Pedale acceleratore Jungheinrich 51248538 (Compatibile)\"},{\"@type\":\"BreadcrumbList\",\"@id\":\"https:\\\/\\\/forkommerce.com\\\/it\\\/prodotto\\\/pedale-acceleratore-jungheinrich-51248538-compatibile\\\/#breadcrumb\",\"itemListElement\":[{\"@type\":\"ListItem\",\"position\":1,\"name\":\"Home\",\"item\":\"https:\\\/\\\/forkommerce.com\\\/it\\\/\"},{\"@type\":\"ListItem\",\"position\":2,\"name\":\"Shop\",\"item\":\"https:\\\/\\\/forkommerce.com\\\/it\\\/negozio\\\/\"},{\"@type\":\"ListItem\",\"position\":3,\"name\":\"Pedale acceleratore Jungheinrich 51248538 (Compatibile)\"}]},{\"@type\":\"WebSite\",\"@id\":\"https:\\\/\\\/forkommerce.com\\\/it\\\/#website\",\"url\":\"https:\\\/\\\/forkommerce.com\\\/it\\\/\",\"name\":\"Forkommerce Spare Parts\",\"description\":\"Ricambi originali e compatibili per carrelli elevatori e transpallet\",\"publisher\":{\"@id\":\"https:\\\/\\\/forkommerce.com\\\/it\\\/#organization\"},\"alternateName\":\"Forkommerce Spare Parts\",\"potentialAction\":[{\"@type\":\"SearchAction\",\"target\":{\"@type\":\"EntryPoint\",\"urlTemplate\":\"https:\\\/\\\/forkommerce.com\\\/it\\\/?s={search_term_string}\"},\"query-input\":{\"@type\":\"PropertyValueSpecification\",\"valueRequired\":true,\"valueName\":\"search_term_string\"}}],\"inLanguage\":\"it-IT\"},{\"@type\":\"Organization\",\"@id\":\"https:\\\/\\\/forkommerce.com\\\/it\\\/#organization\",\"name\":\"Forkommerce Spare Parts\",\"url\":\"https:\\\/\\\/forkommerce.com\\\/it\\\/\",\"logo\":{\"@type\":\"ImageObject\",\"inLanguage\":\"it-IT\",\"@id\":\"https:\\\/\\\/forkommerce.com\\\/it\\\/#\\\/schema\\\/logo\\\/image\\\/\",\"url\":\"https:\\\/\\\/forkommerce.com\\\/wp-content\\\/uploads\\\/2025\\\/09\\\/Logo-Forkommercex2.png\",\"contentUrl\":\"https:\\\/\\\/forkommerce.com\\\/wp-content\\\/uploads\\\/2025\\\/09\\\/Logo-Forkommercex2.png\",\"width\":470,\"height\":120,\"caption\":\"Forkommerce Spare Parts\"},\"image\":{\"@id\":\"https:\\\/\\\/forkommerce.com\\\/it\\\/#\\\/schema\\\/logo\\\/image\\\/\"}}]}<\/script>\n<!-- \/ Yoast SEO plugin. -->","yoast_head_json":{"title":"Pedale acceleratore Jungheinrich 51248538 (Compatibile) | Forkommerce Spare Parts","robots":{"index":"index","follow":"follow","max-snippet":"max-snippet:-1","max-image-preview":"max-image-preview:large","max-video-preview":"max-video-preview:-1"},"canonical":"https:\/\/forkommerce.com\/it\/prodotto\/pedale-acceleratore-jungheinrich-51248538-compatibile\/","og_locale":"it_IT","og_type":"article","og_title":"Pedale acceleratore Jungheinrich 51248538 (Compatibile) | Forkommerce Spare Parts","og_description":"Pedale acceleratore Jungheinrich 51248538 (Compatibile)","og_url":"https:\/\/forkommerce.com\/it\/prodotto\/pedale-acceleratore-jungheinrich-51248538-compatibile\/","og_site_name":"Forkommerce Spare Parts","article_modified_time":"2026-03-17T07:18:50+00:00","og_image":[{"width":3024,"height":4032,"url":"https:\/\/forkommerce.com\/wp-content\/uploads\/2025\/12\/Pedale-acceleratore-Jungheinrich-51248538-Compatibile.jpeg","type":"image\/jpeg"}],"twitter_card":"summary_large_image","twitter_misc":{"Tempo di lettura stimato":"2 minuti"},"schema":{"@context":"https:\/\/schema.org","@graph":[{"@type":"WebPage","@id":"https:\/\/forkommerce.com\/it\/prodotto\/pedale-acceleratore-jungheinrich-51248538-compatibile\/","url":"https:\/\/forkommerce.com\/it\/prodotto\/pedale-acceleratore-jungheinrich-51248538-compatibile\/","name":"Pedale acceleratore Jungheinrich 51248538 (Compatibile) | Forkommerce Spare Parts","isPartOf":{"@id":"https:\/\/forkommerce.com\/it\/#website"},"primaryImageOfPage":{"@id":"https:\/\/forkommerce.com\/it\/prodotto\/pedale-acceleratore-jungheinrich-51248538-compatibile\/#primaryimage"},"image":{"@id":"https:\/\/forkommerce.com\/it\/prodotto\/pedale-acceleratore-jungheinrich-51248538-compatibile\/#primaryimage"},"thumbnailUrl":"https:\/\/forkommerce.com\/wp-content\/uploads\/2025\/12\/Pedale-acceleratore-Jungheinrich-51248538-Compatibile.jpeg","datePublished":"2025-12-02T16:16:11+00:00","dateModified":"2026-03-17T07:18:50+00:00","breadcrumb":{"@id":"https:\/\/forkommerce.com\/it\/prodotto\/pedale-acceleratore-jungheinrich-51248538-compatibile\/#breadcrumb"},"inLanguage":"it-IT","potentialAction":[{"@type":"ReadAction","target":["https:\/\/forkommerce.com\/it\/prodotto\/pedale-acceleratore-jungheinrich-51248538-compatibile\/"]}]},{"@type":"ImageObject","inLanguage":"it-IT","@id":"https:\/\/forkommerce.com\/it\/prodotto\/pedale-acceleratore-jungheinrich-51248538-compatibile\/#primaryimage","url":"https:\/\/forkommerce.com\/wp-content\/uploads\/2025\/12\/Pedale-acceleratore-Jungheinrich-51248538-Compatibile.jpeg","contentUrl":"https:\/\/forkommerce.com\/wp-content\/uploads\/2025\/12\/Pedale-acceleratore-Jungheinrich-51248538-Compatibile.jpeg","width":3024,"height":4032,"caption":"Pedale acceleratore Jungheinrich 51248538 (Compatibile)"},{"@type":"BreadcrumbList","@id":"https:\/\/forkommerce.com\/it\/prodotto\/pedale-acceleratore-jungheinrich-51248538-compatibile\/#breadcrumb","itemListElement":[{"@type":"ListItem","position":1,"name":"Home","item":"https:\/\/forkommerce.com\/it\/"},{"@type":"ListItem","position":2,"name":"Shop","item":"https:\/\/forkommerce.com\/it\/negozio\/"},{"@type":"ListItem","position":3,"name":"Pedale acceleratore Jungheinrich 51248538 (Compatibile)"}]},{"@type":"WebSite","@id":"https:\/\/forkommerce.com\/it\/#website","url":"https:\/\/forkommerce.com\/it\/","name":"Forkommerce Spare Parts","description":"Ricambi originali e compatibili per carrelli elevatori e transpallet","publisher":{"@id":"https:\/\/forkommerce.com\/it\/#organization"},"alternateName":"Forkommerce Spare Parts","potentialAction":[{"@type":"SearchAction","target":{"@type":"EntryPoint","urlTemplate":"https:\/\/forkommerce.com\/it\/?s={search_term_string}"},"query-input":{"@type":"PropertyValueSpecification","valueRequired":true,"valueName":"search_term_string"}}],"inLanguage":"it-IT"},{"@type":"Organization","@id":"https:\/\/forkommerce.com\/it\/#organization","name":"Forkommerce Spare Parts","url":"https:\/\/forkommerce.com\/it\/","logo":{"@type":"ImageObject","inLanguage":"it-IT","@id":"https:\/\/forkommerce.com\/it\/#\/schema\/logo\/image\/","url":"https:\/\/forkommerce.com\/wp-content\/uploads\/2025\/09\/Logo-Forkommercex2.png","contentUrl":"https:\/\/forkommerce.com\/wp-content\/uploads\/2025\/09\/Logo-Forkommercex2.png","width":470,"height":120,"caption":"Forkommerce Spare Parts"},"image":{"@id":"https:\/\/forkommerce.com\/it\/#\/schema\/logo\/image\/"}}]}},"_links":{"self":[{"href":"https:\/\/forkommerce.com\/it\/wp-json\/wp\/v2\/product\/1744","targetHints":{"allow":["GET"]}}],"collection":[{"href":"https:\/\/forkommerce.com\/it\/wp-json\/wp\/v2\/product"}],"about":[{"href":"https:\/\/forkommerce.com\/it\/wp-json\/wp\/v2\/types\/product"}],"wp:featuredmedia":[{"embeddable":true,"href":"https:\/\/forkommerce.com\/it\/wp-json\/wp\/v2\/media\/1745"}],"wp:attachment":[{"href":"https:\/\/forkommerce.com\/it\/wp-json\/wp\/v2\/media?parent=1744"}],"wp:term":[{"taxonomy":"product_brand","embeddable":true,"href":"https:\/\/forkommerce.com\/it\/wp-json\/wp\/v2\/product_brand?post=1744"},{"taxonomy":"product_cat","embeddable":true,"href":"https:\/\/forkommerce.com\/it\/wp-json\/wp\/v2\/product_cat?post=1744"},{"taxonomy":"product_tag","embeddable":true,"href":"https:\/\/forkommerce.com\/it\/wp-json\/wp\/v2\/product_tag?post=1744"}],"curies":[{"name":"wp","href":"https:\/\/api.w.org\/{rel}","templated":true}]}}