{"id":2185,"date":"2026-01-19T15:00:49","date_gmt":"2026-01-19T14:00:49","guid":{"rendered":"https:\/\/forkommerce.com\/?post_type=product&#038;p=2185"},"modified":"2026-03-12T09:43:58","modified_gmt":"2026-03-12T08:43:58","slug":"batteria-al-litio-mitsubishi-48v-20ah-compatibile","status":"publish","type":"product","link":"https:\/\/forkommerce.com\/it\/prodotto\/batteria-al-litio-mitsubishi-48v-20ah-compatibile\/","title":{"rendered":"Batteria al litio Mitsubishi 48V-20Ah (Compatibile)"},"content":{"rendered":"<article class=\"text-token-text-primary w-full focus:outline-none [--shadow-height:45px] has-data-writing-block:pointer-events-none has-data-writing-block:-mt-(--shadow-height) has-data-writing-block:pt-(--shadow-height) [&amp;:has([data-writing-block])&gt;*]:pointer-events-auto scroll-mt-(--header-height)\" dir=\"auto\" tabindex=\"-1\" data-turn-id=\"1bf5141e-07c9-4db1-a9f8-fe64a229238e\" data-testid=\"conversation-turn-17\" data-scroll-anchor=\"false\" data-turn=\"user\"><\/article>\n<article class=\"text-token-text-primary w-full focus:outline-none [--shadow-height:45px] has-data-writing-block:pointer-events-none has-data-writing-block:-mt-(--shadow-height) has-data-writing-block:pt-(--shadow-height) [&amp;:has([data-writing-block])&gt;*]:pointer-events-auto scroll-mt-[calc(var(--header-height)+min(200px,max(70px,20svh)))]\" dir=\"auto\" tabindex=\"-1\" data-turn-id=\"request-WEB:5b2bc11c-cc3e-41a4-a87b-daf7641abfdc-8\" data-testid=\"conversation-turn-18\" data-scroll-anchor=\"true\" data-turn=\"assistant\">\n<div class=\"text-base my-auto mx-auto pb-10 [--thread-content-margin:var(--thread-content-margin-xs,calc(var(--spacing)*4))] @w-sm\/main:[--thread-content-margin:var(--thread-content-margin-sm,calc(var(--spacing)*6))] @w-lg\/main:[--thread-content-margin:var(--thread-content-margin-lg,calc(var(--spacing)*16))] px-(--thread-content-margin)\">\n<div class=\"[--thread-content-max-width:40rem] @w-lg\/main:[--thread-content-max-width:48rem] mx-auto max-w-(--thread-content-max-width) flex-1 group\/turn-messages focus-visible:outline-hidden relative flex w-full min-w-0 flex-col agent-turn\" tabindex=\"-1\">\n<div class=\"flex max-w-full flex-col gap-4 grow\">\n<div class=\"min-h-8 text-message relative flex w-full flex-col items-end gap-2 text-start break-words whitespace-normal [.text-message+&amp;]:mt-1\" dir=\"auto\" data-message-author-role=\"assistant\" data-message-id=\"452fe03e-1276-4ec2-a9ba-a2ea82376cd8\" data-message-model-slug=\"gpt-5-3\">\n<div class=\"flex w-full flex-col gap-1 empty:hidden\">\n<div class=\"markdown prose dark:prose-invert w-full wrap-break-word light markdown-new-styling\">\n<p data-start=\"0\" data-end=\"92\"><strong data-start=\"0\" data-end=\"92\">Batteria al Litio Mitsubishi 48V 20Ah \u2013 batteria per transpallet elettrico.<\/strong><\/p>\n<\/div>\n<\/div>\n<\/div>\n<\/div>\n<\/div>\n<\/div>\n<\/article>\n<p data-start=\"94\" data-end=\"491\">La batteria al litio 48V 20Ah compatibile con transpallet Mitsubishi \u00e8 progettata per garantire prestazioni elevate, autonomia affidabile e ricarica rapida nelle operazioni di movimentazione merci.<\/p>\n<p data-start=\"94\" data-end=\"491\">Grazie alla tecnologia agli ioni di litio (Li-Ion \/ LiFePO4) offre maggiore efficienza energetica, peso ridotto e un numero elevato di cicli di ricarica rispetto alle batterie tradizionali.<\/p>\n<p data-start=\"493\" data-end=\"775\">Questa batteria \u00e8 utilizzata su diversi transpallet elettrici compatti con sistema di alimentazione 48V e capacit\u00e0 20Ah, garantendo diverse ore di lavoro continuo e tempi di ricarica ridotti per massimizzare la produttivit\u00e0 nei magazzini.<\/p>\n<h3 data-section-id=\"1sv4o0i\" data-start=\"777\" data-end=\"807\">Caratteristiche principali:<\/h3>\n<p data-start=\"810\" data-end=\"863\">Tipologia: batteria al litio (Li-Ion \/ LiFePO4).<\/p>\n<p data-start=\"866\" data-end=\"895\">Tensione nominale: 48 V.<\/p>\n<p data-start=\"898\" data-end=\"919\">Capacit\u00e0: 20 Ah.<\/p>\n<p data-start=\"922\" data-end=\"997\">Compatibilit\u00e0: transpallet elettrici Mitsubishi e modelli equivalenti.<\/p>\n<p data-start=\"1000\" data-end=\"1051\">Sistema di gestione elettronica BMS integrato.<\/p>\n<p data-start=\"1054\" data-end=\"1108\">Ricarica rapida e ricariche intermedie possibili.<\/p>\n<p data-start=\"1111\" data-end=\"1165\">Peso ridotto rispetto alle batterie tradizionali.<\/p>\n<p data-start=\"1168\" data-end=\"1207\">Elevato numero di cicli di ricarica.<\/p>\n<p><strong>Modelli compatibili: <\/strong>CATERPILLAR \/AMEISE PTE 15.<\/p>\n","protected":false},"excerpt":{"rendered":"<p>Batteria al litio Mitsubishi 48V-20Ah (Compatibile)<\/p>\n<p>&nbsp;<\/p>\n","protected":false},"featured_media":2186,"template":"","meta":[],"product_brand":[101],"product_cat":[57,191,17],"product_tag":[],"class_list":{"0":"post-2185","1":"product","2":"type-product","3":"status-publish","4":"has-post-thumbnail","6":"product_brand-mitsubishi","7":"product_cat-batterie","8":"product_cat-batterie-al-litio","9":"product_cat-compatibili","11":"first","12":"instock","13":"taxable","14":"shipping-taxable","15":"purchasable","16":"product-type-simple"},"yoast_head":"<!-- This site is optimized with the Yoast SEO plugin v27.3 - https:\/\/yoast.com\/product\/yoast-seo-wordpress\/ -->\n<title>Batteria al litio Mitsubishi 48V-20Ah (Compatibile) | Forkommerce Spare Parts<\/title>\n<meta name=\"robots\" content=\"index, follow, max-snippet:-1, max-image-preview:large, max-video-preview:-1\" \/>\n<link rel=\"canonical\" href=\"https:\/\/forkommerce.com\/it\/prodotto\/batteria-al-litio-mitsubishi-48v-20ah-compatibile\/\" \/>\n<meta property=\"og:locale\" content=\"it_IT\" \/>\n<meta property=\"og:type\" content=\"article\" \/>\n<meta property=\"og:title\" content=\"Batteria al litio Mitsubishi 48V-20Ah (Compatibile) | Forkommerce Spare Parts\" \/>\n<meta property=\"og:description\" content=\"Batteria al litio Mitsubishi 48V-20Ah (Compatibile)  &nbsp;\" \/>\n<meta property=\"og:url\" content=\"https:\/\/forkommerce.com\/it\/prodotto\/batteria-al-litio-mitsubishi-48v-20ah-compatibile\/\" \/>\n<meta property=\"og:site_name\" content=\"Forkommerce Spare Parts\" \/>\n<meta property=\"article:modified_time\" content=\"2026-03-12T08:43:58+00:00\" \/>\n<meta property=\"og:image\" content=\"https:\/\/forkommerce.com\/wp-content\/uploads\/2026\/01\/Batteria-al-litio-Mitsubishi-48V-20Ah.jpg\" \/>\n\t<meta property=\"og:image:width\" content=\"378\" \/>\n\t<meta property=\"og:image:height\" content=\"472\" \/>\n\t<meta property=\"og:image:type\" content=\"image\/jpeg\" \/>\n<meta name=\"twitter:card\" content=\"summary_large_image\" \/>\n<meta name=\"twitter:label1\" content=\"Tempo di lettura stimato\" \/>\n\t<meta name=\"twitter:data1\" content=\"2 minuti\" \/>\n<script type=\"application\/ld+json\" class=\"yoast-schema-graph\">{\"@context\":\"https:\\\/\\\/schema.org\",\"@graph\":[{\"@type\":\"WebPage\",\"@id\":\"https:\\\/\\\/forkommerce.com\\\/it\\\/prodotto\\\/batteria-al-litio-mitsubishi-48v-20ah-compatibile\\\/\",\"url\":\"https:\\\/\\\/forkommerce.com\\\/it\\\/prodotto\\\/batteria-al-litio-mitsubishi-48v-20ah-compatibile\\\/\",\"name\":\"Batteria al litio Mitsubishi 48V-20Ah (Compatibile) | Forkommerce Spare Parts\",\"isPartOf\":{\"@id\":\"https:\\\/\\\/forkommerce.com\\\/it\\\/#website\"},\"primaryImageOfPage\":{\"@id\":\"https:\\\/\\\/forkommerce.com\\\/it\\\/prodotto\\\/batteria-al-litio-mitsubishi-48v-20ah-compatibile\\\/#primaryimage\"},\"image\":{\"@id\":\"https:\\\/\\\/forkommerce.com\\\/it\\\/prodotto\\\/batteria-al-litio-mitsubishi-48v-20ah-compatibile\\\/#primaryimage\"},\"thumbnailUrl\":\"https:\\\/\\\/forkommerce.com\\\/wp-content\\\/uploads\\\/2026\\\/01\\\/Batteria-al-litio-Mitsubishi-48V-20Ah.jpg\",\"datePublished\":\"2026-01-19T14:00:49+00:00\",\"dateModified\":\"2026-03-12T08:43:58+00:00\",\"breadcrumb\":{\"@id\":\"https:\\\/\\\/forkommerce.com\\\/it\\\/prodotto\\\/batteria-al-litio-mitsubishi-48v-20ah-compatibile\\\/#breadcrumb\"},\"inLanguage\":\"it-IT\",\"potentialAction\":[{\"@type\":\"ReadAction\",\"target\":[\"https:\\\/\\\/forkommerce.com\\\/it\\\/prodotto\\\/batteria-al-litio-mitsubishi-48v-20ah-compatibile\\\/\"]}]},{\"@type\":\"ImageObject\",\"inLanguage\":\"it-IT\",\"@id\":\"https:\\\/\\\/forkommerce.com\\\/it\\\/prodotto\\\/batteria-al-litio-mitsubishi-48v-20ah-compatibile\\\/#primaryimage\",\"url\":\"https:\\\/\\\/forkommerce.com\\\/wp-content\\\/uploads\\\/2026\\\/01\\\/Batteria-al-litio-Mitsubishi-48V-20Ah.jpg\",\"contentUrl\":\"https:\\\/\\\/forkommerce.com\\\/wp-content\\\/uploads\\\/2026\\\/01\\\/Batteria-al-litio-Mitsubishi-48V-20Ah.jpg\",\"width\":378,\"height\":472,\"caption\":\"Batteria al litio Mitsubishi 48V 20Ah\"},{\"@type\":\"BreadcrumbList\",\"@id\":\"https:\\\/\\\/forkommerce.com\\\/it\\\/prodotto\\\/batteria-al-litio-mitsubishi-48v-20ah-compatibile\\\/#breadcrumb\",\"itemListElement\":[{\"@type\":\"ListItem\",\"position\":1,\"name\":\"Home\",\"item\":\"https:\\\/\\\/forkommerce.com\\\/it\\\/\"},{\"@type\":\"ListItem\",\"position\":2,\"name\":\"Shop\",\"item\":\"https:\\\/\\\/forkommerce.com\\\/it\\\/negozio\\\/\"},{\"@type\":\"ListItem\",\"position\":3,\"name\":\"Batteria al litio Mitsubishi 48V-20Ah (Compatibile)\"}]},{\"@type\":\"WebSite\",\"@id\":\"https:\\\/\\\/forkommerce.com\\\/it\\\/#website\",\"url\":\"https:\\\/\\\/forkommerce.com\\\/it\\\/\",\"name\":\"Forkommerce Spare Parts\",\"description\":\"Ricambi originali e compatibili per carrelli elevatori e transpallet\",\"publisher\":{\"@id\":\"https:\\\/\\\/forkommerce.com\\\/it\\\/#organization\"},\"alternateName\":\"Forkommerce Spare Parts\",\"potentialAction\":[{\"@type\":\"SearchAction\",\"target\":{\"@type\":\"EntryPoint\",\"urlTemplate\":\"https:\\\/\\\/forkommerce.com\\\/it\\\/?s={search_term_string}\"},\"query-input\":{\"@type\":\"PropertyValueSpecification\",\"valueRequired\":true,\"valueName\":\"search_term_string\"}}],\"inLanguage\":\"it-IT\"},{\"@type\":\"Organization\",\"@id\":\"https:\\\/\\\/forkommerce.com\\\/it\\\/#organization\",\"name\":\"Forkommerce Spare Parts\",\"url\":\"https:\\\/\\\/forkommerce.com\\\/it\\\/\",\"logo\":{\"@type\":\"ImageObject\",\"inLanguage\":\"it-IT\",\"@id\":\"https:\\\/\\\/forkommerce.com\\\/it\\\/#\\\/schema\\\/logo\\\/image\\\/\",\"url\":\"https:\\\/\\\/forkommerce.com\\\/wp-content\\\/uploads\\\/2025\\\/09\\\/Logo-Forkommercex2.png\",\"contentUrl\":\"https:\\\/\\\/forkommerce.com\\\/wp-content\\\/uploads\\\/2025\\\/09\\\/Logo-Forkommercex2.png\",\"width\":470,\"height\":120,\"caption\":\"Forkommerce Spare Parts\"},\"image\":{\"@id\":\"https:\\\/\\\/forkommerce.com\\\/it\\\/#\\\/schema\\\/logo\\\/image\\\/\"}}]}<\/script>\n<!-- \/ Yoast SEO plugin. -->","yoast_head_json":{"title":"Batteria al litio Mitsubishi 48V-20Ah (Compatibile) | Forkommerce Spare Parts","robots":{"index":"index","follow":"follow","max-snippet":"max-snippet:-1","max-image-preview":"max-image-preview:large","max-video-preview":"max-video-preview:-1"},"canonical":"https:\/\/forkommerce.com\/it\/prodotto\/batteria-al-litio-mitsubishi-48v-20ah-compatibile\/","og_locale":"it_IT","og_type":"article","og_title":"Batteria al litio Mitsubishi 48V-20Ah (Compatibile) | Forkommerce Spare Parts","og_description":"Batteria al litio Mitsubishi 48V-20Ah (Compatibile)  &nbsp;","og_url":"https:\/\/forkommerce.com\/it\/prodotto\/batteria-al-litio-mitsubishi-48v-20ah-compatibile\/","og_site_name":"Forkommerce Spare Parts","article_modified_time":"2026-03-12T08:43:58+00:00","og_image":[{"width":378,"height":472,"url":"https:\/\/forkommerce.com\/wp-content\/uploads\/2026\/01\/Batteria-al-litio-Mitsubishi-48V-20Ah.jpg","type":"image\/jpeg"}],"twitter_card":"summary_large_image","twitter_misc":{"Tempo di lettura stimato":"2 minuti"},"schema":{"@context":"https:\/\/schema.org","@graph":[{"@type":"WebPage","@id":"https:\/\/forkommerce.com\/it\/prodotto\/batteria-al-litio-mitsubishi-48v-20ah-compatibile\/","url":"https:\/\/forkommerce.com\/it\/prodotto\/batteria-al-litio-mitsubishi-48v-20ah-compatibile\/","name":"Batteria al litio Mitsubishi 48V-20Ah (Compatibile) | Forkommerce Spare Parts","isPartOf":{"@id":"https:\/\/forkommerce.com\/it\/#website"},"primaryImageOfPage":{"@id":"https:\/\/forkommerce.com\/it\/prodotto\/batteria-al-litio-mitsubishi-48v-20ah-compatibile\/#primaryimage"},"image":{"@id":"https:\/\/forkommerce.com\/it\/prodotto\/batteria-al-litio-mitsubishi-48v-20ah-compatibile\/#primaryimage"},"thumbnailUrl":"https:\/\/forkommerce.com\/wp-content\/uploads\/2026\/01\/Batteria-al-litio-Mitsubishi-48V-20Ah.jpg","datePublished":"2026-01-19T14:00:49+00:00","dateModified":"2026-03-12T08:43:58+00:00","breadcrumb":{"@id":"https:\/\/forkommerce.com\/it\/prodotto\/batteria-al-litio-mitsubishi-48v-20ah-compatibile\/#breadcrumb"},"inLanguage":"it-IT","potentialAction":[{"@type":"ReadAction","target":["https:\/\/forkommerce.com\/it\/prodotto\/batteria-al-litio-mitsubishi-48v-20ah-compatibile\/"]}]},{"@type":"ImageObject","inLanguage":"it-IT","@id":"https:\/\/forkommerce.com\/it\/prodotto\/batteria-al-litio-mitsubishi-48v-20ah-compatibile\/#primaryimage","url":"https:\/\/forkommerce.com\/wp-content\/uploads\/2026\/01\/Batteria-al-litio-Mitsubishi-48V-20Ah.jpg","contentUrl":"https:\/\/forkommerce.com\/wp-content\/uploads\/2026\/01\/Batteria-al-litio-Mitsubishi-48V-20Ah.jpg","width":378,"height":472,"caption":"Batteria al litio Mitsubishi 48V 20Ah"},{"@type":"BreadcrumbList","@id":"https:\/\/forkommerce.com\/it\/prodotto\/batteria-al-litio-mitsubishi-48v-20ah-compatibile\/#breadcrumb","itemListElement":[{"@type":"ListItem","position":1,"name":"Home","item":"https:\/\/forkommerce.com\/it\/"},{"@type":"ListItem","position":2,"name":"Shop","item":"https:\/\/forkommerce.com\/it\/negozio\/"},{"@type":"ListItem","position":3,"name":"Batteria al litio Mitsubishi 48V-20Ah (Compatibile)"}]},{"@type":"WebSite","@id":"https:\/\/forkommerce.com\/it\/#website","url":"https:\/\/forkommerce.com\/it\/","name":"Forkommerce Spare Parts","description":"Ricambi originali e compatibili per carrelli elevatori e transpallet","publisher":{"@id":"https:\/\/forkommerce.com\/it\/#organization"},"alternateName":"Forkommerce Spare Parts","potentialAction":[{"@type":"SearchAction","target":{"@type":"EntryPoint","urlTemplate":"https:\/\/forkommerce.com\/it\/?s={search_term_string}"},"query-input":{"@type":"PropertyValueSpecification","valueRequired":true,"valueName":"search_term_string"}}],"inLanguage":"it-IT"},{"@type":"Organization","@id":"https:\/\/forkommerce.com\/it\/#organization","name":"Forkommerce Spare Parts","url":"https:\/\/forkommerce.com\/it\/","logo":{"@type":"ImageObject","inLanguage":"it-IT","@id":"https:\/\/forkommerce.com\/it\/#\/schema\/logo\/image\/","url":"https:\/\/forkommerce.com\/wp-content\/uploads\/2025\/09\/Logo-Forkommercex2.png","contentUrl":"https:\/\/forkommerce.com\/wp-content\/uploads\/2025\/09\/Logo-Forkommercex2.png","width":470,"height":120,"caption":"Forkommerce Spare Parts"},"image":{"@id":"https:\/\/forkommerce.com\/it\/#\/schema\/logo\/image\/"}}]}},"_links":{"self":[{"href":"https:\/\/forkommerce.com\/it\/wp-json\/wp\/v2\/product\/2185","targetHints":{"allow":["GET"]}}],"collection":[{"href":"https:\/\/forkommerce.com\/it\/wp-json\/wp\/v2\/product"}],"about":[{"href":"https:\/\/forkommerce.com\/it\/wp-json\/wp\/v2\/types\/product"}],"wp:featuredmedia":[{"embeddable":true,"href":"https:\/\/forkommerce.com\/it\/wp-json\/wp\/v2\/media\/2186"}],"wp:attachment":[{"href":"https:\/\/forkommerce.com\/it\/wp-json\/wp\/v2\/media?parent=2185"}],"wp:term":[{"taxonomy":"product_brand","embeddable":true,"href":"https:\/\/forkommerce.com\/it\/wp-json\/wp\/v2\/product_brand?post=2185"},{"taxonomy":"product_cat","embeddable":true,"href":"https:\/\/forkommerce.com\/it\/wp-json\/wp\/v2\/product_cat?post=2185"},{"taxonomy":"product_tag","embeddable":true,"href":"https:\/\/forkommerce.com\/it\/wp-json\/wp\/v2\/product_tag?post=2185"}],"curies":[{"name":"wp","href":"https:\/\/api.w.org\/{rel}","templated":true}]}}