{"id":2281,"date":"2026-02-02T15:59:21","date_gmt":"2026-02-02T14:59:21","guid":{"rendered":"https:\/\/forkommerce.com\/?post_type=product&#038;p=2281"},"modified":"2026-03-11T09:39:43","modified_gmt":"2026-03-11T08:39:43","slug":"catena-f2566ks","status":"publish","type":"product","link":"https:\/\/forkommerce.com\/it\/prodotto\/catena-f2566ks\/","title":{"rendered":"Catena F2566KS"},"content":{"rendered":"<p><strong>Catena F2566KS<\/strong><\/p>\n<p>La catena leaf F2566KS \u00e8 una catena industriale progettata per applicazioni di sollevamento e trasmissione di carichi pesanti in ambienti industriali.<\/p>\n<p>Parte della serie F, questa catena \u00e8 realizzata in acciaio ad alta resistenza con piastre e perni temprati, garantendo elevata capacit\u00e0 di carico, stabilit\u00e0 e lunga durata anche in cicli di lavoro intensivi.<\/p>\n<p>La configurazione della catena assicura un funzionamento fluido e riduce l\u2019usura dei componenti, rendendola ideale per carrelli elevatori, montacarichi, piattaforme di sollevamento e macchinari industriali.<\/p>\n<p>Facile da installare e garantito per prestazioni durature.<\/p>\n<h3 data-section-id=\"1sv4o0i\" data-start=\"617\" data-end=\"647\">Caratteristiche principali:<\/h3>\n<p data-start=\"716\" data-end=\"778\">Materiale: acciaio legato temprato, resistente all\u2019usura.<\/p>\n<p data-start=\"781\" data-end=\"854\">Struttura robusta: elevata capacit\u00e0 di carico e stabilit\u00e0 operativa.<\/p>\n<p>Funzione: controllo e sicurezza della bobina di arresto motore.<\/p>\n<p data-start=\"857\" data-end=\"930\">Precisione dimensionale: garantisce movimento fluido e lunga durata.<\/p>\n<p data-start=\"933\" data-end=\"1047\">Applicazioni: carrelli elevatori, montacarichi, piattaforme industriali, sistemi di movimentazione materiali.<\/p>\n<p data-start=\"933\" data-end=\"1047\"><strong>\u00a0Compatibilit\u00e0 con i modelli Linde:<\/strong><\/p>\n<p>Serie H25\/H27\/H30\/H32 \u2013 1313-01<\/p>\n<p>Serie C90\/5, C90\/6, C90\/7, C90\/8 \u2013 318<\/p>\n<p>Serie H12\/H16\/H18\/H20 \u2013 350-01\/02\/03, 351-01\/02\/03\/04\/05<\/p>\n<p>Serie H35\/H40\/H45 \u2013 352-01\/02\/03\/04<\/p>\n<p>Serie H50\/H60\/H70\/H80 \u2013 353-01\/02\/03, 396-01<\/p>\n<p>Serie H100\/H120\/H140\/H150\/H160\/H180 \u2013 359 T2\/T3<\/p>\n<p>Serie H14\/H16\/H18\/H20 \u2013 391-01<\/p>\n<p>Serie H20\/H25 \u2013 392-01<\/p>\n<p>Serie H25\/H30\/H35 \u2013 393-01<\/p>\n<p>Serie H40\/H45\/H50 \u2013 394-01<\/p>\n<p><strong>Ricambio originale Linde per massima affidabilit\u00e0.<\/strong><\/p>\n<p><strong>Adatto a diverse serie di carrelli elevatori.<\/strong><\/p>\n","protected":false},"excerpt":{"rendered":"<p>Catena F2566KS<\/p>\n","protected":false},"featured_media":2431,"template":"","meta":[],"product_brand":[18],"product_cat":[105],"product_tag":[],"class_list":{"0":"post-2281","1":"product","2":"type-product","3":"status-publish","4":"has-post-thumbnail","6":"product_brand-linde","7":"product_cat-catene","9":"first","10":"instock","11":"taxable","12":"shipping-taxable","13":"purchasable","14":"product-type-simple"},"yoast_head":"<!-- This site is optimized with the Yoast SEO plugin v27.3 - https:\/\/yoast.com\/product\/yoast-seo-wordpress\/ -->\n<title>Catena F2566KS | Forkommerce Spare Parts<\/title>\n<meta name=\"robots\" content=\"index, follow, max-snippet:-1, max-image-preview:large, max-video-preview:-1\" \/>\n<link rel=\"canonical\" href=\"https:\/\/forkommerce.com\/it\/prodotto\/catena-f2566ks\/\" \/>\n<meta property=\"og:locale\" content=\"it_IT\" \/>\n<meta property=\"og:type\" content=\"article\" \/>\n<meta property=\"og:title\" content=\"Catena F2566KS | Forkommerce Spare Parts\" \/>\n<meta property=\"og:description\" content=\"Catena F2566KS\" \/>\n<meta property=\"og:url\" content=\"https:\/\/forkommerce.com\/it\/prodotto\/catena-f2566ks\/\" \/>\n<meta property=\"og:site_name\" content=\"Forkommerce Spare Parts\" \/>\n<meta property=\"article:modified_time\" content=\"2026-03-11T08:39:43+00:00\" \/>\n<meta property=\"og:image\" content=\"https:\/\/forkommerce.com\/wp-content\/uploads\/2026\/02\/Catena-F2566KS.jpeg\" \/>\n\t<meta property=\"og:image:width\" content=\"674\" \/>\n\t<meta property=\"og:image:height\" content=\"596\" \/>\n\t<meta property=\"og:image:type\" content=\"image\/jpeg\" \/>\n<meta name=\"twitter:card\" content=\"summary_large_image\" \/>\n<meta name=\"twitter:label1\" content=\"Tempo di lettura stimato\" \/>\n\t<meta name=\"twitter:data1\" content=\"1 minuto\" \/>\n<script type=\"application\/ld+json\" class=\"yoast-schema-graph\">{\"@context\":\"https:\\\/\\\/schema.org\",\"@graph\":[{\"@type\":\"WebPage\",\"@id\":\"https:\\\/\\\/forkommerce.com\\\/it\\\/prodotto\\\/catena-f2566ks\\\/\",\"url\":\"https:\\\/\\\/forkommerce.com\\\/it\\\/prodotto\\\/catena-f2566ks\\\/\",\"name\":\"Catena F2566KS | Forkommerce Spare Parts\",\"isPartOf\":{\"@id\":\"https:\\\/\\\/forkommerce.com\\\/it\\\/#website\"},\"primaryImageOfPage\":{\"@id\":\"https:\\\/\\\/forkommerce.com\\\/it\\\/prodotto\\\/catena-f2566ks\\\/#primaryimage\"},\"image\":{\"@id\":\"https:\\\/\\\/forkommerce.com\\\/it\\\/prodotto\\\/catena-f2566ks\\\/#primaryimage\"},\"thumbnailUrl\":\"https:\\\/\\\/forkommerce.com\\\/wp-content\\\/uploads\\\/2026\\\/02\\\/Catena-F2566KS.jpeg\",\"datePublished\":\"2026-02-02T14:59:21+00:00\",\"dateModified\":\"2026-03-11T08:39:43+00:00\",\"breadcrumb\":{\"@id\":\"https:\\\/\\\/forkommerce.com\\\/it\\\/prodotto\\\/catena-f2566ks\\\/#breadcrumb\"},\"inLanguage\":\"it-IT\",\"potentialAction\":[{\"@type\":\"ReadAction\",\"target\":[\"https:\\\/\\\/forkommerce.com\\\/it\\\/prodotto\\\/catena-f2566ks\\\/\"]}]},{\"@type\":\"ImageObject\",\"inLanguage\":\"it-IT\",\"@id\":\"https:\\\/\\\/forkommerce.com\\\/it\\\/prodotto\\\/catena-f2566ks\\\/#primaryimage\",\"url\":\"https:\\\/\\\/forkommerce.com\\\/wp-content\\\/uploads\\\/2026\\\/02\\\/Catena-F2566KS.jpeg\",\"contentUrl\":\"https:\\\/\\\/forkommerce.com\\\/wp-content\\\/uploads\\\/2026\\\/02\\\/Catena-F2566KS.jpeg\",\"width\":674,\"height\":596,\"caption\":\"Catena F2566KS\"},{\"@type\":\"BreadcrumbList\",\"@id\":\"https:\\\/\\\/forkommerce.com\\\/it\\\/prodotto\\\/catena-f2566ks\\\/#breadcrumb\",\"itemListElement\":[{\"@type\":\"ListItem\",\"position\":1,\"name\":\"Home\",\"item\":\"https:\\\/\\\/forkommerce.com\\\/it\\\/\"},{\"@type\":\"ListItem\",\"position\":2,\"name\":\"Shop\",\"item\":\"https:\\\/\\\/forkommerce.com\\\/it\\\/negozio\\\/\"},{\"@type\":\"ListItem\",\"position\":3,\"name\":\"Catena F2566KS\"}]},{\"@type\":\"WebSite\",\"@id\":\"https:\\\/\\\/forkommerce.com\\\/it\\\/#website\",\"url\":\"https:\\\/\\\/forkommerce.com\\\/it\\\/\",\"name\":\"Forkommerce Spare Parts\",\"description\":\"Ricambi originali e compatibili per carrelli elevatori e transpallet\",\"publisher\":{\"@id\":\"https:\\\/\\\/forkommerce.com\\\/it\\\/#organization\"},\"alternateName\":\"Forkommerce Spare Parts\",\"potentialAction\":[{\"@type\":\"SearchAction\",\"target\":{\"@type\":\"EntryPoint\",\"urlTemplate\":\"https:\\\/\\\/forkommerce.com\\\/it\\\/?s={search_term_string}\"},\"query-input\":{\"@type\":\"PropertyValueSpecification\",\"valueRequired\":true,\"valueName\":\"search_term_string\"}}],\"inLanguage\":\"it-IT\"},{\"@type\":\"Organization\",\"@id\":\"https:\\\/\\\/forkommerce.com\\\/it\\\/#organization\",\"name\":\"Forkommerce Spare Parts\",\"url\":\"https:\\\/\\\/forkommerce.com\\\/it\\\/\",\"logo\":{\"@type\":\"ImageObject\",\"inLanguage\":\"it-IT\",\"@id\":\"https:\\\/\\\/forkommerce.com\\\/it\\\/#\\\/schema\\\/logo\\\/image\\\/\",\"url\":\"https:\\\/\\\/forkommerce.com\\\/wp-content\\\/uploads\\\/2025\\\/09\\\/Logo-Forkommercex2.png\",\"contentUrl\":\"https:\\\/\\\/forkommerce.com\\\/wp-content\\\/uploads\\\/2025\\\/09\\\/Logo-Forkommercex2.png\",\"width\":470,\"height\":120,\"caption\":\"Forkommerce Spare Parts\"},\"image\":{\"@id\":\"https:\\\/\\\/forkommerce.com\\\/it\\\/#\\\/schema\\\/logo\\\/image\\\/\"}}]}<\/script>\n<!-- \/ Yoast SEO plugin. -->","yoast_head_json":{"title":"Catena F2566KS | Forkommerce Spare Parts","robots":{"index":"index","follow":"follow","max-snippet":"max-snippet:-1","max-image-preview":"max-image-preview:large","max-video-preview":"max-video-preview:-1"},"canonical":"https:\/\/forkommerce.com\/it\/prodotto\/catena-f2566ks\/","og_locale":"it_IT","og_type":"article","og_title":"Catena F2566KS | Forkommerce Spare Parts","og_description":"Catena F2566KS","og_url":"https:\/\/forkommerce.com\/it\/prodotto\/catena-f2566ks\/","og_site_name":"Forkommerce Spare Parts","article_modified_time":"2026-03-11T08:39:43+00:00","og_image":[{"width":674,"height":596,"url":"https:\/\/forkommerce.com\/wp-content\/uploads\/2026\/02\/Catena-F2566KS.jpeg","type":"image\/jpeg"}],"twitter_card":"summary_large_image","twitter_misc":{"Tempo di lettura stimato":"1 minuto"},"schema":{"@context":"https:\/\/schema.org","@graph":[{"@type":"WebPage","@id":"https:\/\/forkommerce.com\/it\/prodotto\/catena-f2566ks\/","url":"https:\/\/forkommerce.com\/it\/prodotto\/catena-f2566ks\/","name":"Catena F2566KS | Forkommerce Spare Parts","isPartOf":{"@id":"https:\/\/forkommerce.com\/it\/#website"},"primaryImageOfPage":{"@id":"https:\/\/forkommerce.com\/it\/prodotto\/catena-f2566ks\/#primaryimage"},"image":{"@id":"https:\/\/forkommerce.com\/it\/prodotto\/catena-f2566ks\/#primaryimage"},"thumbnailUrl":"https:\/\/forkommerce.com\/wp-content\/uploads\/2026\/02\/Catena-F2566KS.jpeg","datePublished":"2026-02-02T14:59:21+00:00","dateModified":"2026-03-11T08:39:43+00:00","breadcrumb":{"@id":"https:\/\/forkommerce.com\/it\/prodotto\/catena-f2566ks\/#breadcrumb"},"inLanguage":"it-IT","potentialAction":[{"@type":"ReadAction","target":["https:\/\/forkommerce.com\/it\/prodotto\/catena-f2566ks\/"]}]},{"@type":"ImageObject","inLanguage":"it-IT","@id":"https:\/\/forkommerce.com\/it\/prodotto\/catena-f2566ks\/#primaryimage","url":"https:\/\/forkommerce.com\/wp-content\/uploads\/2026\/02\/Catena-F2566KS.jpeg","contentUrl":"https:\/\/forkommerce.com\/wp-content\/uploads\/2026\/02\/Catena-F2566KS.jpeg","width":674,"height":596,"caption":"Catena F2566KS"},{"@type":"BreadcrumbList","@id":"https:\/\/forkommerce.com\/it\/prodotto\/catena-f2566ks\/#breadcrumb","itemListElement":[{"@type":"ListItem","position":1,"name":"Home","item":"https:\/\/forkommerce.com\/it\/"},{"@type":"ListItem","position":2,"name":"Shop","item":"https:\/\/forkommerce.com\/it\/negozio\/"},{"@type":"ListItem","position":3,"name":"Catena F2566KS"}]},{"@type":"WebSite","@id":"https:\/\/forkommerce.com\/it\/#website","url":"https:\/\/forkommerce.com\/it\/","name":"Forkommerce Spare Parts","description":"Ricambi originali e compatibili per carrelli elevatori e transpallet","publisher":{"@id":"https:\/\/forkommerce.com\/it\/#organization"},"alternateName":"Forkommerce Spare Parts","potentialAction":[{"@type":"SearchAction","target":{"@type":"EntryPoint","urlTemplate":"https:\/\/forkommerce.com\/it\/?s={search_term_string}"},"query-input":{"@type":"PropertyValueSpecification","valueRequired":true,"valueName":"search_term_string"}}],"inLanguage":"it-IT"},{"@type":"Organization","@id":"https:\/\/forkommerce.com\/it\/#organization","name":"Forkommerce Spare Parts","url":"https:\/\/forkommerce.com\/it\/","logo":{"@type":"ImageObject","inLanguage":"it-IT","@id":"https:\/\/forkommerce.com\/it\/#\/schema\/logo\/image\/","url":"https:\/\/forkommerce.com\/wp-content\/uploads\/2025\/09\/Logo-Forkommercex2.png","contentUrl":"https:\/\/forkommerce.com\/wp-content\/uploads\/2025\/09\/Logo-Forkommercex2.png","width":470,"height":120,"caption":"Forkommerce Spare Parts"},"image":{"@id":"https:\/\/forkommerce.com\/it\/#\/schema\/logo\/image\/"}}]}},"_links":{"self":[{"href":"https:\/\/forkommerce.com\/it\/wp-json\/wp\/v2\/product\/2281","targetHints":{"allow":["GET"]}}],"collection":[{"href":"https:\/\/forkommerce.com\/it\/wp-json\/wp\/v2\/product"}],"about":[{"href":"https:\/\/forkommerce.com\/it\/wp-json\/wp\/v2\/types\/product"}],"wp:featuredmedia":[{"embeddable":true,"href":"https:\/\/forkommerce.com\/it\/wp-json\/wp\/v2\/media\/2431"}],"wp:attachment":[{"href":"https:\/\/forkommerce.com\/it\/wp-json\/wp\/v2\/media?parent=2281"}],"wp:term":[{"taxonomy":"product_brand","embeddable":true,"href":"https:\/\/forkommerce.com\/it\/wp-json\/wp\/v2\/product_brand?post=2281"},{"taxonomy":"product_cat","embeddable":true,"href":"https:\/\/forkommerce.com\/it\/wp-json\/wp\/v2\/product_cat?post=2281"},{"taxonomy":"product_tag","embeddable":true,"href":"https:\/\/forkommerce.com\/it\/wp-json\/wp\/v2\/product_tag?post=2281"}],"curies":[{"name":"wp","href":"https:\/\/api.w.org\/{rel}","templated":true}]}}