{"id":2324,"date":"2026-02-03T11:21:47","date_gmt":"2026-02-03T10:21:47","guid":{"rendered":"https:\/\/forkommerce.com\/?post_type=product&#038;p=2324"},"modified":"2026-03-10T09:13:11","modified_gmt":"2026-03-10T08:13:11","slug":"perno-con-coppiglie-bl544","status":"publish","type":"product","link":"https:\/\/forkommerce.com\/it\/prodotto\/perno-con-coppiglie-bl544\/","title":{"rendered":"Perno con coppiglie BL544"},"content":{"rendered":"<p><strong>Perno con coppiglie BL544<\/strong><\/p>\n<p>Perno di giunzione in acciaio ad alta resistenza progettato per l\u2019utilizzo con catene a piastre BL544 (ANSI\/ISO) con passo 5\/8\u2033 e lacing 4\u00d74.<\/p>\n<p data-start=\"321\" data-end=\"551\">Questo perno consente di unire e bloccare le maglie della catena o altri elementi di collegamento garantendo stabilit\u00e0 strutturale, elevata resistenza alla trazione e sicurezza operativa, anche in condizioni di lavoro gravose.<\/p>\n<p data-start=\"553\" data-end=\"881\">Realizzato in acciaio ad alta resistenza, \u00e8 dotato di foro passante per l\u2019inserimento della coppiglia di sicurezza, che impedisce lo sfilamento accidentale del perno durante il funzionamento.<\/p>\n<p data-start=\"553\" data-end=\"881\">La precisione della lavorazione e la qualit\u00e0 del materiale assicurano affidabilit\u00e0, lunga durata e facilit\u00e0 di manutenzione.<\/p>\n<p data-start=\"883\" data-end=\"1059\">\u00c8 particolarmente indicato come ricambio per catene industriali serie BL, impiegate in impianti di sollevamento, macchine industriali e sistemi di movimentazione materiali.<\/p>\n<p data-start=\"883\" data-end=\"1059\">Garantisce connessioni sicure e smontabili nei collegamenti di catena, ideale per manutenzioni.<\/p>\n<h4 data-section-id=\"1ti5jzm\" data-start=\"1066\" data-end=\"1094\">Caratteristiche principali<\/h4>\n<p data-start=\"1207\" data-end=\"1246\">Materiale: acciaio ad alta resistenza<\/p>\n<p data-start=\"1249\" data-end=\"1295\">Sistema di fissaggio: con foro predisposto per fissaggio con coppiglia metallica (<em>split cotter pin<\/em>) inclusa o scelta separata.<\/p>\n<p data-start=\"1298\" data-end=\"1344\">Elevata resistenza alla trazione e all\u2019usura.<\/p>\n<p data-start=\"1347\" data-end=\"1394\">Ideale per manutenzione e ricambi industriali.<\/p>\n<p data-start=\"1397\" data-end=\"1448\">Adatto per sistemi di sollevamento e movimentazione.<\/p>\n","protected":false},"excerpt":{"rendered":"<p><strong>Perno con coppiglie BL544<\/strong><\/p>\n","protected":false},"featured_media":2370,"template":"","meta":[],"product_brand":[],"product_cat":[203],"product_tag":[],"class_list":{"0":"post-2324","1":"product","2":"type-product","3":"status-publish","4":"has-post-thumbnail","6":"product_cat-perno","8":"first","9":"instock","10":"taxable","11":"shipping-taxable","12":"purchasable","13":"product-type-simple"},"yoast_head":"<!-- This site is optimized with the Yoast SEO plugin v27.3 - https:\/\/yoast.com\/product\/yoast-seo-wordpress\/ -->\n<title>Perno con coppiglie BL544 | Forkommerce Spare Parts<\/title>\n<meta name=\"robots\" content=\"index, follow, max-snippet:-1, max-image-preview:large, max-video-preview:-1\" \/>\n<link rel=\"canonical\" href=\"https:\/\/forkommerce.com\/it\/prodotto\/perno-con-coppiglie-bl544\/\" \/>\n<meta property=\"og:locale\" content=\"it_IT\" \/>\n<meta property=\"og:type\" content=\"article\" \/>\n<meta property=\"og:title\" content=\"Perno con coppiglie BL544 | Forkommerce Spare Parts\" \/>\n<meta property=\"og:description\" content=\"Perno con coppiglie BL544\" \/>\n<meta property=\"og:url\" content=\"https:\/\/forkommerce.com\/it\/prodotto\/perno-con-coppiglie-bl544\/\" \/>\n<meta property=\"og:site_name\" content=\"Forkommerce Spare Parts\" \/>\n<meta property=\"article:modified_time\" content=\"2026-03-10T08:13:11+00:00\" \/>\n<meta property=\"og:image\" content=\"https:\/\/forkommerce.com\/wp-content\/uploads\/2026\/02\/Perno-con-coppiglie-BL544-.jpeg\" \/>\n\t<meta property=\"og:image:width\" content=\"333\" \/>\n\t<meta property=\"og:image:height\" content=\"421\" \/>\n\t<meta property=\"og:image:type\" content=\"image\/jpeg\" \/>\n<meta name=\"twitter:card\" content=\"summary_large_image\" \/>\n<meta name=\"twitter:label1\" content=\"Tempo di lettura stimato\" \/>\n\t<meta name=\"twitter:data1\" content=\"2 minuti\" \/>\n<script type=\"application\/ld+json\" class=\"yoast-schema-graph\">{\"@context\":\"https:\\\/\\\/schema.org\",\"@graph\":[{\"@type\":\"WebPage\",\"@id\":\"https:\\\/\\\/forkommerce.com\\\/it\\\/prodotto\\\/perno-con-coppiglie-bl544\\\/\",\"url\":\"https:\\\/\\\/forkommerce.com\\\/it\\\/prodotto\\\/perno-con-coppiglie-bl544\\\/\",\"name\":\"Perno con coppiglie BL544 | Forkommerce Spare Parts\",\"isPartOf\":{\"@id\":\"https:\\\/\\\/forkommerce.com\\\/it\\\/#website\"},\"primaryImageOfPage\":{\"@id\":\"https:\\\/\\\/forkommerce.com\\\/it\\\/prodotto\\\/perno-con-coppiglie-bl544\\\/#primaryimage\"},\"image\":{\"@id\":\"https:\\\/\\\/forkommerce.com\\\/it\\\/prodotto\\\/perno-con-coppiglie-bl544\\\/#primaryimage\"},\"thumbnailUrl\":\"https:\\\/\\\/forkommerce.com\\\/wp-content\\\/uploads\\\/2026\\\/02\\\/Perno-con-coppiglie-BL544-.jpeg\",\"datePublished\":\"2026-02-03T10:21:47+00:00\",\"dateModified\":\"2026-03-10T08:13:11+00:00\",\"breadcrumb\":{\"@id\":\"https:\\\/\\\/forkommerce.com\\\/it\\\/prodotto\\\/perno-con-coppiglie-bl544\\\/#breadcrumb\"},\"inLanguage\":\"it-IT\",\"potentialAction\":[{\"@type\":\"ReadAction\",\"target\":[\"https:\\\/\\\/forkommerce.com\\\/it\\\/prodotto\\\/perno-con-coppiglie-bl544\\\/\"]}]},{\"@type\":\"ImageObject\",\"inLanguage\":\"it-IT\",\"@id\":\"https:\\\/\\\/forkommerce.com\\\/it\\\/prodotto\\\/perno-con-coppiglie-bl544\\\/#primaryimage\",\"url\":\"https:\\\/\\\/forkommerce.com\\\/wp-content\\\/uploads\\\/2026\\\/02\\\/Perno-con-coppiglie-BL544-.jpeg\",\"contentUrl\":\"https:\\\/\\\/forkommerce.com\\\/wp-content\\\/uploads\\\/2026\\\/02\\\/Perno-con-coppiglie-BL544-.jpeg\",\"width\":333,\"height\":421,\"caption\":\"Perno con coppiglie BL544\"},{\"@type\":\"BreadcrumbList\",\"@id\":\"https:\\\/\\\/forkommerce.com\\\/it\\\/prodotto\\\/perno-con-coppiglie-bl544\\\/#breadcrumb\",\"itemListElement\":[{\"@type\":\"ListItem\",\"position\":1,\"name\":\"Home\",\"item\":\"https:\\\/\\\/forkommerce.com\\\/it\\\/\"},{\"@type\":\"ListItem\",\"position\":2,\"name\":\"Shop\",\"item\":\"https:\\\/\\\/forkommerce.com\\\/it\\\/negozio\\\/\"},{\"@type\":\"ListItem\",\"position\":3,\"name\":\"Perno con coppiglie BL544\"}]},{\"@type\":\"WebSite\",\"@id\":\"https:\\\/\\\/forkommerce.com\\\/it\\\/#website\",\"url\":\"https:\\\/\\\/forkommerce.com\\\/it\\\/\",\"name\":\"Forkommerce Spare Parts\",\"description\":\"Ricambi originali e compatibili per carrelli elevatori e transpallet\",\"publisher\":{\"@id\":\"https:\\\/\\\/forkommerce.com\\\/it\\\/#organization\"},\"alternateName\":\"Forkommerce Spare Parts\",\"potentialAction\":[{\"@type\":\"SearchAction\",\"target\":{\"@type\":\"EntryPoint\",\"urlTemplate\":\"https:\\\/\\\/forkommerce.com\\\/it\\\/?s={search_term_string}\"},\"query-input\":{\"@type\":\"PropertyValueSpecification\",\"valueRequired\":true,\"valueName\":\"search_term_string\"}}],\"inLanguage\":\"it-IT\"},{\"@type\":\"Organization\",\"@id\":\"https:\\\/\\\/forkommerce.com\\\/it\\\/#organization\",\"name\":\"Forkommerce Spare Parts\",\"url\":\"https:\\\/\\\/forkommerce.com\\\/it\\\/\",\"logo\":{\"@type\":\"ImageObject\",\"inLanguage\":\"it-IT\",\"@id\":\"https:\\\/\\\/forkommerce.com\\\/it\\\/#\\\/schema\\\/logo\\\/image\\\/\",\"url\":\"https:\\\/\\\/forkommerce.com\\\/wp-content\\\/uploads\\\/2025\\\/09\\\/Logo-Forkommercex2.png\",\"contentUrl\":\"https:\\\/\\\/forkommerce.com\\\/wp-content\\\/uploads\\\/2025\\\/09\\\/Logo-Forkommercex2.png\",\"width\":470,\"height\":120,\"caption\":\"Forkommerce Spare Parts\"},\"image\":{\"@id\":\"https:\\\/\\\/forkommerce.com\\\/it\\\/#\\\/schema\\\/logo\\\/image\\\/\"}}]}<\/script>\n<!-- \/ Yoast SEO plugin. -->","yoast_head_json":{"title":"Perno con coppiglie BL544 | Forkommerce Spare Parts","robots":{"index":"index","follow":"follow","max-snippet":"max-snippet:-1","max-image-preview":"max-image-preview:large","max-video-preview":"max-video-preview:-1"},"canonical":"https:\/\/forkommerce.com\/it\/prodotto\/perno-con-coppiglie-bl544\/","og_locale":"it_IT","og_type":"article","og_title":"Perno con coppiglie BL544 | Forkommerce Spare Parts","og_description":"Perno con coppiglie BL544","og_url":"https:\/\/forkommerce.com\/it\/prodotto\/perno-con-coppiglie-bl544\/","og_site_name":"Forkommerce Spare Parts","article_modified_time":"2026-03-10T08:13:11+00:00","og_image":[{"width":333,"height":421,"url":"https:\/\/forkommerce.com\/wp-content\/uploads\/2026\/02\/Perno-con-coppiglie-BL544-.jpeg","type":"image\/jpeg"}],"twitter_card":"summary_large_image","twitter_misc":{"Tempo di lettura stimato":"2 minuti"},"schema":{"@context":"https:\/\/schema.org","@graph":[{"@type":"WebPage","@id":"https:\/\/forkommerce.com\/it\/prodotto\/perno-con-coppiglie-bl544\/","url":"https:\/\/forkommerce.com\/it\/prodotto\/perno-con-coppiglie-bl544\/","name":"Perno con coppiglie BL544 | Forkommerce Spare Parts","isPartOf":{"@id":"https:\/\/forkommerce.com\/it\/#website"},"primaryImageOfPage":{"@id":"https:\/\/forkommerce.com\/it\/prodotto\/perno-con-coppiglie-bl544\/#primaryimage"},"image":{"@id":"https:\/\/forkommerce.com\/it\/prodotto\/perno-con-coppiglie-bl544\/#primaryimage"},"thumbnailUrl":"https:\/\/forkommerce.com\/wp-content\/uploads\/2026\/02\/Perno-con-coppiglie-BL544-.jpeg","datePublished":"2026-02-03T10:21:47+00:00","dateModified":"2026-03-10T08:13:11+00:00","breadcrumb":{"@id":"https:\/\/forkommerce.com\/it\/prodotto\/perno-con-coppiglie-bl544\/#breadcrumb"},"inLanguage":"it-IT","potentialAction":[{"@type":"ReadAction","target":["https:\/\/forkommerce.com\/it\/prodotto\/perno-con-coppiglie-bl544\/"]}]},{"@type":"ImageObject","inLanguage":"it-IT","@id":"https:\/\/forkommerce.com\/it\/prodotto\/perno-con-coppiglie-bl544\/#primaryimage","url":"https:\/\/forkommerce.com\/wp-content\/uploads\/2026\/02\/Perno-con-coppiglie-BL544-.jpeg","contentUrl":"https:\/\/forkommerce.com\/wp-content\/uploads\/2026\/02\/Perno-con-coppiglie-BL544-.jpeg","width":333,"height":421,"caption":"Perno con coppiglie BL544"},{"@type":"BreadcrumbList","@id":"https:\/\/forkommerce.com\/it\/prodotto\/perno-con-coppiglie-bl544\/#breadcrumb","itemListElement":[{"@type":"ListItem","position":1,"name":"Home","item":"https:\/\/forkommerce.com\/it\/"},{"@type":"ListItem","position":2,"name":"Shop","item":"https:\/\/forkommerce.com\/it\/negozio\/"},{"@type":"ListItem","position":3,"name":"Perno con coppiglie BL544"}]},{"@type":"WebSite","@id":"https:\/\/forkommerce.com\/it\/#website","url":"https:\/\/forkommerce.com\/it\/","name":"Forkommerce Spare Parts","description":"Ricambi originali e compatibili per carrelli elevatori e transpallet","publisher":{"@id":"https:\/\/forkommerce.com\/it\/#organization"},"alternateName":"Forkommerce Spare Parts","potentialAction":[{"@type":"SearchAction","target":{"@type":"EntryPoint","urlTemplate":"https:\/\/forkommerce.com\/it\/?s={search_term_string}"},"query-input":{"@type":"PropertyValueSpecification","valueRequired":true,"valueName":"search_term_string"}}],"inLanguage":"it-IT"},{"@type":"Organization","@id":"https:\/\/forkommerce.com\/it\/#organization","name":"Forkommerce Spare Parts","url":"https:\/\/forkommerce.com\/it\/","logo":{"@type":"ImageObject","inLanguage":"it-IT","@id":"https:\/\/forkommerce.com\/it\/#\/schema\/logo\/image\/","url":"https:\/\/forkommerce.com\/wp-content\/uploads\/2025\/09\/Logo-Forkommercex2.png","contentUrl":"https:\/\/forkommerce.com\/wp-content\/uploads\/2025\/09\/Logo-Forkommercex2.png","width":470,"height":120,"caption":"Forkommerce Spare Parts"},"image":{"@id":"https:\/\/forkommerce.com\/it\/#\/schema\/logo\/image\/"}}]}},"_links":{"self":[{"href":"https:\/\/forkommerce.com\/it\/wp-json\/wp\/v2\/product\/2324","targetHints":{"allow":["GET"]}}],"collection":[{"href":"https:\/\/forkommerce.com\/it\/wp-json\/wp\/v2\/product"}],"about":[{"href":"https:\/\/forkommerce.com\/it\/wp-json\/wp\/v2\/types\/product"}],"wp:featuredmedia":[{"embeddable":true,"href":"https:\/\/forkommerce.com\/it\/wp-json\/wp\/v2\/media\/2370"}],"wp:attachment":[{"href":"https:\/\/forkommerce.com\/it\/wp-json\/wp\/v2\/media?parent=2324"}],"wp:term":[{"taxonomy":"product_brand","embeddable":true,"href":"https:\/\/forkommerce.com\/it\/wp-json\/wp\/v2\/product_brand?post=2324"},{"taxonomy":"product_cat","embeddable":true,"href":"https:\/\/forkommerce.com\/it\/wp-json\/wp\/v2\/product_cat?post=2324"},{"taxonomy":"product_tag","embeddable":true,"href":"https:\/\/forkommerce.com\/it\/wp-json\/wp\/v2\/product_tag?post=2324"}],"curies":[{"name":"wp","href":"https:\/\/api.w.org\/{rel}","templated":true}]}}