{"id":2482,"date":"2026-02-09T12:15:39","date_gmt":"2026-02-09T11:15:39","guid":{"rendered":"https:\/\/forkommerce.com\/?post_type=product&#038;p=2482"},"modified":"2026-03-09T11:47:55","modified_gmt":"2026-03-09T10:47:55","slug":"ruota-motrice-vulkollan-230x70-80mm-jungheinrich-63210590-compatibile","status":"publish","type":"product","link":"https:\/\/forkommerce.com\/it\/prodotto\/ruota-motrice-vulkollan-230x70-80mm-jungheinrich-63210590-compatibile\/","title":{"rendered":"Ruota motrice Vulkollan 230&#215;70\/80mm Jungheinrich 63210590 (Compatibile)"},"content":{"rendered":"<p data-start=\"241\" data-end=\"518\">Ruota di trazione al quarzo antiscivolo, utilizzata nei transpallet elettrici a timone.<\/p>\n<p data-start=\"241\" data-end=\"518\">Realizzata in Vulkollan ad alta resistenza, questa ruota offre un\u2019eccellente combinazione di rigidit\u00e0 e flessibilit\u00e0, assicurando ottima trazione, scorrimento fluido e stabilit\u00e0 anche con carichi pesanti.<\/p>\n<p data-start=\"241\" data-end=\"518\">Drive wheel quartz (non slip).\u00a0 Jungheinrich (codice originale 63210590).<\/p>\n<p data-start=\"241\" data-end=\"518\">Progettata per garantire massima efficienza, durata e sicurezza durante la movimentazione industriale, \u00e8 ideale come ricambio originale o sostituzione equivalente.<\/p>\n<p>\u00a0Grazie alla speciale mescola del battistrada con aggiunta di quarzo, la ruota non scivola e non slitta facilmente come il Vulkollan o il poliuretano standard.<\/p>\n<p>Perfetta per magazzini, centri logistici e ambienti industriali, riduce l\u2019usura delle superfici e dei componenti del carrello, prolungandone la vita operativa.<\/p>\n<h3 data-section-id=\"1sv4o0i\" data-start=\"164\" data-end=\"194\">Caratteristiche principali:<\/h3>\n<p data-start=\"198\" data-end=\"291\">Ruota motrice compatibile con carrelli elevatori Jungheinrich (cod. originale 63210590).<\/p>\n<p data-start=\"294\" data-end=\"368\">Realizzata in vulkollan ad alta resistenza all\u2019usura e all\u2019abrasione.<\/p>\n<p data-start=\"371\" data-end=\"441\">Garantisce una migliore aderenza al suolo, \u00e8 non marcante (non lascia tracce).<\/p>\n<p data-start=\"371\" data-end=\"441\">Scorrimento fluido e silenzioso, anche con carichi pesanti.<\/p>\n<p data-start=\"511\" data-end=\"564\">Ideale come sostituzione del ricambio originale.<\/p>\n<p data-start=\"567\" data-end=\"611\">Adatta per uso industriale e magazzini.<\/p>\n<p data-start=\"614\" data-end=\"669\">Alta durata e riduzione dei costi di manutenzione.<\/p>\n","protected":false},"excerpt":{"rendered":"<p>Ruota motrice Vulkollan 230&#215;70-80mm Jungheinrich 63210590 (Compatibile)<\/p>\n","protected":false},"featured_media":2483,"template":"","meta":[],"product_brand":[103],"product_cat":[17,60],"product_tag":[],"class_list":{"0":"post-2482","1":"product","2":"type-product","3":"status-publish","4":"has-post-thumbnail","6":"product_brand-jungheinrich","7":"product_cat-compatibili","8":"product_cat-rulli-e-ruote","10":"first","11":"instock","12":"taxable","13":"shipping-taxable","14":"purchasable","15":"product-type-simple"},"yoast_head":"<!-- This site is optimized with the Yoast SEO plugin v27.3 - https:\/\/yoast.com\/product\/yoast-seo-wordpress\/ -->\n<title>Ruota motrice Vulkollan 230x70\/80mm Jungheinrich 63210590 (Compatibile) | Forkommerce Spare Parts<\/title>\n<meta name=\"robots\" content=\"index, follow, max-snippet:-1, max-image-preview:large, max-video-preview:-1\" \/>\n<link rel=\"canonical\" href=\"https:\/\/forkommerce.com\/it\/prodotto\/ruota-motrice-vulkollan-230x70-80mm-jungheinrich-63210590-compatibile\/\" \/>\n<meta property=\"og:locale\" content=\"it_IT\" \/>\n<meta property=\"og:type\" content=\"article\" \/>\n<meta property=\"og:title\" content=\"Ruota motrice Vulkollan 230x70\/80mm Jungheinrich 63210590 (Compatibile) | Forkommerce Spare Parts\" \/>\n<meta property=\"og:description\" content=\"Ruota motrice Vulkollan 230x70-80mm Jungheinrich 63210590 (Compatibile)\" \/>\n<meta property=\"og:url\" content=\"https:\/\/forkommerce.com\/it\/prodotto\/ruota-motrice-vulkollan-230x70-80mm-jungheinrich-63210590-compatibile\/\" \/>\n<meta property=\"og:site_name\" content=\"Forkommerce Spare Parts\" \/>\n<meta property=\"article:modified_time\" content=\"2026-03-09T10:47:55+00:00\" \/>\n<meta property=\"og:image\" content=\"https:\/\/forkommerce.com\/wp-content\/uploads\/2026\/02\/Ruota-motrice-Vulkollan-230x70-80mm-Jungheinrich-63210590-Compatibile.jpeg\" \/>\n\t<meta property=\"og:image:width\" content=\"504\" \/>\n\t<meta property=\"og:image:height\" content=\"598\" \/>\n\t<meta property=\"og:image:type\" content=\"image\/jpeg\" \/>\n<meta name=\"twitter:card\" content=\"summary_large_image\" \/>\n<meta name=\"twitter:label1\" content=\"Tempo di lettura stimato\" \/>\n\t<meta name=\"twitter:data1\" content=\"2 minuti\" \/>\n<script type=\"application\/ld+json\" class=\"yoast-schema-graph\">{\"@context\":\"https:\\\/\\\/schema.org\",\"@graph\":[{\"@type\":\"WebPage\",\"@id\":\"https:\\\/\\\/forkommerce.com\\\/it\\\/prodotto\\\/ruota-motrice-vulkollan-230x70-80mm-jungheinrich-63210590-compatibile\\\/\",\"url\":\"https:\\\/\\\/forkommerce.com\\\/it\\\/prodotto\\\/ruota-motrice-vulkollan-230x70-80mm-jungheinrich-63210590-compatibile\\\/\",\"name\":\"Ruota motrice Vulkollan 230x70\\\/80mm Jungheinrich 63210590 (Compatibile) | Forkommerce Spare Parts\",\"isPartOf\":{\"@id\":\"https:\\\/\\\/forkommerce.com\\\/it\\\/#website\"},\"primaryImageOfPage\":{\"@id\":\"https:\\\/\\\/forkommerce.com\\\/it\\\/prodotto\\\/ruota-motrice-vulkollan-230x70-80mm-jungheinrich-63210590-compatibile\\\/#primaryimage\"},\"image\":{\"@id\":\"https:\\\/\\\/forkommerce.com\\\/it\\\/prodotto\\\/ruota-motrice-vulkollan-230x70-80mm-jungheinrich-63210590-compatibile\\\/#primaryimage\"},\"thumbnailUrl\":\"https:\\\/\\\/forkommerce.com\\\/wp-content\\\/uploads\\\/2026\\\/02\\\/Ruota-motrice-Vulkollan-230x70-80mm-Jungheinrich-63210590-Compatibile.jpeg\",\"datePublished\":\"2026-02-09T11:15:39+00:00\",\"dateModified\":\"2026-03-09T10:47:55+00:00\",\"breadcrumb\":{\"@id\":\"https:\\\/\\\/forkommerce.com\\\/it\\\/prodotto\\\/ruota-motrice-vulkollan-230x70-80mm-jungheinrich-63210590-compatibile\\\/#breadcrumb\"},\"inLanguage\":\"it-IT\",\"potentialAction\":[{\"@type\":\"ReadAction\",\"target\":[\"https:\\\/\\\/forkommerce.com\\\/it\\\/prodotto\\\/ruota-motrice-vulkollan-230x70-80mm-jungheinrich-63210590-compatibile\\\/\"]}]},{\"@type\":\"ImageObject\",\"inLanguage\":\"it-IT\",\"@id\":\"https:\\\/\\\/forkommerce.com\\\/it\\\/prodotto\\\/ruota-motrice-vulkollan-230x70-80mm-jungheinrich-63210590-compatibile\\\/#primaryimage\",\"url\":\"https:\\\/\\\/forkommerce.com\\\/wp-content\\\/uploads\\\/2026\\\/02\\\/Ruota-motrice-Vulkollan-230x70-80mm-Jungheinrich-63210590-Compatibile.jpeg\",\"contentUrl\":\"https:\\\/\\\/forkommerce.com\\\/wp-content\\\/uploads\\\/2026\\\/02\\\/Ruota-motrice-Vulkollan-230x70-80mm-Jungheinrich-63210590-Compatibile.jpeg\",\"width\":504,\"height\":598,\"caption\":\"Ruota motrice Vulkollan 230x70 80mm Jungheinrich 63210590 (Compatibile)\"},{\"@type\":\"BreadcrumbList\",\"@id\":\"https:\\\/\\\/forkommerce.com\\\/it\\\/prodotto\\\/ruota-motrice-vulkollan-230x70-80mm-jungheinrich-63210590-compatibile\\\/#breadcrumb\",\"itemListElement\":[{\"@type\":\"ListItem\",\"position\":1,\"name\":\"Home\",\"item\":\"https:\\\/\\\/forkommerce.com\\\/it\\\/\"},{\"@type\":\"ListItem\",\"position\":2,\"name\":\"Shop\",\"item\":\"https:\\\/\\\/forkommerce.com\\\/it\\\/negozio\\\/\"},{\"@type\":\"ListItem\",\"position\":3,\"name\":\"Ruota motrice Vulkollan 230&#215;70\\\/80mm Jungheinrich 63210590 (Compatibile)\"}]},{\"@type\":\"WebSite\",\"@id\":\"https:\\\/\\\/forkommerce.com\\\/it\\\/#website\",\"url\":\"https:\\\/\\\/forkommerce.com\\\/it\\\/\",\"name\":\"Forkommerce Spare Parts\",\"description\":\"Ricambi originali e compatibili per carrelli elevatori e transpallet\",\"publisher\":{\"@id\":\"https:\\\/\\\/forkommerce.com\\\/it\\\/#organization\"},\"alternateName\":\"Forkommerce Spare Parts\",\"potentialAction\":[{\"@type\":\"SearchAction\",\"target\":{\"@type\":\"EntryPoint\",\"urlTemplate\":\"https:\\\/\\\/forkommerce.com\\\/it\\\/?s={search_term_string}\"},\"query-input\":{\"@type\":\"PropertyValueSpecification\",\"valueRequired\":true,\"valueName\":\"search_term_string\"}}],\"inLanguage\":\"it-IT\"},{\"@type\":\"Organization\",\"@id\":\"https:\\\/\\\/forkommerce.com\\\/it\\\/#organization\",\"name\":\"Forkommerce Spare Parts\",\"url\":\"https:\\\/\\\/forkommerce.com\\\/it\\\/\",\"logo\":{\"@type\":\"ImageObject\",\"inLanguage\":\"it-IT\",\"@id\":\"https:\\\/\\\/forkommerce.com\\\/it\\\/#\\\/schema\\\/logo\\\/image\\\/\",\"url\":\"https:\\\/\\\/forkommerce.com\\\/wp-content\\\/uploads\\\/2025\\\/09\\\/Logo-Forkommercex2.png\",\"contentUrl\":\"https:\\\/\\\/forkommerce.com\\\/wp-content\\\/uploads\\\/2025\\\/09\\\/Logo-Forkommercex2.png\",\"width\":470,\"height\":120,\"caption\":\"Forkommerce Spare Parts\"},\"image\":{\"@id\":\"https:\\\/\\\/forkommerce.com\\\/it\\\/#\\\/schema\\\/logo\\\/image\\\/\"}}]}<\/script>\n<!-- \/ Yoast SEO plugin. -->","yoast_head_json":{"title":"Ruota motrice Vulkollan 230x70\/80mm Jungheinrich 63210590 (Compatibile) | Forkommerce Spare Parts","robots":{"index":"index","follow":"follow","max-snippet":"max-snippet:-1","max-image-preview":"max-image-preview:large","max-video-preview":"max-video-preview:-1"},"canonical":"https:\/\/forkommerce.com\/it\/prodotto\/ruota-motrice-vulkollan-230x70-80mm-jungheinrich-63210590-compatibile\/","og_locale":"it_IT","og_type":"article","og_title":"Ruota motrice Vulkollan 230x70\/80mm Jungheinrich 63210590 (Compatibile) | Forkommerce Spare Parts","og_description":"Ruota motrice Vulkollan 230x70-80mm Jungheinrich 63210590 (Compatibile)","og_url":"https:\/\/forkommerce.com\/it\/prodotto\/ruota-motrice-vulkollan-230x70-80mm-jungheinrich-63210590-compatibile\/","og_site_name":"Forkommerce Spare Parts","article_modified_time":"2026-03-09T10:47:55+00:00","og_image":[{"width":504,"height":598,"url":"https:\/\/forkommerce.com\/wp-content\/uploads\/2026\/02\/Ruota-motrice-Vulkollan-230x70-80mm-Jungheinrich-63210590-Compatibile.jpeg","type":"image\/jpeg"}],"twitter_card":"summary_large_image","twitter_misc":{"Tempo di lettura stimato":"2 minuti"},"schema":{"@context":"https:\/\/schema.org","@graph":[{"@type":"WebPage","@id":"https:\/\/forkommerce.com\/it\/prodotto\/ruota-motrice-vulkollan-230x70-80mm-jungheinrich-63210590-compatibile\/","url":"https:\/\/forkommerce.com\/it\/prodotto\/ruota-motrice-vulkollan-230x70-80mm-jungheinrich-63210590-compatibile\/","name":"Ruota motrice Vulkollan 230x70\/80mm Jungheinrich 63210590 (Compatibile) | Forkommerce Spare Parts","isPartOf":{"@id":"https:\/\/forkommerce.com\/it\/#website"},"primaryImageOfPage":{"@id":"https:\/\/forkommerce.com\/it\/prodotto\/ruota-motrice-vulkollan-230x70-80mm-jungheinrich-63210590-compatibile\/#primaryimage"},"image":{"@id":"https:\/\/forkommerce.com\/it\/prodotto\/ruota-motrice-vulkollan-230x70-80mm-jungheinrich-63210590-compatibile\/#primaryimage"},"thumbnailUrl":"https:\/\/forkommerce.com\/wp-content\/uploads\/2026\/02\/Ruota-motrice-Vulkollan-230x70-80mm-Jungheinrich-63210590-Compatibile.jpeg","datePublished":"2026-02-09T11:15:39+00:00","dateModified":"2026-03-09T10:47:55+00:00","breadcrumb":{"@id":"https:\/\/forkommerce.com\/it\/prodotto\/ruota-motrice-vulkollan-230x70-80mm-jungheinrich-63210590-compatibile\/#breadcrumb"},"inLanguage":"it-IT","potentialAction":[{"@type":"ReadAction","target":["https:\/\/forkommerce.com\/it\/prodotto\/ruota-motrice-vulkollan-230x70-80mm-jungheinrich-63210590-compatibile\/"]}]},{"@type":"ImageObject","inLanguage":"it-IT","@id":"https:\/\/forkommerce.com\/it\/prodotto\/ruota-motrice-vulkollan-230x70-80mm-jungheinrich-63210590-compatibile\/#primaryimage","url":"https:\/\/forkommerce.com\/wp-content\/uploads\/2026\/02\/Ruota-motrice-Vulkollan-230x70-80mm-Jungheinrich-63210590-Compatibile.jpeg","contentUrl":"https:\/\/forkommerce.com\/wp-content\/uploads\/2026\/02\/Ruota-motrice-Vulkollan-230x70-80mm-Jungheinrich-63210590-Compatibile.jpeg","width":504,"height":598,"caption":"Ruota motrice Vulkollan 230x70 80mm Jungheinrich 63210590 (Compatibile)"},{"@type":"BreadcrumbList","@id":"https:\/\/forkommerce.com\/it\/prodotto\/ruota-motrice-vulkollan-230x70-80mm-jungheinrich-63210590-compatibile\/#breadcrumb","itemListElement":[{"@type":"ListItem","position":1,"name":"Home","item":"https:\/\/forkommerce.com\/it\/"},{"@type":"ListItem","position":2,"name":"Shop","item":"https:\/\/forkommerce.com\/it\/negozio\/"},{"@type":"ListItem","position":3,"name":"Ruota motrice Vulkollan 230&#215;70\/80mm Jungheinrich 63210590 (Compatibile)"}]},{"@type":"WebSite","@id":"https:\/\/forkommerce.com\/it\/#website","url":"https:\/\/forkommerce.com\/it\/","name":"Forkommerce Spare Parts","description":"Ricambi originali e compatibili per carrelli elevatori e transpallet","publisher":{"@id":"https:\/\/forkommerce.com\/it\/#organization"},"alternateName":"Forkommerce Spare Parts","potentialAction":[{"@type":"SearchAction","target":{"@type":"EntryPoint","urlTemplate":"https:\/\/forkommerce.com\/it\/?s={search_term_string}"},"query-input":{"@type":"PropertyValueSpecification","valueRequired":true,"valueName":"search_term_string"}}],"inLanguage":"it-IT"},{"@type":"Organization","@id":"https:\/\/forkommerce.com\/it\/#organization","name":"Forkommerce Spare Parts","url":"https:\/\/forkommerce.com\/it\/","logo":{"@type":"ImageObject","inLanguage":"it-IT","@id":"https:\/\/forkommerce.com\/it\/#\/schema\/logo\/image\/","url":"https:\/\/forkommerce.com\/wp-content\/uploads\/2025\/09\/Logo-Forkommercex2.png","contentUrl":"https:\/\/forkommerce.com\/wp-content\/uploads\/2025\/09\/Logo-Forkommercex2.png","width":470,"height":120,"caption":"Forkommerce Spare Parts"},"image":{"@id":"https:\/\/forkommerce.com\/it\/#\/schema\/logo\/image\/"}}]}},"_links":{"self":[{"href":"https:\/\/forkommerce.com\/it\/wp-json\/wp\/v2\/product\/2482","targetHints":{"allow":["GET"]}}],"collection":[{"href":"https:\/\/forkommerce.com\/it\/wp-json\/wp\/v2\/product"}],"about":[{"href":"https:\/\/forkommerce.com\/it\/wp-json\/wp\/v2\/types\/product"}],"wp:featuredmedia":[{"embeddable":true,"href":"https:\/\/forkommerce.com\/it\/wp-json\/wp\/v2\/media\/2483"}],"wp:attachment":[{"href":"https:\/\/forkommerce.com\/it\/wp-json\/wp\/v2\/media?parent=2482"}],"wp:term":[{"taxonomy":"product_brand","embeddable":true,"href":"https:\/\/forkommerce.com\/it\/wp-json\/wp\/v2\/product_brand?post=2482"},{"taxonomy":"product_cat","embeddable":true,"href":"https:\/\/forkommerce.com\/it\/wp-json\/wp\/v2\/product_cat?post=2482"},{"taxonomy":"product_tag","embeddable":true,"href":"https:\/\/forkommerce.com\/it\/wp-json\/wp\/v2\/product_tag?post=2482"}],"curies":[{"name":"wp","href":"https:\/\/api.w.org\/{rel}","templated":true}]}}