{"id":764,"date":"2025-04-08T12:31:07","date_gmt":"2025-04-08T10:31:07","guid":{"rendered":"https:\/\/forkommerce.com\/?page_id=764"},"modified":"2025-11-25T10:47:39","modified_gmt":"2025-11-25T09:47:39","slug":"registo","status":"publish","type":"page","link":"https:\/\/forkommerce.com\/pt-pt\/registo\/","title":{"rendered":"Registo"},"content":{"rendered":"<h1>Registe-se no Forkommerce e crie a sua conta<\/h1>\n<h5>O registo permanece pendente at\u00e9 \u00e0 sua aprova\u00e7\u00e3o<\/h5>\n    <form method=\"post\" class=\"woocommerce-form woocommerce-form-register register\">\n        \n        <p class=\"woocommerce-form-row woocommerce-form-row--wide form-row form-row-wide\">\n            <label for=\"reg_email\">Endere\u00e7o de e-mail&nbsp;<span class=\"required\">*<\/span><\/label>\n            <input type=\"email\" class=\"woocommerce-Input woocommerce-Input--text input-text\"\n                   name=\"email\" id=\"reg_email\" autocomplete=\"email\"\n                   value=\"\" \/>\n        <\/p>\n\n        <p class=\"woocommerce-form-row woocommerce-form-row--wide form-row form-row-wide\">\n            <label for=\"reg_password\">Senha&nbsp;<span class=\"required\">*<\/span><\/label>\n            <input type=\"password\" class=\"woocommerce-Input woocommerce-Input--text input-text\"\n                   name=\"password\" id=\"reg_password\" autocomplete=\"new-password\" \/>\n        <\/p>\n\n        \n    <p class=\"form-row form-row-wide\">\n        <label for=\"billing_first_name\">\n            Nome <span class=\"required\">*<\/span>\n        <\/label><br \/>\n        <input type=\"text\" id=\"billing_first_name\" name=\"billing_first_name\" value=\"\" required aria-required=\"true\" \/>\n    <\/p>\n\n    <p class=\"form-row form-row-wide\">\n        <label for=\"billing_last_name\">\n            Sobrenome <span class=\"required\">*<\/span>\n        <\/label><br \/>\n        <input type=\"text\" id=\"billing_last_name\" name=\"billing_last_name\" value=\"\" required aria-required=\"true\" \/>\n    <\/p>\n\n    <p class=\"form-row form-row-wide\">\n        <label for=\"billing_company\">\n            Nome da empresa <span class=\"required\">*<\/span>\n        <\/label><br \/>\n        <input type=\"text\" id=\"billing_company\" name=\"billing_company\" value=\"\" required aria-required=\"true\" \/>\n    <\/p>\n\n    <p class=\"form-row form-row-wide\">\n        <label for=\"billing_vat\">\n            NIPC <span class=\"required\">*<\/span>\n        <\/label><br \/>\n        <input type=\"text\" id=\"billing_vat\" name=\"billing_vat\" value=\"\" required aria-required=\"true\" \/>\n    <\/p>\n\n    <p class=\"form-row form-row-wide\">\n        <label for=\"billing_country\">\n            Pa\u00eds \/ Regi\u00e3o <span class=\"required\">*<\/span>\n        <\/label><br \/>\n        <select name=\"billing_country\" id=\"billing_country\" required aria-required=\"true\">\n            <option value=\"\">Seleziona il paese<\/option>\n            <option value=\"AF\">Afeganist\u00e3o<\/option><option value=\"ZA\">\u00c1frica do Sul<\/option><option value=\"AX\">\u00c5land Islands<\/option><option value=\"AL\">Alb\u00e2nia<\/option><option value=\"DE\">Alemanha<\/option><option value=\"AD\">Andorra<\/option><option value=\"AO\">Angola<\/option><option value=\"AI\">Anguila<\/option><option value=\"AQ\">Ant\u00e1rctida<\/option><option value=\"AG\">Ant\u00edgua e Barbuda<\/option><option value=\"SA\">Ar\u00e1bia Saudita<\/option><option value=\"DZ\">Arg\u00e9lia<\/option><option value=\"AR\">Argentina<\/option><option value=\"AM\">Arm\u00e9nia<\/option><option value=\"AW\">Aruba<\/option><option value=\"AU\">Austr\u00e1lia<\/option><option value=\"AT\">\u00c1ustria<\/option><option value=\"AZ\">Azerbaij\u00e3o<\/option><option value=\"BS\">Bahamas<\/option><option value=\"BH\">Bahrein<\/option><option value=\"BD\">Bangladesh<\/option><option value=\"BB\">Barbados<\/option><option value=\"PW\">Belau<\/option><option value=\"BE\">B\u00e9lgica<\/option><option value=\"BZ\">Belize<\/option><option value=\"BJ\">Benim<\/option><option value=\"BM\">Bermudas<\/option><option value=\"BY\">Bielorr\u00fassia<\/option><option value=\"BO\">Bol\u00edvia<\/option><option value=\"BQ\">Bonaire, Saint Eustatius e Saba<\/option><option value=\"BA\">B\u00f3snia e Herzegovina<\/option><option value=\"BW\">Botsuana<\/option><option value=\"BR\">Brasil<\/option><option value=\"BN\">Brunei<\/option><option value=\"BG\">Bulg\u00e1ria<\/option><option value=\"BF\">Burquina Faso<\/option><option value=\"BI\">Burundi<\/option><option value=\"BT\">But\u00e3o<\/option><option value=\"CV\">Cabo Verde<\/option><option value=\"CM\">Camar\u00f5es<\/option><option value=\"KH\">Camboja<\/option><option value=\"CA\">Canad\u00e1<\/option><option value=\"QA\">Catar<\/option><option value=\"KZ\">Cazaquist\u00e3o<\/option><option value=\"TD\">Chade<\/option><option value=\"CZ\">Ch\u00e9quia<\/option><option value=\"CL\">Chile<\/option><option value=\"CN\">China<\/option><option value=\"CY\">Chipre<\/option><option value=\"CO\">Col\u00f4mbia<\/option><option value=\"KM\">Comores<\/option><option value=\"MP\">Comunidade das Ilhas Marianas Setentrionais<\/option><option value=\"CG\">Congo (Brazzaville)<\/option><option value=\"CD\">Congo (Kinshasa)<\/option><option value=\"KP\">Coreia do Norte<\/option><option value=\"KR\">Coreia do Sul<\/option><option value=\"CI\">Costa do Marfim<\/option><option value=\"CR\">Costa Rica<\/option><option value=\"HR\">Cro\u00e1cia<\/option><option value=\"CU\">Cuba<\/option><option value=\"CW\">Cura&ccedil;ao<\/option><option value=\"DK\">Dinamarca<\/option><option value=\"DM\">Dom\u00ednica<\/option><option value=\"EG\">Egito<\/option><option value=\"AE\">Emirados \u00c1rabes Unidos<\/option><option value=\"EC\">Equador<\/option><option value=\"ER\">Eritreia<\/option><option value=\"SK\">Eslov\u00e1quia<\/option><option value=\"SI\">Eslov\u00e9nia<\/option><option value=\"ES\">Espanha<\/option><option value=\"US\">Estados Unidos (US)<\/option><option value=\"EE\">Est\u00f3nia<\/option><option value=\"SZ\">Eswatini<\/option><option value=\"ET\">Eti\u00f3pia<\/option><option value=\"FO\">Faro\u00e9<\/option><option value=\"FJ\">Fiji<\/option><option value=\"PH\">Filipinas<\/option><option value=\"FI\">Finl\u00e2ndia<\/option><option value=\"FR\">Fran\u00e7a<\/option><option value=\"GA\">Gab\u00e3o<\/option><option value=\"GM\">G\u00e2mbia<\/option><option value=\"GH\">Gana<\/option><option value=\"GE\">Ge\u00f3rgia<\/option><option value=\"GI\">Gibraltar<\/option><option value=\"GD\">Granada<\/option><option value=\"GR\">Gr\u00e9cia<\/option><option value=\"GL\">Gronel\u00e2ndia<\/option><option value=\"GP\">Guadalupe<\/option><option value=\"GU\">Guam<\/option><option value=\"GT\">Guatemala<\/option><option value=\"GG\">Guernesey<\/option><option value=\"GY\">Guiana<\/option><option value=\"GF\">Guiana Francesa<\/option><option value=\"GN\">Guin\u00e9<\/option><option value=\"GQ\">Guin\u00e9 Equatorial<\/option><option value=\"GW\">Guin\u00e9-Bissau<\/option><option value=\"HT\">Haiti<\/option><option value=\"HN\">Honduras<\/option><option value=\"HK\">Hong Kong<\/option><option value=\"HU\">Hungria<\/option><option value=\"YE\">I\u00e9men<\/option><option value=\"BV\">Ilha Bouvet<\/option><option value=\"IM\">Ilha de Man<\/option><option value=\"CX\">Ilha do Natal<\/option><option value=\"HM\">Ilha Heard e Ilhas McDonald<\/option><option value=\"NF\">Ilha Norfolk<\/option><option value=\"KY\">Ilhas Caim\u00e3o<\/option><option value=\"CK\">Ilhas Cook<\/option><option value=\"CC\">Ilhas dos Cocos<\/option><option value=\"FK\">Ilhas Falkland<\/option><option value=\"GS\">Ilhas Ge\u00f3rgia do Sul e Sandwich do Sul<\/option><option value=\"MH\">Ilhas Marshall<\/option><option value=\"UM\">Ilhas Menores Distantes dos Estados Unidos<\/option><option value=\"PN\">Ilhas Pitcairn<\/option><option value=\"SB\">Ilhas Salom\u00e3o<\/option><option value=\"TC\">Ilhas Turcas e Caicos<\/option><option value=\"IN\">\u00cdndia<\/option><option value=\"ID\">Indon\u00e9sia<\/option><option value=\"IR\">Ir\u00e3o<\/option><option value=\"IQ\">Iraque<\/option><option value=\"IE\">Irlanda<\/option><option value=\"IS\">Isl\u00e2ndia<\/option><option value=\"IL\">Israel<\/option><option value=\"IT\" selected='selected'>It\u00e1lia<\/option><option value=\"JM\">Jamaica<\/option><option value=\"JP\">Jap\u00e3o<\/option><option value=\"JE\">Jersey<\/option><option value=\"DJ\">Jibuti<\/option><option value=\"JO\">Jord\u00e2nia<\/option><option value=\"XK\">Kosovo<\/option><option value=\"KW\">Koweit<\/option><option value=\"LA\">Laos<\/option><option value=\"LS\">Lesoto<\/option><option value=\"LV\">Let\u00f3nia<\/option><option value=\"LB\">L\u00edbano<\/option><option value=\"LR\">Lib\u00e9ria<\/option><option value=\"LY\">L\u00edbia<\/option><option value=\"LI\">Listenstaine<\/option><option value=\"LT\">Litu\u00e2nia<\/option><option value=\"LU\">Luxemburgo<\/option><option value=\"MO\">Macau<\/option><option value=\"MG\">Madag\u00e1scar<\/option><option value=\"YT\">Maiote<\/option><option value=\"MY\">Mal\u00e1sia<\/option><option value=\"MW\">Mal\u00e1ui<\/option><option value=\"MV\">Maldivas<\/option><option value=\"ML\">Mali<\/option><option value=\"MT\">Malta<\/option><option value=\"MA\">Marrocos<\/option><option value=\"MQ\">Martinica<\/option><option value=\"MU\">Maur\u00edcia<\/option><option value=\"MR\">Maurit\u00e2nia<\/option><option value=\"MX\">M\u00e9xico<\/option><option value=\"MM\">Mianmar\/Birm\u00e2nia<\/option><option value=\"FM\">Micron\u00e9sia<\/option><option value=\"MZ\">Mo\u00e7ambique<\/option><option value=\"MD\">Mold\u00e1via<\/option><option value=\"MC\">M\u00f3naco<\/option><option value=\"MN\">Mong\u00f3lia<\/option><option value=\"MS\">Monserrate<\/option><option value=\"ME\">Montenegro<\/option><option value=\"NA\">Nam\u00edbia<\/option><option value=\"NR\">Nauru<\/option><option value=\"NP\">Nepal<\/option><option value=\"NI\">Nicar\u00e1gua<\/option><option value=\"NE\">N\u00edger<\/option><option value=\"NG\">Nig\u00e9ria<\/option><option value=\"NU\">Niu\u00ea<\/option><option value=\"MK\">North Macedonia<\/option><option value=\"NO\">Noruega<\/option><option value=\"NC\">Nova Caled\u00f3nia<\/option><option value=\"NZ\">Nova Zel\u00e2ndia<\/option><option value=\"OM\">Om\u00e3<\/option><option value=\"NL\">Pa\u00edses Baixos<\/option><option value=\"PA\">Panam\u00e1<\/option><option value=\"PG\">Papua-Nova Guin\u00e9<\/option><option value=\"PK\">Paquist\u00e3o<\/option><option value=\"PY\">Paraguai<\/option><option value=\"PE\">Peru<\/option><option value=\"PF\">Polin\u00e9sia Francesa<\/option><option value=\"PL\">Pol\u00f3nia<\/option><option value=\"PR\">Porto Rico<\/option><option value=\"PT\">Portugal<\/option><option value=\"KE\">Qu\u00e9nia<\/option><option value=\"KG\">Quirguist\u00e3o<\/option><option value=\"KI\">Quirib\u00e1ti<\/option><option value=\"GB\">Reino Unido (UK)<\/option><option value=\"CF\">Rep\u00fablica Centro-Africana<\/option><option value=\"DO\">Rep\u00fablica Dominicana<\/option><option value=\"RE\">Reuni\u00e3o<\/option><option value=\"RO\">Rom\u00e9nia<\/option><option value=\"RW\">Ruanda<\/option><option value=\"RU\">R\u00fassia<\/option><option value=\"ST\">S&atilde;o Tom&eacute; e Pr&iacute;ncipe<\/option><option value=\"SV\">Salvador<\/option><option value=\"WS\">Samoa<\/option><option value=\"AS\">Samoa Americana<\/option><option value=\"SH\">Santa Helena<\/option><option value=\"LC\">Santa L\u00facia<\/option><option value=\"BL\">S\u00e3o Bartolomeu<\/option><option value=\"KN\">S\u00e3o Crist\u00f3v\u00e3o e Neves<\/option><option value=\"SM\">S\u00e3o Marinho<\/option><option value=\"MF\">S\u00e3o Martinho<\/option><option value=\"SX\">S\u00e3o Martinho (Antilhas Holandesas)<\/option><option value=\"PM\">S\u00e3o Pedro e Miquel\u00e3o<\/option><option value=\"VC\">S\u00e3o Vicente e Granadinas<\/option><option value=\"EH\">Sara Ocidental<\/option><option value=\"SC\">Seicheles<\/option><option value=\"SN\">Senegal<\/option><option value=\"SL\">Serra Leoa<\/option><option value=\"RS\">S\u00e9rvia<\/option><option value=\"SG\">Singapura<\/option><option value=\"SY\">S\u00edria<\/option><option value=\"SO\">Som\u00e1lia<\/option><option value=\"LK\">Sri Lanca<\/option><option value=\"SD\">Sud\u00e3o<\/option><option value=\"SS\">Sud\u00e3o do Sul<\/option><option value=\"SE\">Su\u00e9cia<\/option><option value=\"CH\">Su\u00ed\u00e7a<\/option><option value=\"SR\">Suriname<\/option><option value=\"SJ\">Svalbard e Jan Mayen<\/option><option value=\"TH\">Tail\u00e2ndia<\/option><option value=\"TW\">Taiwan<\/option><option value=\"TJ\">Tajiquist\u00e3o<\/option><option value=\"TZ\">Tanz\u00e2nia<\/option><option value=\"TF\">Terras Austrais e Ant\u00e1rticas Francesas<\/option><option value=\"IO\">Territ\u00f3rio Brit\u00e2nico do Oceano \u00cdndico<\/option><option value=\"PS\">Territ\u00f3rio Palestiniano<\/option><option value=\"TL\">Timor-Leste<\/option><option value=\"TG\">Togo<\/option><option value=\"TO\">Tonga<\/option><option value=\"TK\">Toquelau<\/option><option value=\"TT\">Trindade e Tobago<\/option><option value=\"TN\">Tun\u00edsia<\/option><option value=\"TR\">T\u00fcrkiye<\/option><option value=\"TM\">Turquemenist\u00e3o<\/option><option value=\"TV\">Tuvalu<\/option><option value=\"UA\">Ucr\u00e2nia<\/option><option value=\"UG\">Uganda<\/option><option value=\"UY\">Uruguai<\/option><option value=\"UZ\">Usbequist\u00e3o<\/option><option value=\"VU\">Vanuatu<\/option><option value=\"VA\">Vaticano<\/option><option value=\"VE\">Venezuela<\/option><option value=\"VN\">Vietname<\/option><option value=\"VG\">Virgin Islands (British)<\/option><option value=\"VI\">Virgin Islands (US)<\/option><option value=\"WF\">Wallis e Futuna<\/option><option value=\"ZM\">Z\u00e2mbia<\/option><option value=\"ZW\">Zimbabu\u00e9<\/option>        <\/select>\n    <\/p>\n\n    <p class=\"form-row form-row-wide\">\n        <label for=\"billing_address_1\">\n            Morada <span class=\"required\">*<\/span>\n        <\/label><br \/>\n        <input type=\"text\" id=\"billing_address_1\" name=\"billing_address_1\" value=\"\" required aria-required=\"true\" \/>\n    <\/p>\n\n    <p class=\"form-row form-row-wide\">\n        <label for=\"billing_postcode\">\n            C\u00f3digo Postal <span class=\"required\">*<\/span>\n        <\/label><br \/>\n        <input type=\"text\" id=\"billing_postcode\" name=\"billing_postcode\" value=\"\" required aria-required=\"true\" \/>\n    <\/p>\n\n    <p class=\"form-row form-row-wide\">\n        <label for=\"billing_city\">\n            Cidade <span class=\"required\">*<\/span>\n        <\/label><br \/>\n        <input type=\"text\" id=\"billing_city\" name=\"billing_city\" value=\"\" required aria-required=\"true\" \/>\n    <\/p>\n\n    <p class=\"form-row form-row-wide\">\n        <label for=\"billing_state\" id=\"billing_state_label\">\n            Distrito <span class=\"required\">*<\/span>\n        <\/label><br \/>\n        <span id=\"fk-billing-state-wrapper\" data-selected=\"\">\n            <!-- JS sostituir\u00e0 questo input con select o input corretto -->\n            <input type=\"text\" id=\"billing_state\" name=\"billing_state\" value=\"\" required aria-required=\"true\" \/>\n        <\/span>\n    <\/p>\n\n    <p class=\"form-row form-row-wide\">\n        <label for=\"billing_phone\">\n            Telefone <span class=\"required\">*<\/span>\n        <\/label><br \/>\n        <input type=\"text\" id=\"billing_phone\" name=\"billing_phone\" value=\"\" required aria-required=\"true\" \/>\n    <\/p>\n\n    <div class=\"clear\"><\/div>\n    <wc-order-attribution-inputs><\/wc-order-attribution-inputs><div class=\"woocommerce-privacy-policy-text\"><p>Os seus dados pessoais ser\u00e3o utilizados para apoiar a sua experi\u00eancia neste site, para gerir o acesso \u00e0 sua conta e para outros fins descritos na nossa <a href=\"https:\/\/forkommerce.com\/it\/privacy-policy\/\" class=\"woocommerce-privacy-policy-link\" target=\"_blank\">pol\u00edtica de privacidade<\/a>.<\/p>\n<\/div>\n        <p class=\"woocommerce-form-row form-row\">\n            <input type=\"hidden\" id=\"woocommerce-register-nonce\" name=\"woocommerce-register-nonce\" value=\"99a5e77008\" \/><input type=\"hidden\" name=\"_wp_http_referer\" value=\"\/pt-pt\/wp-json\/wp\/v2\/pages\/764\" \/>            <button type=\"submit\" class=\"woocommerce-Button button\" name=\"register\"\n                    value=\"Inscreva-se agora\">\n                Inscreva-se agora            <\/button>\n            <!-- flag per riconoscere il submit del nostro form -->\n            <input type=\"hidden\" name=\"fork_reg_form\" value=\"1\" \/>\n        <\/p>\n\n            <\/form>\n    \n<p>J\u00e1 tens uma conta? <a href=\"\/httpdocs\/forkommerce.com\/sviluppo\/?page_id=665\">Entrar<\/a><\/p>\n","protected":false},"excerpt":{"rendered":"<p>Registe-se no Forkommerce e crie a sua conta O registo  [&#8230;]<\/p>\n","protected":false},"author":1,"featured_media":0,"parent":0,"menu_order":0,"comment_status":"closed","ping_status":"closed","template":"","meta":{"footnotes":""},"class_list":["post-764","page","type-page","status-publish","hentry"],"yoast_head":"<!-- This site is optimized with the Yoast SEO plugin v27.3 - https:\/\/yoast.com\/product\/yoast-seo-wordpress\/ -->\n<title>Registo | Forkommerce Spare Parts<\/title>\n<meta name=\"robots\" content=\"index, follow, max-snippet:-1, max-image-preview:large, max-video-preview:-1\" \/>\n<link rel=\"canonical\" href=\"https:\/\/forkommerce.com\/pt-pt\/registo\/\" \/>\n<meta property=\"og:locale\" content=\"pt_PT\" \/>\n<meta property=\"og:type\" content=\"article\" \/>\n<meta property=\"og:title\" content=\"Registo | Forkommerce Spare Parts\" \/>\n<meta property=\"og:description\" content=\"Registe-se no Forkommerce e crie a sua conta O registo [...]\" \/>\n<meta property=\"og:url\" content=\"https:\/\/forkommerce.com\/pt-pt\/registo\/\" \/>\n<meta property=\"og:site_name\" content=\"Forkommerce Spare Parts\" \/>\n<meta property=\"article:modified_time\" content=\"2025-11-25T09:47:39+00:00\" \/>\n<meta property=\"og:image\" content=\"https:\/\/forkommerce.com\/wp-content\/uploads\/2025\/12\/Slider-Home.jpg\" \/>\n\t<meta property=\"og:image:width\" content=\"1920\" \/>\n\t<meta property=\"og:image:height\" content=\"800\" \/>\n\t<meta property=\"og:image:type\" content=\"image\/jpeg\" \/>\n<meta name=\"twitter:card\" content=\"summary_large_image\" \/>\n<meta name=\"twitter:label1\" content=\"Tempo estimado de leitura\" \/>\n\t<meta name=\"twitter:data1\" content=\"1 minuto\" \/>\n<script type=\"application\/ld+json\" class=\"yoast-schema-graph\">{\"@context\":\"https:\\\/\\\/schema.org\",\"@graph\":[{\"@type\":\"WebPage\",\"@id\":\"https:\\\/\\\/forkommerce.com\\\/pt-pt\\\/registo\\\/\",\"url\":\"https:\\\/\\\/forkommerce.com\\\/pt-pt\\\/registo\\\/\",\"name\":\"Registo | Forkommerce Spare Parts\",\"isPartOf\":{\"@id\":\"https:\\\/\\\/forkommerce.com\\\/it\\\/#website\"},\"datePublished\":\"2025-04-08T10:31:07+00:00\",\"dateModified\":\"2025-11-25T09:47:39+00:00\",\"breadcrumb\":{\"@id\":\"https:\\\/\\\/forkommerce.com\\\/pt-pt\\\/registo\\\/#breadcrumb\"},\"inLanguage\":\"pt-PT\",\"potentialAction\":[{\"@type\":\"ReadAction\",\"target\":[\"https:\\\/\\\/forkommerce.com\\\/pt-pt\\\/registo\\\/\"]}]},{\"@type\":\"BreadcrumbList\",\"@id\":\"https:\\\/\\\/forkommerce.com\\\/pt-pt\\\/registo\\\/#breadcrumb\",\"itemListElement\":[{\"@type\":\"ListItem\",\"position\":1,\"name\":\"Home\",\"item\":\"https:\\\/\\\/forkommerce.com\\\/pt-pt\\\/\"},{\"@type\":\"ListItem\",\"position\":2,\"name\":\"Registo\"}]},{\"@type\":\"WebSite\",\"@id\":\"https:\\\/\\\/forkommerce.com\\\/it\\\/#website\",\"url\":\"https:\\\/\\\/forkommerce.com\\\/it\\\/\",\"name\":\"Forkommerce Spare Parts\",\"description\":\"Ricambi originali e compatibili per carrelli elevatori e transpallet\",\"publisher\":{\"@id\":\"https:\\\/\\\/forkommerce.com\\\/it\\\/#organization\"},\"alternateName\":\"Forkommerce Spare Parts\",\"potentialAction\":[{\"@type\":\"SearchAction\",\"target\":{\"@type\":\"EntryPoint\",\"urlTemplate\":\"https:\\\/\\\/forkommerce.com\\\/it\\\/?s={search_term_string}\"},\"query-input\":{\"@type\":\"PropertyValueSpecification\",\"valueRequired\":true,\"valueName\":\"search_term_string\"}}],\"inLanguage\":\"pt-PT\"},{\"@type\":\"Organization\",\"@id\":\"https:\\\/\\\/forkommerce.com\\\/it\\\/#organization\",\"name\":\"Forkommerce Spare Parts\",\"url\":\"https:\\\/\\\/forkommerce.com\\\/it\\\/\",\"logo\":{\"@type\":\"ImageObject\",\"inLanguage\":\"pt-PT\",\"@id\":\"https:\\\/\\\/forkommerce.com\\\/it\\\/#\\\/schema\\\/logo\\\/image\\\/\",\"url\":\"https:\\\/\\\/forkommerce.com\\\/wp-content\\\/uploads\\\/2025\\\/09\\\/Logo-Forkommercex2.png\",\"contentUrl\":\"https:\\\/\\\/forkommerce.com\\\/wp-content\\\/uploads\\\/2025\\\/09\\\/Logo-Forkommercex2.png\",\"width\":470,\"height\":120,\"caption\":\"Forkommerce Spare Parts\"},\"image\":{\"@id\":\"https:\\\/\\\/forkommerce.com\\\/it\\\/#\\\/schema\\\/logo\\\/image\\\/\"}}]}<\/script>\n<!-- \/ Yoast SEO plugin. -->","yoast_head_json":{"title":"Registo | Forkommerce Spare Parts","robots":{"index":"index","follow":"follow","max-snippet":"max-snippet:-1","max-image-preview":"max-image-preview:large","max-video-preview":"max-video-preview:-1"},"canonical":"https:\/\/forkommerce.com\/pt-pt\/registo\/","og_locale":"pt_PT","og_type":"article","og_title":"Registo | Forkommerce Spare Parts","og_description":"Registe-se no Forkommerce e crie a sua conta O registo [...]","og_url":"https:\/\/forkommerce.com\/pt-pt\/registo\/","og_site_name":"Forkommerce Spare Parts","article_modified_time":"2025-11-25T09:47:39+00:00","og_image":[{"width":1920,"height":800,"url":"https:\/\/forkommerce.com\/wp-content\/uploads\/2025\/12\/Slider-Home.jpg","type":"image\/jpeg"}],"twitter_card":"summary_large_image","twitter_misc":{"Tempo estimado de leitura":"1 minuto"},"schema":{"@context":"https:\/\/schema.org","@graph":[{"@type":"WebPage","@id":"https:\/\/forkommerce.com\/pt-pt\/registo\/","url":"https:\/\/forkommerce.com\/pt-pt\/registo\/","name":"Registo | Forkommerce Spare Parts","isPartOf":{"@id":"https:\/\/forkommerce.com\/it\/#website"},"datePublished":"2025-04-08T10:31:07+00:00","dateModified":"2025-11-25T09:47:39+00:00","breadcrumb":{"@id":"https:\/\/forkommerce.com\/pt-pt\/registo\/#breadcrumb"},"inLanguage":"pt-PT","potentialAction":[{"@type":"ReadAction","target":["https:\/\/forkommerce.com\/pt-pt\/registo\/"]}]},{"@type":"BreadcrumbList","@id":"https:\/\/forkommerce.com\/pt-pt\/registo\/#breadcrumb","itemListElement":[{"@type":"ListItem","position":1,"name":"Home","item":"https:\/\/forkommerce.com\/pt-pt\/"},{"@type":"ListItem","position":2,"name":"Registo"}]},{"@type":"WebSite","@id":"https:\/\/forkommerce.com\/it\/#website","url":"https:\/\/forkommerce.com\/it\/","name":"Forkommerce Spare Parts","description":"Ricambi originali e compatibili per carrelli elevatori e transpallet","publisher":{"@id":"https:\/\/forkommerce.com\/it\/#organization"},"alternateName":"Forkommerce Spare Parts","potentialAction":[{"@type":"SearchAction","target":{"@type":"EntryPoint","urlTemplate":"https:\/\/forkommerce.com\/it\/?s={search_term_string}"},"query-input":{"@type":"PropertyValueSpecification","valueRequired":true,"valueName":"search_term_string"}}],"inLanguage":"pt-PT"},{"@type":"Organization","@id":"https:\/\/forkommerce.com\/it\/#organization","name":"Forkommerce Spare Parts","url":"https:\/\/forkommerce.com\/it\/","logo":{"@type":"ImageObject","inLanguage":"pt-PT","@id":"https:\/\/forkommerce.com\/it\/#\/schema\/logo\/image\/","url":"https:\/\/forkommerce.com\/wp-content\/uploads\/2025\/09\/Logo-Forkommercex2.png","contentUrl":"https:\/\/forkommerce.com\/wp-content\/uploads\/2025\/09\/Logo-Forkommercex2.png","width":470,"height":120,"caption":"Forkommerce Spare Parts"},"image":{"@id":"https:\/\/forkommerce.com\/it\/#\/schema\/logo\/image\/"}}]}},"_links":{"self":[{"href":"https:\/\/forkommerce.com\/pt-pt\/wp-json\/wp\/v2\/pages\/764","targetHints":{"allow":["GET"]}}],"collection":[{"href":"https:\/\/forkommerce.com\/pt-pt\/wp-json\/wp\/v2\/pages"}],"about":[{"href":"https:\/\/forkommerce.com\/pt-pt\/wp-json\/wp\/v2\/types\/page"}],"author":[{"embeddable":true,"href":"https:\/\/forkommerce.com\/pt-pt\/wp-json\/wp\/v2\/users\/1"}],"replies":[{"embeddable":true,"href":"https:\/\/forkommerce.com\/pt-pt\/wp-json\/wp\/v2\/comments?post=764"}],"version-history":[{"count":2,"href":"https:\/\/forkommerce.com\/pt-pt\/wp-json\/wp\/v2\/pages\/764\/revisions"}],"predecessor-version":[{"id":1637,"href":"https:\/\/forkommerce.com\/pt-pt\/wp-json\/wp\/v2\/pages\/764\/revisions\/1637"}],"wp:attachment":[{"href":"https:\/\/forkommerce.com\/pt-pt\/wp-json\/wp\/v2\/media?parent=764"}],"curies":[{"name":"wp","href":"https:\/\/api.w.org\/{rel}","templated":true}]}}