{"id":994,"date":"2025-10-23T10:48:23","date_gmt":"2025-10-23T08:48:23","guid":{"rendered":"https:\/\/forkommerce.com\/?page_id=994"},"modified":"2026-03-04T16:27:02","modified_gmt":"2026-03-04T15:27:02","slug":"impressum","status":"publish","type":"page","link":"https:\/\/forkommerce.com\/pt-pt\/impressum\/","title":{"rendered":"Impressum"},"content":{"rendered":"<h1 class=\"title-main\">Impressum<\/h1>\n<div class=\"clearfix\"><\/div>\n<style>\ndl {\n    margin-top: 0;\n    margin-bottom: 20px;\n}\n.dl-horizontal dt {\n    float: left;\n    width: 180px;\n    clear: left;\n    text-align: right;\n    overflow: hidden;\n    text-overflow: ellipsis;\n    white-space: nowrap;\n}\n.dl-horizontal dd {\n    margin-left: 200px;\n}\n.dl-horizontal dt {\n    font-weight: bold;\n}\n\/* Larghezza massima di 767px *\/\n@media only screen and (max-width: 767px) {\n    .dl-horizontal dt {\n        float: none; \/* Annulliamo il float *\/\n        width: auto; \/* Annulliamo la larghezza *\/\n        clear: none; \/* Annulliamo il clear *\/\n        text-align: left; \/* Reimpostiamo l'allineamento del testo *\/\n        overflow: visible; \/* Annulliamo l'overflow *\/\n        text-overflow: clip; \/* Annulliamo l'overflow del testo *\/\n        white-space: normal; \/* Reimpostiamo lo spazio bianco *\/\n    }\n    .dl-horizontal dd {\n        margin-left: 25px; \/* Rimuoviamo il margine sinistro *\/\n    }\n}\n<\/style>\n<dl class=\"dl-horizontal\">\n<dt>Raz\u00e3o social:<\/dt>\n<dd>FORKOMMERCE S.r.l.<\/dd>\n<dt>Endere\u00e7o:<\/dt>\n<dd>Via Vecchia Ferriera 13, 36100 Vicenza (VI) \u2013 Italia<\/dd>\n<dt>Telefone:<\/dt>\n<dd><a href=\"tel:+393351657127\">+39 335 165 7127<\/a><\/dd>\n<dt>Mail:<\/dt>\n<dd><a href=\"mailto:info@forkommerce.com\">info@forkommerce.com<\/a><\/dd>\n<dt>Endere\u00e7o italiano de email PEC:<\/dt>\n<dd><a href=\"mailto:forkommercesrl@legalmail.it\">forkommercesrl@legalmail.it<\/a><\/dd>\n<\/dl>\n<dl class=\"dl-horizontal\">\n<dt>Capital social:<\/dt>\n<dd>10.000,00 \u20ac p.v. na medida de 25% igual a 2.500,00 \u20ac<\/dd>\n<dt>N\u00famero de IVA:<\/dt>\n<dd>IT-04628580245<\/dd>\n<dt>C\u00f3digo SdI italiano:<\/dt>\n<dd>M5UXCR1<\/dd>\n<\/dl>\n<dl class=\"dl-horizontal\">\n<dt>Conta de apoio banc\u00e1rio:<\/dt>\n<dd>FORKOMMERCE SRL<\/dd>\n<dt>IBAN:<\/dt>\n<dd>IT83Y0303259750010001216918<\/dd>\n<dt>BIC\/SWIFT:<\/dt>\n<dd>BACRIT22XXX<\/dd>\n<\/dl>\n<dl class=\"dl-horizontal\">\n<dt>Respons\u00e1vel por textos:<\/dt>\n<dd>FORKOMMERCE S.r.l.<\/dd>\n<dt>Web:<\/dt>\n<dd>Argo Comunicazioni<\/dd>\n<\/dl>\n<dl class=\"dl-horizontal\">\n<dt>Indica\u00e7\u00f5es:<\/dt>\n<dd>Todos os dados e conte\u00fados apresentados neste site web (https:\/\/forkommerce.com) foram cuidadosamente verificados pela FORKOMMERCE S.r.l.. Apesar disso, as informa\u00e7\u00f5es no site da Internet s\u00e3o fornecidas sem garantias quanto \u00e0 exatid\u00e3o, completude e atualidade dos dados. A FORKOMMERCE S.r.l. reserva-se o direito de atualizar, alterar e modificar as informa\u00e7\u00f5es e conte\u00fados publicados no site.<\/dd>\n<dt>Copyright:<\/dt>\n<dd>A estrutura e o conte\u00fado deste site web (https:\/\/forkommerce.com) est\u00e3o protegidos por copyright. A reprodu\u00e7\u00e3o de informa\u00e7\u00f5es e dados, em particular o uso de textos, partes de textos ou imagens, deve ser expressamente aprovada pela FORKOMMERCE S.r.l..<\/p>\n<p>Para a resolu\u00e7\u00e3o extrajudicial de lit\u00edgios em mat\u00e9ria de direito do consumidor, a Uni\u00e3o Europeia instituiu uma plataforma online (&#8220;plataforma OS&#8221;), \u00e0 qual se pode recorrer. A plataforma encontra-se no site <a href=\"http:\/\/ec.europa.eu\/consumers\/odr\/\" target=\"_blank\" rel=\"noopener\">http:\/\/ec.europa.eu\/consumers\/odr\/<\/a><\/dd>\n<\/dl>\n","protected":false},"excerpt":{"rendered":"<p>Impressum Raz\u00e3o social: FORKOMMERCE S.r.l. Endere\u00e7o: Via Vecchia Ferriera 13,  [&#8230;]<\/p>\n","protected":false},"author":1,"featured_media":0,"parent":0,"menu_order":0,"comment_status":"closed","ping_status":"closed","template":"","meta":{"footnotes":""},"class_list":["post-994","page","type-page","status-publish","hentry"],"yoast_head":"<!-- This site is optimized with the Yoast SEO plugin v27.3 - https:\/\/yoast.com\/product\/yoast-seo-wordpress\/ -->\n<title>Impressum | Forkommerce Spare Parts<\/title>\n<meta name=\"robots\" content=\"index, follow, max-snippet:-1, max-image-preview:large, max-video-preview:-1\" \/>\n<link rel=\"canonical\" href=\"https:\/\/forkommerce.com\/pt-pt\/impressum\/\" \/>\n<meta property=\"og:locale\" content=\"pt_PT\" \/>\n<meta property=\"og:type\" content=\"article\" \/>\n<meta property=\"og:title\" content=\"Impressum | Forkommerce Spare Parts\" \/>\n<meta property=\"og:description\" content=\"Impressum Raz\u00e3o social: FORKOMMERCE S.r.l. Endere\u00e7o: Via Vecchia Ferriera 13, [...]\" \/>\n<meta property=\"og:url\" content=\"https:\/\/forkommerce.com\/pt-pt\/impressum\/\" \/>\n<meta property=\"og:site_name\" content=\"Forkommerce Spare Parts\" \/>\n<meta property=\"article:modified_time\" content=\"2026-03-04T15:27:02+00:00\" \/>\n<meta property=\"og:image\" content=\"https:\/\/forkommerce.com\/wp-content\/uploads\/2025\/12\/Slider-Home.jpg\" \/>\n\t<meta property=\"og:image:width\" content=\"1920\" \/>\n\t<meta property=\"og:image:height\" content=\"800\" \/>\n\t<meta property=\"og:image:type\" content=\"image\/jpeg\" \/>\n<meta name=\"twitter:card\" content=\"summary_large_image\" \/>\n<meta name=\"twitter:label1\" content=\"Tempo estimado de leitura\" \/>\n\t<meta name=\"twitter:data1\" content=\"2 minutos\" \/>\n<script type=\"application\/ld+json\" class=\"yoast-schema-graph\">{\"@context\":\"https:\\\/\\\/schema.org\",\"@graph\":[{\"@type\":\"WebPage\",\"@id\":\"https:\\\/\\\/forkommerce.com\\\/pt-pt\\\/impressum\\\/\",\"url\":\"https:\\\/\\\/forkommerce.com\\\/pt-pt\\\/impressum\\\/\",\"name\":\"Impressum | Forkommerce Spare Parts\",\"isPartOf\":{\"@id\":\"https:\\\/\\\/forkommerce.com\\\/it\\\/#website\"},\"datePublished\":\"2025-10-23T08:48:23+00:00\",\"dateModified\":\"2026-03-04T15:27:02+00:00\",\"breadcrumb\":{\"@id\":\"https:\\\/\\\/forkommerce.com\\\/pt-pt\\\/impressum\\\/#breadcrumb\"},\"inLanguage\":\"pt-PT\",\"potentialAction\":[{\"@type\":\"ReadAction\",\"target\":[\"https:\\\/\\\/forkommerce.com\\\/pt-pt\\\/impressum\\\/\"]}]},{\"@type\":\"BreadcrumbList\",\"@id\":\"https:\\\/\\\/forkommerce.com\\\/pt-pt\\\/impressum\\\/#breadcrumb\",\"itemListElement\":[{\"@type\":\"ListItem\",\"position\":1,\"name\":\"Home\",\"item\":\"https:\\\/\\\/forkommerce.com\\\/pt-pt\\\/\"},{\"@type\":\"ListItem\",\"position\":2,\"name\":\"Impressum\"}]},{\"@type\":\"WebSite\",\"@id\":\"https:\\\/\\\/forkommerce.com\\\/it\\\/#website\",\"url\":\"https:\\\/\\\/forkommerce.com\\\/it\\\/\",\"name\":\"Forkommerce Spare Parts\",\"description\":\"Ricambi originali e compatibili per carrelli elevatori e transpallet\",\"publisher\":{\"@id\":\"https:\\\/\\\/forkommerce.com\\\/it\\\/#organization\"},\"alternateName\":\"Forkommerce Spare Parts\",\"potentialAction\":[{\"@type\":\"SearchAction\",\"target\":{\"@type\":\"EntryPoint\",\"urlTemplate\":\"https:\\\/\\\/forkommerce.com\\\/it\\\/?s={search_term_string}\"},\"query-input\":{\"@type\":\"PropertyValueSpecification\",\"valueRequired\":true,\"valueName\":\"search_term_string\"}}],\"inLanguage\":\"pt-PT\"},{\"@type\":\"Organization\",\"@id\":\"https:\\\/\\\/forkommerce.com\\\/it\\\/#organization\",\"name\":\"Forkommerce Spare Parts\",\"url\":\"https:\\\/\\\/forkommerce.com\\\/it\\\/\",\"logo\":{\"@type\":\"ImageObject\",\"inLanguage\":\"pt-PT\",\"@id\":\"https:\\\/\\\/forkommerce.com\\\/it\\\/#\\\/schema\\\/logo\\\/image\\\/\",\"url\":\"https:\\\/\\\/forkommerce.com\\\/wp-content\\\/uploads\\\/2025\\\/09\\\/Logo-Forkommercex2.png\",\"contentUrl\":\"https:\\\/\\\/forkommerce.com\\\/wp-content\\\/uploads\\\/2025\\\/09\\\/Logo-Forkommercex2.png\",\"width\":470,\"height\":120,\"caption\":\"Forkommerce Spare Parts\"},\"image\":{\"@id\":\"https:\\\/\\\/forkommerce.com\\\/it\\\/#\\\/schema\\\/logo\\\/image\\\/\"}}]}<\/script>\n<!-- \/ Yoast SEO plugin. -->","yoast_head_json":{"title":"Impressum | Forkommerce Spare Parts","robots":{"index":"index","follow":"follow","max-snippet":"max-snippet:-1","max-image-preview":"max-image-preview:large","max-video-preview":"max-video-preview:-1"},"canonical":"https:\/\/forkommerce.com\/pt-pt\/impressum\/","og_locale":"pt_PT","og_type":"article","og_title":"Impressum | Forkommerce Spare Parts","og_description":"Impressum Raz\u00e3o social: FORKOMMERCE S.r.l. Endere\u00e7o: Via Vecchia Ferriera 13, [...]","og_url":"https:\/\/forkommerce.com\/pt-pt\/impressum\/","og_site_name":"Forkommerce Spare Parts","article_modified_time":"2026-03-04T15:27:02+00:00","og_image":[{"width":1920,"height":800,"url":"https:\/\/forkommerce.com\/wp-content\/uploads\/2025\/12\/Slider-Home.jpg","type":"image\/jpeg"}],"twitter_card":"summary_large_image","twitter_misc":{"Tempo estimado de leitura":"2 minutos"},"schema":{"@context":"https:\/\/schema.org","@graph":[{"@type":"WebPage","@id":"https:\/\/forkommerce.com\/pt-pt\/impressum\/","url":"https:\/\/forkommerce.com\/pt-pt\/impressum\/","name":"Impressum | Forkommerce Spare Parts","isPartOf":{"@id":"https:\/\/forkommerce.com\/it\/#website"},"datePublished":"2025-10-23T08:48:23+00:00","dateModified":"2026-03-04T15:27:02+00:00","breadcrumb":{"@id":"https:\/\/forkommerce.com\/pt-pt\/impressum\/#breadcrumb"},"inLanguage":"pt-PT","potentialAction":[{"@type":"ReadAction","target":["https:\/\/forkommerce.com\/pt-pt\/impressum\/"]}]},{"@type":"BreadcrumbList","@id":"https:\/\/forkommerce.com\/pt-pt\/impressum\/#breadcrumb","itemListElement":[{"@type":"ListItem","position":1,"name":"Home","item":"https:\/\/forkommerce.com\/pt-pt\/"},{"@type":"ListItem","position":2,"name":"Impressum"}]},{"@type":"WebSite","@id":"https:\/\/forkommerce.com\/it\/#website","url":"https:\/\/forkommerce.com\/it\/","name":"Forkommerce Spare Parts","description":"Ricambi originali e compatibili per carrelli elevatori e transpallet","publisher":{"@id":"https:\/\/forkommerce.com\/it\/#organization"},"alternateName":"Forkommerce Spare Parts","potentialAction":[{"@type":"SearchAction","target":{"@type":"EntryPoint","urlTemplate":"https:\/\/forkommerce.com\/it\/?s={search_term_string}"},"query-input":{"@type":"PropertyValueSpecification","valueRequired":true,"valueName":"search_term_string"}}],"inLanguage":"pt-PT"},{"@type":"Organization","@id":"https:\/\/forkommerce.com\/it\/#organization","name":"Forkommerce Spare Parts","url":"https:\/\/forkommerce.com\/it\/","logo":{"@type":"ImageObject","inLanguage":"pt-PT","@id":"https:\/\/forkommerce.com\/it\/#\/schema\/logo\/image\/","url":"https:\/\/forkommerce.com\/wp-content\/uploads\/2025\/09\/Logo-Forkommercex2.png","contentUrl":"https:\/\/forkommerce.com\/wp-content\/uploads\/2025\/09\/Logo-Forkommercex2.png","width":470,"height":120,"caption":"Forkommerce Spare Parts"},"image":{"@id":"https:\/\/forkommerce.com\/it\/#\/schema\/logo\/image\/"}}]}},"_links":{"self":[{"href":"https:\/\/forkommerce.com\/pt-pt\/wp-json\/wp\/v2\/pages\/994","targetHints":{"allow":["GET"]}}],"collection":[{"href":"https:\/\/forkommerce.com\/pt-pt\/wp-json\/wp\/v2\/pages"}],"about":[{"href":"https:\/\/forkommerce.com\/pt-pt\/wp-json\/wp\/v2\/types\/page"}],"author":[{"embeddable":true,"href":"https:\/\/forkommerce.com\/pt-pt\/wp-json\/wp\/v2\/users\/1"}],"replies":[{"embeddable":true,"href":"https:\/\/forkommerce.com\/pt-pt\/wp-json\/wp\/v2\/comments?post=994"}],"version-history":[{"count":3,"href":"https:\/\/forkommerce.com\/pt-pt\/wp-json\/wp\/v2\/pages\/994\/revisions"}],"predecessor-version":[{"id":4784,"href":"https:\/\/forkommerce.com\/pt-pt\/wp-json\/wp\/v2\/pages\/994\/revisions\/4784"}],"wp:attachment":[{"href":"https:\/\/forkommerce.com\/pt-pt\/wp-json\/wp\/v2\/media?parent=994"}],"curies":[{"name":"wp","href":"https:\/\/api.w.org\/{rel}","templated":true}]}}