{"id":2652,"date":"2026-02-09T12:15:39","date_gmt":"2026-02-09T11:15:39","guid":{"rendered":"https:\/\/forkommerce.com\/prodotto\/roda-motriz-vulkollan-230x70-80-mm-jungheinrich-63210590-compativel\/"},"modified":"2026-04-10T14:09:27","modified_gmt":"2026-04-10T12:09:27","slug":"roda-motriz-vulkollan-230x70-80-mm-jungheinrich-63210590-compativel","status":"publish","type":"product","link":"https:\/\/forkommerce.com\/pt-pt\/produto\/roda-motriz-vulkollan-230x70-80-mm-jungheinrich-63210590-compativel\/","title":{"rendered":"Roda motriz Vulkollan 230&#215;70\/80 mm Jungheinrich 63210590 (Compat\u00edvel)"},"content":{"rendered":"<p data-start=\"241\" data-end=\"518\">Roda de tra\u00e7\u00e3o de quartzo antiderrapante, utilizada em porta-paletes el\u00e9tricos de tim\u00e3o.<\/p>\n<p data-start=\"241\" data-end=\"518\">Fabricada em Vulkollan de alta resist\u00eancia, esta roda oferece uma excelente combina\u00e7\u00e3o de rigidez e flexibilidade, assegurando uma \u00f3tima tra\u00e7\u00e3o, deslizamento fluido e estabilidade mesmo com cargas pesadas.<\/p>\n<p data-start=\"241\" data-end=\"518\">Roda motriz de quartzo (antiderrapante). Jungheinrich (c\u00f3digo original 63210590).<\/p>\n<p data-start=\"241\" data-end=\"518\">Concebida para garantir a m\u00e1xima efici\u00eancia, durabilidade e seguran\u00e7a durante a movimenta\u00e7\u00e3o industrial, \u00e9 ideal como pe\u00e7a de substitui\u00e7\u00e3o original ou equivalente.<\/p>\n<p> Gra\u00e7as ao composto especial do rasto com adi\u00e7\u00e3o de quartzo, a roda n\u00e3o escorrega nem desliza t\u00e3o facilmente como o Vulkollan ou o poliuretano padr\u00e3o.<\/p>\n<p>Perfeita para armaz\u00e9ns, centros log\u00edsticos e ambientes industriais, reduz o desgaste das superf\u00edcies e dos componentes do empilhador, prolongando a sua vida \u00fatil.<\/p>\n<h3 data-section-id=\"1sv4o0i\" data-start=\"164\" data-end=\"194\">Principais caracter\u00edsticas:<\/h3>\n<p data-start=\"198\" data-end=\"291\">Roda motriz compat\u00edvel com empilhadores Jungheinrich (c\u00f3d. original 63210590).<\/p>\n<p data-start=\"294\" data-end=\"368\">Fabricada em Vulkollan de alta resist\u00eancia ao desgaste e \u00e0 abras\u00e3o.<\/p>\n<p data-start=\"371\" data-end=\"441\">Garante uma melhor ader\u00eancia ao solo e n\u00e3o marca (n\u00e3o deixa marcas).<\/p>\n<p data-start=\"371\" data-end=\"441\">Deslizamento fluido e silencioso, mesmo com cargas pesadas.<\/p>\n<p data-start=\"511\" data-end=\"564\">Ideal como substitui\u00e7\u00e3o da pe\u00e7a original.<\/p>\n<p data-start=\"567\" data-end=\"611\">Adequada para uso industrial e armaz\u00e9ns.<\/p>\n<p data-start=\"614\" data-end=\"669\">Alta durabilidade e redu\u00e7\u00e3o dos custos de manuten\u00e7\u00e3o.<\/p>\n","protected":false},"excerpt":{"rendered":"<p>Roda motriz Vulkollan 230&#215;70-80 mm Jungheinrich 63210590 (Compat\u00edvel)<\/p>\n","protected":false},"featured_media":2653,"template":"","meta":[],"product_brand":[179],"product_cat":[87,79],"product_tag":[],"class_list":{"0":"post-2652","1":"product","2":"type-product","3":"status-publish","4":"has-post-thumbnail","6":"product_brand-jungheinrich","7":"product_cat-pecas-compativeis","8":"product_cat-rolos-e-rodas","10":"first","11":"instock","12":"taxable","13":"shipping-taxable","14":"purchasable","15":"product-type-simple"},"yoast_head":"<!-- This site is optimized with the Yoast SEO plugin v27.3 - https:\/\/yoast.com\/product\/yoast-seo-wordpress\/ -->\n<title>Roda motriz Vulkollan 230x70\/80 mm Jungheinrich 63210590 (Compat\u00edvel) | Forkommerce Spare Parts<\/title>\n<meta name=\"robots\" content=\"index, follow, max-snippet:-1, max-image-preview:large, max-video-preview:-1\" \/>\n<link rel=\"canonical\" href=\"https:\/\/forkommerce.com\/pt-pt\/produto\/roda-motriz-vulkollan-230x70-80-mm-jungheinrich-63210590-compativel\/\" \/>\n<meta property=\"og:locale\" content=\"pt_PT\" \/>\n<meta property=\"og:type\" content=\"article\" \/>\n<meta property=\"og:title\" content=\"Roda motriz Vulkollan 230x70\/80 mm Jungheinrich 63210590 (Compat\u00edvel) | Forkommerce Spare Parts\" \/>\n<meta property=\"og:description\" content=\"Roda motriz Vulkollan 230x70-80 mm Jungheinrich 63210590 (Compat\u00edvel)\" \/>\n<meta property=\"og:url\" content=\"https:\/\/forkommerce.com\/pt-pt\/produto\/roda-motriz-vulkollan-230x70-80-mm-jungheinrich-63210590-compativel\/\" \/>\n<meta property=\"og:site_name\" content=\"Forkommerce Spare Parts\" \/>\n<meta property=\"article:modified_time\" content=\"2026-04-10T12:09:27+00:00\" \/>\n<meta property=\"og:image\" content=\"https:\/\/forkommerce.com\/wp-content\/uploads\/2026\/02\/Ruota-motrice-Vulkollan-230x70-80mm-Jungheinrich-63210590-Compatibile.jpeg\" \/>\n\t<meta property=\"og:image:width\" content=\"504\" \/>\n\t<meta property=\"og:image:height\" content=\"598\" \/>\n\t<meta property=\"og:image:type\" content=\"image\/jpeg\" \/>\n<meta name=\"twitter:card\" content=\"summary_large_image\" \/>\n<meta name=\"twitter:label1\" content=\"Tempo estimado de leitura\" \/>\n\t<meta name=\"twitter:data1\" content=\"1 minuto\" \/>\n<script type=\"application\/ld+json\" class=\"yoast-schema-graph\">{\"@context\":\"https:\\\/\\\/schema.org\",\"@graph\":[{\"@type\":\"WebPage\",\"@id\":\"https:\\\/\\\/forkommerce.com\\\/pt-pt\\\/produto\\\/roda-motriz-vulkollan-230x70-80-mm-jungheinrich-63210590-compativel\\\/\",\"url\":\"https:\\\/\\\/forkommerce.com\\\/pt-pt\\\/produto\\\/roda-motriz-vulkollan-230x70-80-mm-jungheinrich-63210590-compativel\\\/\",\"name\":\"Roda motriz Vulkollan 230x70\\\/80 mm Jungheinrich 63210590 (Compat\u00edvel) | Forkommerce Spare Parts\",\"isPartOf\":{\"@id\":\"https:\\\/\\\/forkommerce.com\\\/it\\\/#website\"},\"primaryImageOfPage\":{\"@id\":\"https:\\\/\\\/forkommerce.com\\\/pt-pt\\\/produto\\\/roda-motriz-vulkollan-230x70-80-mm-jungheinrich-63210590-compativel\\\/#primaryimage\"},\"image\":{\"@id\":\"https:\\\/\\\/forkommerce.com\\\/pt-pt\\\/produto\\\/roda-motriz-vulkollan-230x70-80-mm-jungheinrich-63210590-compativel\\\/#primaryimage\"},\"thumbnailUrl\":\"https:\\\/\\\/forkommerce.com\\\/wp-content\\\/uploads\\\/2026\\\/02\\\/Ruota-motrice-Vulkollan-230x70-80mm-Jungheinrich-63210590-Compatibile.jpeg\",\"datePublished\":\"2026-02-09T11:15:39+00:00\",\"dateModified\":\"2026-04-10T12:09:27+00:00\",\"breadcrumb\":{\"@id\":\"https:\\\/\\\/forkommerce.com\\\/pt-pt\\\/produto\\\/roda-motriz-vulkollan-230x70-80-mm-jungheinrich-63210590-compativel\\\/#breadcrumb\"},\"inLanguage\":\"pt-PT\",\"potentialAction\":[{\"@type\":\"ReadAction\",\"target\":[\"https:\\\/\\\/forkommerce.com\\\/pt-pt\\\/produto\\\/roda-motriz-vulkollan-230x70-80-mm-jungheinrich-63210590-compativel\\\/\"]}]},{\"@type\":\"ImageObject\",\"inLanguage\":\"pt-PT\",\"@id\":\"https:\\\/\\\/forkommerce.com\\\/pt-pt\\\/produto\\\/roda-motriz-vulkollan-230x70-80-mm-jungheinrich-63210590-compativel\\\/#primaryimage\",\"url\":\"https:\\\/\\\/forkommerce.com\\\/wp-content\\\/uploads\\\/2026\\\/02\\\/Ruota-motrice-Vulkollan-230x70-80mm-Jungheinrich-63210590-Compatibile.jpeg\",\"contentUrl\":\"https:\\\/\\\/forkommerce.com\\\/wp-content\\\/uploads\\\/2026\\\/02\\\/Ruota-motrice-Vulkollan-230x70-80mm-Jungheinrich-63210590-Compatibile.jpeg\",\"width\":504,\"height\":598,\"caption\":\"Roda motriz Vulkollan 230x70 80 mm Jungheinrich 63210590 (Compat\u00edvel)\"},{\"@type\":\"BreadcrumbList\",\"@id\":\"https:\\\/\\\/forkommerce.com\\\/pt-pt\\\/produto\\\/roda-motriz-vulkollan-230x70-80-mm-jungheinrich-63210590-compativel\\\/#breadcrumb\",\"itemListElement\":[{\"@type\":\"ListItem\",\"position\":1,\"name\":\"Home\",\"item\":\"https:\\\/\\\/forkommerce.com\\\/pt-pt\\\/\"},{\"@type\":\"ListItem\",\"position\":2,\"name\":\"Loja\",\"item\":\"https:\\\/\\\/forkommerce.com\\\/it\\\/negozio\\\/\"},{\"@type\":\"ListItem\",\"position\":3,\"name\":\"Roda motriz Vulkollan 230&#215;70\\\/80 mm Jungheinrich 63210590 (Compat\u00edvel)\"}]},{\"@type\":\"WebSite\",\"@id\":\"https:\\\/\\\/forkommerce.com\\\/it\\\/#website\",\"url\":\"https:\\\/\\\/forkommerce.com\\\/it\\\/\",\"name\":\"Forkommerce Spare Parts\",\"description\":\"Ricambi originali e compatibili per carrelli elevatori e transpallet\",\"publisher\":{\"@id\":\"https:\\\/\\\/forkommerce.com\\\/it\\\/#organization\"},\"alternateName\":\"Forkommerce Spare Parts\",\"potentialAction\":[{\"@type\":\"SearchAction\",\"target\":{\"@type\":\"EntryPoint\",\"urlTemplate\":\"https:\\\/\\\/forkommerce.com\\\/it\\\/?s={search_term_string}\"},\"query-input\":{\"@type\":\"PropertyValueSpecification\",\"valueRequired\":true,\"valueName\":\"search_term_string\"}}],\"inLanguage\":\"pt-PT\"},{\"@type\":\"Organization\",\"@id\":\"https:\\\/\\\/forkommerce.com\\\/it\\\/#organization\",\"name\":\"Forkommerce Spare Parts\",\"url\":\"https:\\\/\\\/forkommerce.com\\\/it\\\/\",\"logo\":{\"@type\":\"ImageObject\",\"inLanguage\":\"pt-PT\",\"@id\":\"https:\\\/\\\/forkommerce.com\\\/it\\\/#\\\/schema\\\/logo\\\/image\\\/\",\"url\":\"https:\\\/\\\/forkommerce.com\\\/wp-content\\\/uploads\\\/2025\\\/09\\\/Logo-Forkommercex2.png\",\"contentUrl\":\"https:\\\/\\\/forkommerce.com\\\/wp-content\\\/uploads\\\/2025\\\/09\\\/Logo-Forkommercex2.png\",\"width\":470,\"height\":120,\"caption\":\"Forkommerce Spare Parts\"},\"image\":{\"@id\":\"https:\\\/\\\/forkommerce.com\\\/it\\\/#\\\/schema\\\/logo\\\/image\\\/\"}}]}<\/script>\n<!-- \/ Yoast SEO plugin. -->","yoast_head_json":{"title":"Roda motriz Vulkollan 230x70\/80 mm Jungheinrich 63210590 (Compat\u00edvel) | Forkommerce Spare Parts","robots":{"index":"index","follow":"follow","max-snippet":"max-snippet:-1","max-image-preview":"max-image-preview:large","max-video-preview":"max-video-preview:-1"},"canonical":"https:\/\/forkommerce.com\/pt-pt\/produto\/roda-motriz-vulkollan-230x70-80-mm-jungheinrich-63210590-compativel\/","og_locale":"pt_PT","og_type":"article","og_title":"Roda motriz Vulkollan 230x70\/80 mm Jungheinrich 63210590 (Compat\u00edvel) | Forkommerce Spare Parts","og_description":"Roda motriz Vulkollan 230x70-80 mm Jungheinrich 63210590 (Compat\u00edvel)","og_url":"https:\/\/forkommerce.com\/pt-pt\/produto\/roda-motriz-vulkollan-230x70-80-mm-jungheinrich-63210590-compativel\/","og_site_name":"Forkommerce Spare Parts","article_modified_time":"2026-04-10T12:09:27+00:00","og_image":[{"width":504,"height":598,"url":"https:\/\/forkommerce.com\/wp-content\/uploads\/2026\/02\/Ruota-motrice-Vulkollan-230x70-80mm-Jungheinrich-63210590-Compatibile.jpeg","type":"image\/jpeg"}],"twitter_card":"summary_large_image","twitter_misc":{"Tempo estimado de leitura":"1 minuto"},"schema":{"@context":"https:\/\/schema.org","@graph":[{"@type":"WebPage","@id":"https:\/\/forkommerce.com\/pt-pt\/produto\/roda-motriz-vulkollan-230x70-80-mm-jungheinrich-63210590-compativel\/","url":"https:\/\/forkommerce.com\/pt-pt\/produto\/roda-motriz-vulkollan-230x70-80-mm-jungheinrich-63210590-compativel\/","name":"Roda motriz Vulkollan 230x70\/80 mm Jungheinrich 63210590 (Compat\u00edvel) | Forkommerce Spare Parts","isPartOf":{"@id":"https:\/\/forkommerce.com\/it\/#website"},"primaryImageOfPage":{"@id":"https:\/\/forkommerce.com\/pt-pt\/produto\/roda-motriz-vulkollan-230x70-80-mm-jungheinrich-63210590-compativel\/#primaryimage"},"image":{"@id":"https:\/\/forkommerce.com\/pt-pt\/produto\/roda-motriz-vulkollan-230x70-80-mm-jungheinrich-63210590-compativel\/#primaryimage"},"thumbnailUrl":"https:\/\/forkommerce.com\/wp-content\/uploads\/2026\/02\/Ruota-motrice-Vulkollan-230x70-80mm-Jungheinrich-63210590-Compatibile.jpeg","datePublished":"2026-02-09T11:15:39+00:00","dateModified":"2026-04-10T12:09:27+00:00","breadcrumb":{"@id":"https:\/\/forkommerce.com\/pt-pt\/produto\/roda-motriz-vulkollan-230x70-80-mm-jungheinrich-63210590-compativel\/#breadcrumb"},"inLanguage":"pt-PT","potentialAction":[{"@type":"ReadAction","target":["https:\/\/forkommerce.com\/pt-pt\/produto\/roda-motriz-vulkollan-230x70-80-mm-jungheinrich-63210590-compativel\/"]}]},{"@type":"ImageObject","inLanguage":"pt-PT","@id":"https:\/\/forkommerce.com\/pt-pt\/produto\/roda-motriz-vulkollan-230x70-80-mm-jungheinrich-63210590-compativel\/#primaryimage","url":"https:\/\/forkommerce.com\/wp-content\/uploads\/2026\/02\/Ruota-motrice-Vulkollan-230x70-80mm-Jungheinrich-63210590-Compatibile.jpeg","contentUrl":"https:\/\/forkommerce.com\/wp-content\/uploads\/2026\/02\/Ruota-motrice-Vulkollan-230x70-80mm-Jungheinrich-63210590-Compatibile.jpeg","width":504,"height":598,"caption":"Roda motriz Vulkollan 230x70 80 mm Jungheinrich 63210590 (Compat\u00edvel)"},{"@type":"BreadcrumbList","@id":"https:\/\/forkommerce.com\/pt-pt\/produto\/roda-motriz-vulkollan-230x70-80-mm-jungheinrich-63210590-compativel\/#breadcrumb","itemListElement":[{"@type":"ListItem","position":1,"name":"Home","item":"https:\/\/forkommerce.com\/pt-pt\/"},{"@type":"ListItem","position":2,"name":"Loja","item":"https:\/\/forkommerce.com\/it\/negozio\/"},{"@type":"ListItem","position":3,"name":"Roda motriz Vulkollan 230&#215;70\/80 mm Jungheinrich 63210590 (Compat\u00edvel)"}]},{"@type":"WebSite","@id":"https:\/\/forkommerce.com\/it\/#website","url":"https:\/\/forkommerce.com\/it\/","name":"Forkommerce Spare Parts","description":"Ricambi originali e compatibili per carrelli elevatori e transpallet","publisher":{"@id":"https:\/\/forkommerce.com\/it\/#organization"},"alternateName":"Forkommerce Spare Parts","potentialAction":[{"@type":"SearchAction","target":{"@type":"EntryPoint","urlTemplate":"https:\/\/forkommerce.com\/it\/?s={search_term_string}"},"query-input":{"@type":"PropertyValueSpecification","valueRequired":true,"valueName":"search_term_string"}}],"inLanguage":"pt-PT"},{"@type":"Organization","@id":"https:\/\/forkommerce.com\/it\/#organization","name":"Forkommerce Spare Parts","url":"https:\/\/forkommerce.com\/it\/","logo":{"@type":"ImageObject","inLanguage":"pt-PT","@id":"https:\/\/forkommerce.com\/it\/#\/schema\/logo\/image\/","url":"https:\/\/forkommerce.com\/wp-content\/uploads\/2025\/09\/Logo-Forkommercex2.png","contentUrl":"https:\/\/forkommerce.com\/wp-content\/uploads\/2025\/09\/Logo-Forkommercex2.png","width":470,"height":120,"caption":"Forkommerce Spare Parts"},"image":{"@id":"https:\/\/forkommerce.com\/it\/#\/schema\/logo\/image\/"}}]}},"_links":{"self":[{"href":"https:\/\/forkommerce.com\/pt-pt\/wp-json\/wp\/v2\/product\/2652","targetHints":{"allow":["GET"]}}],"collection":[{"href":"https:\/\/forkommerce.com\/pt-pt\/wp-json\/wp\/v2\/product"}],"about":[{"href":"https:\/\/forkommerce.com\/pt-pt\/wp-json\/wp\/v2\/types\/product"}],"wp:featuredmedia":[{"embeddable":true,"href":"https:\/\/forkommerce.com\/pt-pt\/wp-json\/wp\/v2\/media\/2653"}],"wp:attachment":[{"href":"https:\/\/forkommerce.com\/pt-pt\/wp-json\/wp\/v2\/media?parent=2652"}],"wp:term":[{"taxonomy":"product_brand","embeddable":true,"href":"https:\/\/forkommerce.com\/pt-pt\/wp-json\/wp\/v2\/product_brand?post=2652"},{"taxonomy":"product_cat","embeddable":true,"href":"https:\/\/forkommerce.com\/pt-pt\/wp-json\/wp\/v2\/product_cat?post=2652"},{"taxonomy":"product_tag","embeddable":true,"href":"https:\/\/forkommerce.com\/pt-pt\/wp-json\/wp\/v2\/product_tag?post=2652"}],"curies":[{"name":"wp","href":"https:\/\/api.w.org\/{rel}","templated":true}]}}