{"id":2721,"date":"2026-02-09T09:37:18","date_gmt":"2026-02-09T08:37:18","guid":{"rendered":"https:\/\/forkommerce.com\/prodotto\/roda-estabilizadora-140x54-60-poliuretano-jungheinrich-50432647-compativel\/"},"modified":"2026-04-10T14:33:37","modified_gmt":"2026-04-10T12:33:37","slug":"roda-estabilizadora-140x54-60-poliuretano-jungheinrich-50432647-compativel","status":"publish","type":"product","link":"https:\/\/forkommerce.com\/pt-pt\/produto\/roda-estabilizadora-140x54-60-poliuretano-jungheinrich-50432647-compativel\/","title":{"rendered":"Roda estabilizadora 140&#215;54\/60 Poliuretano Jungheinrich 50432647 (Compat\u00edvel)"},"content":{"rendered":"<h4><strong>Roda estabilizadora <\/strong><strong>140&#215;54\/60 Poliuretano Jungheinrich 50432647 <\/strong> <\/h4>\n<p>Roda estabilizadora de alta qualidade, concebida para empilhadores Jungheinrich (c\u00f3digo original 50432647).<\/p>\n<p>Fabricada em poliuretano resistente ao desgaste, garante estabilidade e um deslizamento suave durante as opera\u00e7\u00f5es de movimenta\u00e7\u00e3o, contribuindo para a seguran\u00e7a e efici\u00eancia do equipamento.<\/p>\n<p>Ideal como pe\u00e7a de substitui\u00e7\u00e3o para garantir durabilidade, estabilidade e fluidez durante a utiliza\u00e7\u00e3o de empilhadores el\u00e9tricos e porta-paletes.<\/p>\n<p>Compat\u00edvel com diversos modelos de empilhadores Jungheinrich, Linde, Still, Crown e Steinbock.<\/p>\n<h3 data-section-id=\"1sv4o0i\" data-start=\"156\" data-end=\"186\">Principais caracter\u00edsticas:<\/h3>\n<p data-start=\"190\" data-end=\"281\">Roda estabilizadora compat\u00edvel com empilhadores Jungheinrich (c\u00f3d. 50432647).<\/p>\n<p data-start=\"284\" data-end=\"341\">Material: poliuretano de alta resist\u00eancia ao desgaste.<\/p>\n<p data-start=\"344\" data-end=\"391\">Tipo de roda: estabilizadora \/ de apoio.<\/p>\n<p data-start=\"394\" data-end=\"436\">Garante uma excelente estabilidade e durabilidade.<\/p>\n<p data-start=\"439\" data-end=\"503\">Deslizamento fluido e silencioso, mesmo com cargas pesadas.<\/p>\n<p data-start=\"506\" data-end=\"559\">Ideal como substitui\u00e7\u00e3o da pe\u00e7a original.<\/p>\n<p data-start=\"562\" data-end=\"607\">Reduz o desgaste dos componentes e do pavimento.<\/p>\n<p data-start=\"610\" data-end=\"676\">Adequada para ambientes industriais e armaz\u00e9ns de tr\u00e1fego intenso.<\/p>\n<p><strong>C\u00f3digos originais \/ Refer\u00eancia cruzada:<\/strong><br \/>\n50432647, 51036772, 50056035, 50019777, 27885180, 50312941, 50056034, 51146301, 0009933747 (Linde), 0009934020 (Linde), 4499771 (Still), 810974-003 (Crown), 5061784 (Steinbock)<\/p>\n<p><strong>Compat\u00edvel com os modelos Jungheinrich:<\/strong><\/p>\n<ul>\n<li>EJC 12-16 \/ 7.96 &#8211; 4.98<\/li>\n<li>EJC 10\/12 \/ 10.97 &#8211;<\/li>\n<li>EJC 14\/16 \/ 6.98 &#8211; 2.06<\/li>\n<li>EJC-Z 14\/16 \/ 1.99 &#8211; 4.05<\/li>\n<li>EJC 12 C \/ 7.03 &#8211; 1<\/li>\n<li>EJC-20\/25 \/ 4.05 &#8211; 12.06<\/li>\n<li>EJC Z14\/Z16 \/ 5.05 &#8211; 1<\/li>\n<li>EJC 212-216 \/ 1.06 &#8211; 5.08<\/li>\n<li>EJC 220 \/ 8.06 &#8211;<\/li>\n<li>EJC 110\/112 \/ 8.07 &#8211; 10.07<\/li>\n<li>EJC 110\/112 \/ 9.07 &#8211;<\/li>\n<li>EJC 212 \/ 214 \/ 216 \/ 6.08 &#8211;<\/li>\n<li>EJC M10 \/ 6.09 &#8211; 6.09 1<\/li>\n<li>EJC 110n\/112n \/ 10.09 &#8211;<\/li>\n<li>EJD 16-4 \/ 8.96 &#8211; 12.99<\/li>\n<li>EJE 16-4 \/ 1.00 \u2013<\/li>\n<\/ul>\n<p>&nbsp;<\/p>\n","protected":false},"excerpt":{"rendered":"<p>Roda estabilizadora 140&#215;54\/60 Poliuretano Jungheinrich 50432647 (Compat\u00edvel)<\/p>\n","protected":false},"featured_media":2722,"template":"","meta":[],"product_brand":[169,179,118,125],"product_cat":[87,79],"product_tag":[],"class_list":{"0":"post-2721","1":"product","2":"type-product","3":"status-publish","4":"has-post-thumbnail","6":"product_brand-crown","7":"product_brand-jungheinrich","8":"product_brand-linde","9":"product_brand-still","10":"product_cat-pecas-compativeis","11":"product_cat-rolos-e-rodas","13":"first","14":"instock","15":"taxable","16":"shipping-taxable","17":"purchasable","18":"product-type-simple"},"yoast_head":"<!-- This site is optimized with the Yoast SEO plugin v27.3 - https:\/\/yoast.com\/product\/yoast-seo-wordpress\/ -->\n<title>Roda estabilizadora 140x54\/60 Poliuretano Jungheinrich 50432647 (Compat\u00edvel) | Forkommerce Spare Parts<\/title>\n<meta name=\"robots\" content=\"index, follow, max-snippet:-1, max-image-preview:large, max-video-preview:-1\" \/>\n<link rel=\"canonical\" href=\"https:\/\/forkommerce.com\/pt-pt\/produto\/roda-estabilizadora-140x54-60-poliuretano-jungheinrich-50432647-compativel\/\" \/>\n<meta property=\"og:locale\" content=\"pt_PT\" \/>\n<meta property=\"og:type\" content=\"article\" \/>\n<meta property=\"og:title\" content=\"Roda estabilizadora 140x54\/60 Poliuretano Jungheinrich 50432647 (Compat\u00edvel) | Forkommerce Spare Parts\" \/>\n<meta property=\"og:description\" content=\"Roda estabilizadora 140x54\/60 Poliuretano Jungheinrich 50432647 (Compat\u00edvel)\" \/>\n<meta property=\"og:url\" content=\"https:\/\/forkommerce.com\/pt-pt\/produto\/roda-estabilizadora-140x54-60-poliuretano-jungheinrich-50432647-compativel\/\" \/>\n<meta property=\"og:site_name\" content=\"Forkommerce Spare Parts\" \/>\n<meta property=\"article:modified_time\" content=\"2026-04-10T12:33:37+00:00\" \/>\n<meta property=\"og:image\" content=\"https:\/\/forkommerce.com\/wp-content\/uploads\/2026\/02\/Ruota-stabilizzatrice-140x54-60-Poliuretano-20F-Jungheinrich-50432647-Compatibile.jpg\" \/>\n\t<meta property=\"og:image:width\" content=\"378\" \/>\n\t<meta property=\"og:image:height\" content=\"472\" \/>\n\t<meta property=\"og:image:type\" content=\"image\/jpeg\" \/>\n<meta name=\"twitter:card\" content=\"summary_large_image\" \/>\n<meta name=\"twitter:label1\" content=\"Tempo estimado de leitura\" \/>\n\t<meta name=\"twitter:data1\" content=\"1 minuto\" \/>\n<script type=\"application\/ld+json\" class=\"yoast-schema-graph\">{\"@context\":\"https:\\\/\\\/schema.org\",\"@graph\":[{\"@type\":\"WebPage\",\"@id\":\"https:\\\/\\\/forkommerce.com\\\/pt-pt\\\/produto\\\/roda-estabilizadora-140x54-60-poliuretano-jungheinrich-50432647-compativel\\\/\",\"url\":\"https:\\\/\\\/forkommerce.com\\\/pt-pt\\\/produto\\\/roda-estabilizadora-140x54-60-poliuretano-jungheinrich-50432647-compativel\\\/\",\"name\":\"Roda estabilizadora 140x54\\\/60 Poliuretano Jungheinrich 50432647 (Compat\u00edvel) | Forkommerce Spare Parts\",\"isPartOf\":{\"@id\":\"https:\\\/\\\/forkommerce.com\\\/it\\\/#website\"},\"primaryImageOfPage\":{\"@id\":\"https:\\\/\\\/forkommerce.com\\\/pt-pt\\\/produto\\\/roda-estabilizadora-140x54-60-poliuretano-jungheinrich-50432647-compativel\\\/#primaryimage\"},\"image\":{\"@id\":\"https:\\\/\\\/forkommerce.com\\\/pt-pt\\\/produto\\\/roda-estabilizadora-140x54-60-poliuretano-jungheinrich-50432647-compativel\\\/#primaryimage\"},\"thumbnailUrl\":\"https:\\\/\\\/forkommerce.com\\\/wp-content\\\/uploads\\\/2026\\\/02\\\/Ruota-stabilizzatrice-140x54-60-Poliuretano-20F-Jungheinrich-50432647-Compatibile.jpg\",\"datePublished\":\"2026-02-09T08:37:18+00:00\",\"dateModified\":\"2026-04-10T12:33:37+00:00\",\"breadcrumb\":{\"@id\":\"https:\\\/\\\/forkommerce.com\\\/pt-pt\\\/produto\\\/roda-estabilizadora-140x54-60-poliuretano-jungheinrich-50432647-compativel\\\/#breadcrumb\"},\"inLanguage\":\"pt-PT\",\"potentialAction\":[{\"@type\":\"ReadAction\",\"target\":[\"https:\\\/\\\/forkommerce.com\\\/pt-pt\\\/produto\\\/roda-estabilizadora-140x54-60-poliuretano-jungheinrich-50432647-compativel\\\/\"]}]},{\"@type\":\"ImageObject\",\"inLanguage\":\"pt-PT\",\"@id\":\"https:\\\/\\\/forkommerce.com\\\/pt-pt\\\/produto\\\/roda-estabilizadora-140x54-60-poliuretano-jungheinrich-50432647-compativel\\\/#primaryimage\",\"url\":\"https:\\\/\\\/forkommerce.com\\\/wp-content\\\/uploads\\\/2026\\\/02\\\/Ruota-stabilizzatrice-140x54-60-Poliuretano-20F-Jungheinrich-50432647-Compatibile.jpg\",\"contentUrl\":\"https:\\\/\\\/forkommerce.com\\\/wp-content\\\/uploads\\\/2026\\\/02\\\/Ruota-stabilizzatrice-140x54-60-Poliuretano-20F-Jungheinrich-50432647-Compatibile.jpg\",\"width\":378,\"height\":472,\"caption\":\"Roda estabilizadora 140x54 60 Poliuretano 20F Jungheinrich 50432647 (Compat\u00edvel)\"},{\"@type\":\"BreadcrumbList\",\"@id\":\"https:\\\/\\\/forkommerce.com\\\/pt-pt\\\/produto\\\/roda-estabilizadora-140x54-60-poliuretano-jungheinrich-50432647-compativel\\\/#breadcrumb\",\"itemListElement\":[{\"@type\":\"ListItem\",\"position\":1,\"name\":\"Home\",\"item\":\"https:\\\/\\\/forkommerce.com\\\/pt-pt\\\/\"},{\"@type\":\"ListItem\",\"position\":2,\"name\":\"Loja\",\"item\":\"https:\\\/\\\/forkommerce.com\\\/it\\\/negozio\\\/\"},{\"@type\":\"ListItem\",\"position\":3,\"name\":\"Roda estabilizadora 140&#215;54\\\/60 Poliuretano Jungheinrich 50432647 (Compat\u00edvel)\"}]},{\"@type\":\"WebSite\",\"@id\":\"https:\\\/\\\/forkommerce.com\\\/it\\\/#website\",\"url\":\"https:\\\/\\\/forkommerce.com\\\/it\\\/\",\"name\":\"Forkommerce Spare Parts\",\"description\":\"Ricambi originali e compatibili per carrelli elevatori e transpallet\",\"publisher\":{\"@id\":\"https:\\\/\\\/forkommerce.com\\\/it\\\/#organization\"},\"alternateName\":\"Forkommerce Spare Parts\",\"potentialAction\":[{\"@type\":\"SearchAction\",\"target\":{\"@type\":\"EntryPoint\",\"urlTemplate\":\"https:\\\/\\\/forkommerce.com\\\/it\\\/?s={search_term_string}\"},\"query-input\":{\"@type\":\"PropertyValueSpecification\",\"valueRequired\":true,\"valueName\":\"search_term_string\"}}],\"inLanguage\":\"pt-PT\"},{\"@type\":\"Organization\",\"@id\":\"https:\\\/\\\/forkommerce.com\\\/it\\\/#organization\",\"name\":\"Forkommerce Spare Parts\",\"url\":\"https:\\\/\\\/forkommerce.com\\\/it\\\/\",\"logo\":{\"@type\":\"ImageObject\",\"inLanguage\":\"pt-PT\",\"@id\":\"https:\\\/\\\/forkommerce.com\\\/it\\\/#\\\/schema\\\/logo\\\/image\\\/\",\"url\":\"https:\\\/\\\/forkommerce.com\\\/wp-content\\\/uploads\\\/2025\\\/09\\\/Logo-Forkommercex2.png\",\"contentUrl\":\"https:\\\/\\\/forkommerce.com\\\/wp-content\\\/uploads\\\/2025\\\/09\\\/Logo-Forkommercex2.png\",\"width\":470,\"height\":120,\"caption\":\"Forkommerce Spare Parts\"},\"image\":{\"@id\":\"https:\\\/\\\/forkommerce.com\\\/it\\\/#\\\/schema\\\/logo\\\/image\\\/\"}}]}<\/script>\n<!-- \/ Yoast SEO plugin. -->","yoast_head_json":{"title":"Roda estabilizadora 140x54\/60 Poliuretano Jungheinrich 50432647 (Compat\u00edvel) | Forkommerce Spare Parts","robots":{"index":"index","follow":"follow","max-snippet":"max-snippet:-1","max-image-preview":"max-image-preview:large","max-video-preview":"max-video-preview:-1"},"canonical":"https:\/\/forkommerce.com\/pt-pt\/produto\/roda-estabilizadora-140x54-60-poliuretano-jungheinrich-50432647-compativel\/","og_locale":"pt_PT","og_type":"article","og_title":"Roda estabilizadora 140x54\/60 Poliuretano Jungheinrich 50432647 (Compat\u00edvel) | Forkommerce Spare Parts","og_description":"Roda estabilizadora 140x54\/60 Poliuretano Jungheinrich 50432647 (Compat\u00edvel)","og_url":"https:\/\/forkommerce.com\/pt-pt\/produto\/roda-estabilizadora-140x54-60-poliuretano-jungheinrich-50432647-compativel\/","og_site_name":"Forkommerce Spare Parts","article_modified_time":"2026-04-10T12:33:37+00:00","og_image":[{"width":378,"height":472,"url":"https:\/\/forkommerce.com\/wp-content\/uploads\/2026\/02\/Ruota-stabilizzatrice-140x54-60-Poliuretano-20F-Jungheinrich-50432647-Compatibile.jpg","type":"image\/jpeg"}],"twitter_card":"summary_large_image","twitter_misc":{"Tempo estimado de leitura":"1 minuto"},"schema":{"@context":"https:\/\/schema.org","@graph":[{"@type":"WebPage","@id":"https:\/\/forkommerce.com\/pt-pt\/produto\/roda-estabilizadora-140x54-60-poliuretano-jungheinrich-50432647-compativel\/","url":"https:\/\/forkommerce.com\/pt-pt\/produto\/roda-estabilizadora-140x54-60-poliuretano-jungheinrich-50432647-compativel\/","name":"Roda estabilizadora 140x54\/60 Poliuretano Jungheinrich 50432647 (Compat\u00edvel) | Forkommerce Spare Parts","isPartOf":{"@id":"https:\/\/forkommerce.com\/it\/#website"},"primaryImageOfPage":{"@id":"https:\/\/forkommerce.com\/pt-pt\/produto\/roda-estabilizadora-140x54-60-poliuretano-jungheinrich-50432647-compativel\/#primaryimage"},"image":{"@id":"https:\/\/forkommerce.com\/pt-pt\/produto\/roda-estabilizadora-140x54-60-poliuretano-jungheinrich-50432647-compativel\/#primaryimage"},"thumbnailUrl":"https:\/\/forkommerce.com\/wp-content\/uploads\/2026\/02\/Ruota-stabilizzatrice-140x54-60-Poliuretano-20F-Jungheinrich-50432647-Compatibile.jpg","datePublished":"2026-02-09T08:37:18+00:00","dateModified":"2026-04-10T12:33:37+00:00","breadcrumb":{"@id":"https:\/\/forkommerce.com\/pt-pt\/produto\/roda-estabilizadora-140x54-60-poliuretano-jungheinrich-50432647-compativel\/#breadcrumb"},"inLanguage":"pt-PT","potentialAction":[{"@type":"ReadAction","target":["https:\/\/forkommerce.com\/pt-pt\/produto\/roda-estabilizadora-140x54-60-poliuretano-jungheinrich-50432647-compativel\/"]}]},{"@type":"ImageObject","inLanguage":"pt-PT","@id":"https:\/\/forkommerce.com\/pt-pt\/produto\/roda-estabilizadora-140x54-60-poliuretano-jungheinrich-50432647-compativel\/#primaryimage","url":"https:\/\/forkommerce.com\/wp-content\/uploads\/2026\/02\/Ruota-stabilizzatrice-140x54-60-Poliuretano-20F-Jungheinrich-50432647-Compatibile.jpg","contentUrl":"https:\/\/forkommerce.com\/wp-content\/uploads\/2026\/02\/Ruota-stabilizzatrice-140x54-60-Poliuretano-20F-Jungheinrich-50432647-Compatibile.jpg","width":378,"height":472,"caption":"Roda estabilizadora 140x54 60 Poliuretano 20F Jungheinrich 50432647 (Compat\u00edvel)"},{"@type":"BreadcrumbList","@id":"https:\/\/forkommerce.com\/pt-pt\/produto\/roda-estabilizadora-140x54-60-poliuretano-jungheinrich-50432647-compativel\/#breadcrumb","itemListElement":[{"@type":"ListItem","position":1,"name":"Home","item":"https:\/\/forkommerce.com\/pt-pt\/"},{"@type":"ListItem","position":2,"name":"Loja","item":"https:\/\/forkommerce.com\/it\/negozio\/"},{"@type":"ListItem","position":3,"name":"Roda estabilizadora 140&#215;54\/60 Poliuretano Jungheinrich 50432647 (Compat\u00edvel)"}]},{"@type":"WebSite","@id":"https:\/\/forkommerce.com\/it\/#website","url":"https:\/\/forkommerce.com\/it\/","name":"Forkommerce Spare Parts","description":"Ricambi originali e compatibili per carrelli elevatori e transpallet","publisher":{"@id":"https:\/\/forkommerce.com\/it\/#organization"},"alternateName":"Forkommerce Spare Parts","potentialAction":[{"@type":"SearchAction","target":{"@type":"EntryPoint","urlTemplate":"https:\/\/forkommerce.com\/it\/?s={search_term_string}"},"query-input":{"@type":"PropertyValueSpecification","valueRequired":true,"valueName":"search_term_string"}}],"inLanguage":"pt-PT"},{"@type":"Organization","@id":"https:\/\/forkommerce.com\/it\/#organization","name":"Forkommerce Spare Parts","url":"https:\/\/forkommerce.com\/it\/","logo":{"@type":"ImageObject","inLanguage":"pt-PT","@id":"https:\/\/forkommerce.com\/it\/#\/schema\/logo\/image\/","url":"https:\/\/forkommerce.com\/wp-content\/uploads\/2025\/09\/Logo-Forkommercex2.png","contentUrl":"https:\/\/forkommerce.com\/wp-content\/uploads\/2025\/09\/Logo-Forkommercex2.png","width":470,"height":120,"caption":"Forkommerce Spare Parts"},"image":{"@id":"https:\/\/forkommerce.com\/it\/#\/schema\/logo\/image\/"}}]}},"_links":{"self":[{"href":"https:\/\/forkommerce.com\/pt-pt\/wp-json\/wp\/v2\/product\/2721","targetHints":{"allow":["GET"]}}],"collection":[{"href":"https:\/\/forkommerce.com\/pt-pt\/wp-json\/wp\/v2\/product"}],"about":[{"href":"https:\/\/forkommerce.com\/pt-pt\/wp-json\/wp\/v2\/types\/product"}],"wp:featuredmedia":[{"embeddable":true,"href":"https:\/\/forkommerce.com\/pt-pt\/wp-json\/wp\/v2\/media\/2722"}],"wp:attachment":[{"href":"https:\/\/forkommerce.com\/pt-pt\/wp-json\/wp\/v2\/media?parent=2721"}],"wp:term":[{"taxonomy":"product_brand","embeddable":true,"href":"https:\/\/forkommerce.com\/pt-pt\/wp-json\/wp\/v2\/product_brand?post=2721"},{"taxonomy":"product_cat","embeddable":true,"href":"https:\/\/forkommerce.com\/pt-pt\/wp-json\/wp\/v2\/product_cat?post=2721"},{"taxonomy":"product_tag","embeddable":true,"href":"https:\/\/forkommerce.com\/pt-pt\/wp-json\/wp\/v2\/product_tag?post=2721"}],"curies":[{"name":"wp","href":"https:\/\/api.w.org\/{rel}","templated":true}]}}