{"id":2807,"date":"2026-02-06T11:51:37","date_gmt":"2026-02-06T10:51:37","guid":{"rendered":"https:\/\/forkommerce.com\/prodotto\/rolo-85x80-85-poliuretano-12f-heli-1000332004-compativel\/"},"modified":"2026-04-11T10:36:55","modified_gmt":"2026-04-11T08:36:55","slug":"rolo-85x80-85-poliuretano-12f-heli-1000332004-compativel","status":"publish","type":"product","link":"https:\/\/forkommerce.com\/pt-pt\/produto\/rolo-85x80-85-poliuretano-12f-heli-1000332004-compativel\/","title":{"rendered":"Rolo 85&#215;80\/85 Poliuretano 12F Heli 1000332004 (Compat\u00edvel)"},"content":{"rendered":"<h4><strong>Rolo 85&#215;80\/85 Poliuretano 12F Heli 1000332004  <\/strong><\/h4>\n<p data-start=\"180\" data-end=\"609\">Rolo de alta qualidade concebido para empilhadores Heli<\/p>\n<p data-start=\"180\" data-end=\"609\">Fabricado em poliuretano resistente ao desgaste, garante deslizamento suave, estabilidade e longa dura\u00e7\u00e3o mesmo em ambientes industriais de tr\u00e1fego intenso.<\/p>\n<p data-start=\"180\" data-end=\"609\">Ideal como pe\u00e7a original ou substitui\u00e7\u00e3o equivalente, contribui para melhorar a efici\u00eancia operacional e a seguran\u00e7a durante a movimenta\u00e7\u00e3o de paletes e mercadorias pesadas.<\/p>\n<p data-start=\"611\" data-end=\"846\">Gra\u00e7as ao material dur\u00e1vel e resistente, o rolo reduz o desgaste dos componentes e das superf\u00edcies de contacto, assegurando desempenho constante mesmo com cargas elevadas. Perfeito para armaz\u00e9ns, centros log\u00edsticos e linhas de produ\u00e7\u00e3o. <\/p>\n<h4 data-section-id=\"d437e9\" data-start=\"853\" data-end=\"882\">Principais caracter\u00edsticas:<\/h4>\n<p data-start=\"952\" data-end=\"1025\">Material: poliuretano de alta resist\u00eancia ao desgaste e \u00e0 abras\u00e3o.<\/p>\n<p data-start=\"1028\" data-end=\"1074\">Tipo de rolo: estabilizador \/ suporte.<\/p>\n<p data-start=\"1077\" data-end=\"1119\">Garante uma excelente estabilidade e durabilidade.<\/p>\n<p data-start=\"1122\" data-end=\"1186\">Deslizamento fluido e silencioso, mesmo com cargas pesadas.<\/p>\n<p data-start=\"1189\" data-end=\"1242\">Ideal como substitui\u00e7\u00e3o da pe\u00e7a original.<\/p>\n<p data-start=\"1245\" data-end=\"1292\">Reduz o desgaste dos componentes e do pavimento.<\/p>\n<p data-start=\"1295\" data-end=\"1361\">Adequado para ambientes industriais e armaz\u00e9ns de tr\u00e1fego intenso.<\/p>\n<h5><strong>Compatibilidade \/ Aplica\u00e7\u00f5es:<\/strong><\/h5>\n<p>Compat\u00edvel com empilhadores Heli:<\/p>\n<p>CBD20-30-460 \/ 470<\/p>\n<p>CBD20-30TD \/ KBZ<\/p>\n","protected":false},"excerpt":{"rendered":"<p>Rolo 85&#215;80\/85 Poliuretano 12F Heli 1000332004 (Compat\u00edvel)<\/p>\n","protected":false},"featured_media":2808,"template":"","meta":[],"product_brand":[225],"product_cat":[87,79],"product_tag":[],"class_list":{"0":"post-2807","1":"product","2":"type-product","3":"status-publish","4":"has-post-thumbnail","6":"product_brand-heli","7":"product_cat-pecas-compativeis","8":"product_cat-rolos-e-rodas","10":"first","11":"instock","12":"taxable","13":"shipping-taxable","14":"purchasable","15":"product-type-simple"},"yoast_head":"<!-- This site is optimized with the Yoast SEO plugin v27.3 - https:\/\/yoast.com\/product\/yoast-seo-wordpress\/ -->\n<title>Rolo 85x80\/85 Poliuretano 12F Heli 1000332004 (Compat\u00edvel) | Forkommerce Spare Parts<\/title>\n<meta name=\"robots\" content=\"index, follow, max-snippet:-1, max-image-preview:large, max-video-preview:-1\" \/>\n<link rel=\"canonical\" href=\"https:\/\/forkommerce.com\/pt-pt\/produto\/rolo-85x80-85-poliuretano-12f-heli-1000332004-compativel\/\" \/>\n<meta property=\"og:locale\" content=\"pt_PT\" \/>\n<meta property=\"og:type\" content=\"article\" \/>\n<meta property=\"og:title\" content=\"Rolo 85x80\/85 Poliuretano 12F Heli 1000332004 (Compat\u00edvel) | Forkommerce Spare Parts\" \/>\n<meta property=\"og:description\" content=\"Rolo 85x80\/85 Poliuretano 12F Heli 1000332004 (Compat\u00edvel)\" \/>\n<meta property=\"og:url\" content=\"https:\/\/forkommerce.com\/pt-pt\/produto\/rolo-85x80-85-poliuretano-12f-heli-1000332004-compativel\/\" \/>\n<meta property=\"og:site_name\" content=\"Forkommerce Spare Parts\" \/>\n<meta property=\"article:modified_time\" content=\"2026-04-11T08:36:55+00:00\" \/>\n<meta property=\"og:image\" content=\"https:\/\/forkommerce.com\/wp-content\/uploads\/2026\/02\/Rullo-85x80-85-Poliuretano-12F-Heli-1000332004-Compatibile.jpeg\" \/>\n\t<meta property=\"og:image:width\" content=\"488\" \/>\n\t<meta property=\"og:image:height\" content=\"445\" \/>\n\t<meta property=\"og:image:type\" content=\"image\/jpeg\" \/>\n<meta name=\"twitter:card\" content=\"summary_large_image\" \/>\n<meta name=\"twitter:label1\" content=\"Tempo estimado de leitura\" \/>\n\t<meta name=\"twitter:data1\" content=\"1 minuto\" \/>\n<script type=\"application\/ld+json\" class=\"yoast-schema-graph\">{\"@context\":\"https:\\\/\\\/schema.org\",\"@graph\":[{\"@type\":\"WebPage\",\"@id\":\"https:\\\/\\\/forkommerce.com\\\/pt-pt\\\/produto\\\/rolo-85x80-85-poliuretano-12f-heli-1000332004-compativel\\\/\",\"url\":\"https:\\\/\\\/forkommerce.com\\\/pt-pt\\\/produto\\\/rolo-85x80-85-poliuretano-12f-heli-1000332004-compativel\\\/\",\"name\":\"Rolo 85x80\\\/85 Poliuretano 12F Heli 1000332004 (Compat\u00edvel) | Forkommerce Spare Parts\",\"isPartOf\":{\"@id\":\"https:\\\/\\\/forkommerce.com\\\/it\\\/#website\"},\"primaryImageOfPage\":{\"@id\":\"https:\\\/\\\/forkommerce.com\\\/pt-pt\\\/produto\\\/rolo-85x80-85-poliuretano-12f-heli-1000332004-compativel\\\/#primaryimage\"},\"image\":{\"@id\":\"https:\\\/\\\/forkommerce.com\\\/pt-pt\\\/produto\\\/rolo-85x80-85-poliuretano-12f-heli-1000332004-compativel\\\/#primaryimage\"},\"thumbnailUrl\":\"https:\\\/\\\/forkommerce.com\\\/wp-content\\\/uploads\\\/2026\\\/02\\\/Rullo-85x80-85-Poliuretano-12F-Heli-1000332004-Compatibile.jpeg\",\"datePublished\":\"2026-02-06T10:51:37+00:00\",\"dateModified\":\"2026-04-11T08:36:55+00:00\",\"breadcrumb\":{\"@id\":\"https:\\\/\\\/forkommerce.com\\\/pt-pt\\\/produto\\\/rolo-85x80-85-poliuretano-12f-heli-1000332004-compativel\\\/#breadcrumb\"},\"inLanguage\":\"pt-PT\",\"potentialAction\":[{\"@type\":\"ReadAction\",\"target\":[\"https:\\\/\\\/forkommerce.com\\\/pt-pt\\\/produto\\\/rolo-85x80-85-poliuretano-12f-heli-1000332004-compativel\\\/\"]}]},{\"@type\":\"ImageObject\",\"inLanguage\":\"pt-PT\",\"@id\":\"https:\\\/\\\/forkommerce.com\\\/pt-pt\\\/produto\\\/rolo-85x80-85-poliuretano-12f-heli-1000332004-compativel\\\/#primaryimage\",\"url\":\"https:\\\/\\\/forkommerce.com\\\/wp-content\\\/uploads\\\/2026\\\/02\\\/Rullo-85x80-85-Poliuretano-12F-Heli-1000332004-Compatibile.jpeg\",\"contentUrl\":\"https:\\\/\\\/forkommerce.com\\\/wp-content\\\/uploads\\\/2026\\\/02\\\/Rullo-85x80-85-Poliuretano-12F-Heli-1000332004-Compatibile.jpeg\",\"width\":488,\"height\":445,\"caption\":\"Rolo 85x80 85 Poliuretano 12F Heli 1000332004 (Compat\u00edvel)\"},{\"@type\":\"BreadcrumbList\",\"@id\":\"https:\\\/\\\/forkommerce.com\\\/pt-pt\\\/produto\\\/rolo-85x80-85-poliuretano-12f-heli-1000332004-compativel\\\/#breadcrumb\",\"itemListElement\":[{\"@type\":\"ListItem\",\"position\":1,\"name\":\"Home\",\"item\":\"https:\\\/\\\/forkommerce.com\\\/pt-pt\\\/\"},{\"@type\":\"ListItem\",\"position\":2,\"name\":\"Loja\",\"item\":\"https:\\\/\\\/forkommerce.com\\\/it\\\/negozio\\\/\"},{\"@type\":\"ListItem\",\"position\":3,\"name\":\"Rolo 85&#215;80\\\/85 Poliuretano 12F Heli 1000332004 (Compat\u00edvel)\"}]},{\"@type\":\"WebSite\",\"@id\":\"https:\\\/\\\/forkommerce.com\\\/it\\\/#website\",\"url\":\"https:\\\/\\\/forkommerce.com\\\/it\\\/\",\"name\":\"Forkommerce Spare Parts\",\"description\":\"Ricambi originali e compatibili per carrelli elevatori e transpallet\",\"publisher\":{\"@id\":\"https:\\\/\\\/forkommerce.com\\\/it\\\/#organization\"},\"alternateName\":\"Forkommerce Spare Parts\",\"potentialAction\":[{\"@type\":\"SearchAction\",\"target\":{\"@type\":\"EntryPoint\",\"urlTemplate\":\"https:\\\/\\\/forkommerce.com\\\/it\\\/?s={search_term_string}\"},\"query-input\":{\"@type\":\"PropertyValueSpecification\",\"valueRequired\":true,\"valueName\":\"search_term_string\"}}],\"inLanguage\":\"pt-PT\"},{\"@type\":\"Organization\",\"@id\":\"https:\\\/\\\/forkommerce.com\\\/it\\\/#organization\",\"name\":\"Forkommerce Spare Parts\",\"url\":\"https:\\\/\\\/forkommerce.com\\\/it\\\/\",\"logo\":{\"@type\":\"ImageObject\",\"inLanguage\":\"pt-PT\",\"@id\":\"https:\\\/\\\/forkommerce.com\\\/it\\\/#\\\/schema\\\/logo\\\/image\\\/\",\"url\":\"https:\\\/\\\/forkommerce.com\\\/wp-content\\\/uploads\\\/2025\\\/09\\\/Logo-Forkommercex2.png\",\"contentUrl\":\"https:\\\/\\\/forkommerce.com\\\/wp-content\\\/uploads\\\/2025\\\/09\\\/Logo-Forkommercex2.png\",\"width\":470,\"height\":120,\"caption\":\"Forkommerce Spare Parts\"},\"image\":{\"@id\":\"https:\\\/\\\/forkommerce.com\\\/it\\\/#\\\/schema\\\/logo\\\/image\\\/\"}}]}<\/script>\n<!-- \/ Yoast SEO plugin. -->","yoast_head_json":{"title":"Rolo 85x80\/85 Poliuretano 12F Heli 1000332004 (Compat\u00edvel) | Forkommerce Spare Parts","robots":{"index":"index","follow":"follow","max-snippet":"max-snippet:-1","max-image-preview":"max-image-preview:large","max-video-preview":"max-video-preview:-1"},"canonical":"https:\/\/forkommerce.com\/pt-pt\/produto\/rolo-85x80-85-poliuretano-12f-heli-1000332004-compativel\/","og_locale":"pt_PT","og_type":"article","og_title":"Rolo 85x80\/85 Poliuretano 12F Heli 1000332004 (Compat\u00edvel) | Forkommerce Spare Parts","og_description":"Rolo 85x80\/85 Poliuretano 12F Heli 1000332004 (Compat\u00edvel)","og_url":"https:\/\/forkommerce.com\/pt-pt\/produto\/rolo-85x80-85-poliuretano-12f-heli-1000332004-compativel\/","og_site_name":"Forkommerce Spare Parts","article_modified_time":"2026-04-11T08:36:55+00:00","og_image":[{"width":488,"height":445,"url":"https:\/\/forkommerce.com\/wp-content\/uploads\/2026\/02\/Rullo-85x80-85-Poliuretano-12F-Heli-1000332004-Compatibile.jpeg","type":"image\/jpeg"}],"twitter_card":"summary_large_image","twitter_misc":{"Tempo estimado de leitura":"1 minuto"},"schema":{"@context":"https:\/\/schema.org","@graph":[{"@type":"WebPage","@id":"https:\/\/forkommerce.com\/pt-pt\/produto\/rolo-85x80-85-poliuretano-12f-heli-1000332004-compativel\/","url":"https:\/\/forkommerce.com\/pt-pt\/produto\/rolo-85x80-85-poliuretano-12f-heli-1000332004-compativel\/","name":"Rolo 85x80\/85 Poliuretano 12F Heli 1000332004 (Compat\u00edvel) | Forkommerce Spare Parts","isPartOf":{"@id":"https:\/\/forkommerce.com\/it\/#website"},"primaryImageOfPage":{"@id":"https:\/\/forkommerce.com\/pt-pt\/produto\/rolo-85x80-85-poliuretano-12f-heli-1000332004-compativel\/#primaryimage"},"image":{"@id":"https:\/\/forkommerce.com\/pt-pt\/produto\/rolo-85x80-85-poliuretano-12f-heli-1000332004-compativel\/#primaryimage"},"thumbnailUrl":"https:\/\/forkommerce.com\/wp-content\/uploads\/2026\/02\/Rullo-85x80-85-Poliuretano-12F-Heli-1000332004-Compatibile.jpeg","datePublished":"2026-02-06T10:51:37+00:00","dateModified":"2026-04-11T08:36:55+00:00","breadcrumb":{"@id":"https:\/\/forkommerce.com\/pt-pt\/produto\/rolo-85x80-85-poliuretano-12f-heli-1000332004-compativel\/#breadcrumb"},"inLanguage":"pt-PT","potentialAction":[{"@type":"ReadAction","target":["https:\/\/forkommerce.com\/pt-pt\/produto\/rolo-85x80-85-poliuretano-12f-heli-1000332004-compativel\/"]}]},{"@type":"ImageObject","inLanguage":"pt-PT","@id":"https:\/\/forkommerce.com\/pt-pt\/produto\/rolo-85x80-85-poliuretano-12f-heli-1000332004-compativel\/#primaryimage","url":"https:\/\/forkommerce.com\/wp-content\/uploads\/2026\/02\/Rullo-85x80-85-Poliuretano-12F-Heli-1000332004-Compatibile.jpeg","contentUrl":"https:\/\/forkommerce.com\/wp-content\/uploads\/2026\/02\/Rullo-85x80-85-Poliuretano-12F-Heli-1000332004-Compatibile.jpeg","width":488,"height":445,"caption":"Rolo 85x80 85 Poliuretano 12F Heli 1000332004 (Compat\u00edvel)"},{"@type":"BreadcrumbList","@id":"https:\/\/forkommerce.com\/pt-pt\/produto\/rolo-85x80-85-poliuretano-12f-heli-1000332004-compativel\/#breadcrumb","itemListElement":[{"@type":"ListItem","position":1,"name":"Home","item":"https:\/\/forkommerce.com\/pt-pt\/"},{"@type":"ListItem","position":2,"name":"Loja","item":"https:\/\/forkommerce.com\/it\/negozio\/"},{"@type":"ListItem","position":3,"name":"Rolo 85&#215;80\/85 Poliuretano 12F Heli 1000332004 (Compat\u00edvel)"}]},{"@type":"WebSite","@id":"https:\/\/forkommerce.com\/it\/#website","url":"https:\/\/forkommerce.com\/it\/","name":"Forkommerce Spare Parts","description":"Ricambi originali e compatibili per carrelli elevatori e transpallet","publisher":{"@id":"https:\/\/forkommerce.com\/it\/#organization"},"alternateName":"Forkommerce Spare Parts","potentialAction":[{"@type":"SearchAction","target":{"@type":"EntryPoint","urlTemplate":"https:\/\/forkommerce.com\/it\/?s={search_term_string}"},"query-input":{"@type":"PropertyValueSpecification","valueRequired":true,"valueName":"search_term_string"}}],"inLanguage":"pt-PT"},{"@type":"Organization","@id":"https:\/\/forkommerce.com\/it\/#organization","name":"Forkommerce Spare Parts","url":"https:\/\/forkommerce.com\/it\/","logo":{"@type":"ImageObject","inLanguage":"pt-PT","@id":"https:\/\/forkommerce.com\/it\/#\/schema\/logo\/image\/","url":"https:\/\/forkommerce.com\/wp-content\/uploads\/2025\/09\/Logo-Forkommercex2.png","contentUrl":"https:\/\/forkommerce.com\/wp-content\/uploads\/2025\/09\/Logo-Forkommercex2.png","width":470,"height":120,"caption":"Forkommerce Spare Parts"},"image":{"@id":"https:\/\/forkommerce.com\/it\/#\/schema\/logo\/image\/"}}]}},"_links":{"self":[{"href":"https:\/\/forkommerce.com\/pt-pt\/wp-json\/wp\/v2\/product\/2807","targetHints":{"allow":["GET"]}}],"collection":[{"href":"https:\/\/forkommerce.com\/pt-pt\/wp-json\/wp\/v2\/product"}],"about":[{"href":"https:\/\/forkommerce.com\/pt-pt\/wp-json\/wp\/v2\/types\/product"}],"wp:featuredmedia":[{"embeddable":true,"href":"https:\/\/forkommerce.com\/pt-pt\/wp-json\/wp\/v2\/media\/2808"}],"wp:attachment":[{"href":"https:\/\/forkommerce.com\/pt-pt\/wp-json\/wp\/v2\/media?parent=2807"}],"wp:term":[{"taxonomy":"product_brand","embeddable":true,"href":"https:\/\/forkommerce.com\/pt-pt\/wp-json\/wp\/v2\/product_brand?post=2807"},{"taxonomy":"product_cat","embeddable":true,"href":"https:\/\/forkommerce.com\/pt-pt\/wp-json\/wp\/v2\/product_cat?post=2807"},{"taxonomy":"product_tag","embeddable":true,"href":"https:\/\/forkommerce.com\/pt-pt\/wp-json\/wp\/v2\/product_tag?post=2807"}],"curies":[{"name":"wp","href":"https:\/\/api.w.org\/{rel}","templated":true}]}}