{"id":2883,"date":"2026-02-04T09:00:05","date_gmt":"2026-02-04T08:00:05","guid":{"rendered":"https:\/\/forkommerce.com\/prodotto\/pino-com-cavilhas-bl846\/"},"modified":"2026-04-11T10:38:39","modified_gmt":"2026-04-11T08:38:39","slug":"pino-com-cavilhas-bl846","status":"publish","type":"product","link":"https:\/\/forkommerce.com\/pt-pt\/produto\/pino-com-cavilhas-bl846\/","title":{"rendered":"Pino com cavilhas BL846"},"content":{"rendered":"<p data-start=\"174\" data-end=\"558\"><strong>Liga\u00e7\u00e3o <em>clevis<\/em> com furo para contrapino, espec\u00edfico para correntes leaf BL846 (passo ANSI\/ISO 1\u2033, lacing 4\u00d76).<\/strong><\/p>\n<p data-start=\"174\" data-end=\"558\">O <strong data-start=\"177\" data-end=\"206\">perno com contrapinos BL846<\/strong> \u00e9 um componente de fixa\u00e7\u00e3o concebido para utiliza\u00e7\u00e3o em correntes Fleyer s\u00e9rie BL846, comummente aplicadas em sistemas de eleva\u00e7\u00e3o e em mastros de empilhadores.<\/p>\n<p data-start=\"174\" data-end=\"558\">Este perno permite a liga\u00e7\u00e3o segura dos elos da corrente ou dos acess\u00f3rios mec\u00e2nicos, garantindo estabilidade e fiabilidade mesmo em condi\u00e7\u00f5es de trabalho exigentes.<\/p>\n<p data-start=\"560\" data-end=\"779\">Fabricado em a\u00e7o de alta resist\u00eancia, o perno possui um furo passante para contrapino, que permite o bloqueio atrav\u00e9s de contrapinos de seguran\u00e7a, impedindo a extra\u00e7\u00e3o acidental durante o funcionamento.<\/p>\n<p data-start=\"781\" data-end=\"1191\">Gra\u00e7as \u00e0 sua precis\u00e3o dimensional e \u00e0 compatibilidade com as correntes padr\u00e3o ANSI \/ ISO tipo BL, \u00e9 ideal para manuten\u00e7\u00e3o, pe\u00e7as de substitui\u00e7\u00e3o industriais e aplica\u00e7\u00f5es de movimenta\u00e7\u00e3o de materiais. As correntes BL s\u00e3o amplamente utilizadas em empilhadores, sistemas de eleva\u00e7\u00e3o e m\u00e1quinas industriais devido \u00e0 sua elevada resist\u00eancia \u00e0 tra\u00e7\u00e3o. <\/p>\n<h4 data-section-id=\"1ti5jzm\" data-start=\"1198\" data-end=\"1226\">Principais caracter\u00edsticas:<\/h4>\n<p data-start=\"1339\" data-end=\"1378\">Material: a\u00e7o carbono para aplica\u00e7\u00f5es industriais de eleva\u00e7\u00e3o e movimenta\u00e7\u00e3o.<\/p>\n<p data-start=\"1381\" data-end=\"1427\">Sistema de fixa\u00e7\u00e3o: contrapino de seguran\u00e7a<\/p>\n<p data-start=\"1430\" data-end=\"1476\">Elevada resist\u00eancia ao desgaste e \u00e0 tra\u00e7\u00e3o<\/p>\n<p data-start=\"1479\" data-end=\"1537\">Ideal para manuten\u00e7\u00e3o e substitui\u00e7\u00e3o de componentes de corrente<\/p>\n<p data-start=\"1540\" data-end=\"1606\">Utiliza\u00e7\u00e3o em sistemas de eleva\u00e7\u00e3o e movimenta\u00e7\u00e3o industrial<\/p>\n<p><strong>Compat\u00edvel com pino \u00d8 aprox. 9,5 mm e placas altas e espessas para uso intensivo.<\/strong><\/p>\n<p>&nbsp;<\/p>\n","protected":false},"excerpt":{"rendered":"<p>Pino com cavilhas BL846<\/p>\n","protected":false},"featured_media":2884,"template":"","meta":[],"product_brand":[],"product_cat":[207],"product_tag":[],"class_list":{"0":"post-2883","1":"product","2":"type-product","3":"status-publish","4":"has-post-thumbnail","6":"product_cat-pinos-de-corrente","8":"first","9":"instock","10":"taxable","11":"shipping-taxable","12":"purchasable","13":"product-type-simple"},"yoast_head":"<!-- This site is optimized with the Yoast SEO plugin v27.3 - https:\/\/yoast.com\/product\/yoast-seo-wordpress\/ -->\n<title>Pino com cavilhas BL846 | Forkommerce Spare Parts<\/title>\n<meta name=\"robots\" content=\"index, follow, max-snippet:-1, max-image-preview:large, max-video-preview:-1\" \/>\n<link rel=\"canonical\" href=\"https:\/\/forkommerce.com\/pt-pt\/produto\/pino-com-cavilhas-bl846\/\" \/>\n<meta property=\"og:locale\" content=\"pt_PT\" \/>\n<meta property=\"og:type\" content=\"article\" \/>\n<meta property=\"og:title\" content=\"Pino com cavilhas BL846 | Forkommerce Spare Parts\" \/>\n<meta property=\"og:description\" content=\"Pino com cavilhas BL846\" \/>\n<meta property=\"og:url\" content=\"https:\/\/forkommerce.com\/pt-pt\/produto\/pino-com-cavilhas-bl846\/\" \/>\n<meta property=\"og:site_name\" content=\"Forkommerce Spare Parts\" \/>\n<meta property=\"article:modified_time\" content=\"2026-04-11T08:38:39+00:00\" \/>\n<meta property=\"og:image\" content=\"https:\/\/forkommerce.com\/wp-content\/uploads\/2026\/02\/Perno-con-coppiglie-BL846.jpeg\" \/>\n\t<meta property=\"og:image:width\" content=\"671\" \/>\n\t<meta property=\"og:image:height\" content=\"648\" \/>\n\t<meta property=\"og:image:type\" content=\"image\/jpeg\" \/>\n<meta name=\"twitter:card\" content=\"summary_large_image\" \/>\n<meta name=\"twitter:label1\" content=\"Tempo estimado de leitura\" \/>\n\t<meta name=\"twitter:data1\" content=\"1 minuto\" \/>\n<script type=\"application\/ld+json\" class=\"yoast-schema-graph\">{\"@context\":\"https:\\\/\\\/schema.org\",\"@graph\":[{\"@type\":\"WebPage\",\"@id\":\"https:\\\/\\\/forkommerce.com\\\/pt-pt\\\/produto\\\/pino-com-cavilhas-bl846\\\/\",\"url\":\"https:\\\/\\\/forkommerce.com\\\/pt-pt\\\/produto\\\/pino-com-cavilhas-bl846\\\/\",\"name\":\"Pino com cavilhas BL846 | Forkommerce Spare Parts\",\"isPartOf\":{\"@id\":\"https:\\\/\\\/forkommerce.com\\\/it\\\/#website\"},\"primaryImageOfPage\":{\"@id\":\"https:\\\/\\\/forkommerce.com\\\/pt-pt\\\/produto\\\/pino-com-cavilhas-bl846\\\/#primaryimage\"},\"image\":{\"@id\":\"https:\\\/\\\/forkommerce.com\\\/pt-pt\\\/produto\\\/pino-com-cavilhas-bl846\\\/#primaryimage\"},\"thumbnailUrl\":\"https:\\\/\\\/forkommerce.com\\\/wp-content\\\/uploads\\\/2026\\\/02\\\/Perno-con-coppiglie-BL846.jpeg\",\"datePublished\":\"2026-02-04T08:00:05+00:00\",\"dateModified\":\"2026-04-11T08:38:39+00:00\",\"breadcrumb\":{\"@id\":\"https:\\\/\\\/forkommerce.com\\\/pt-pt\\\/produto\\\/pino-com-cavilhas-bl846\\\/#breadcrumb\"},\"inLanguage\":\"pt-PT\",\"potentialAction\":[{\"@type\":\"ReadAction\",\"target\":[\"https:\\\/\\\/forkommerce.com\\\/pt-pt\\\/produto\\\/pino-com-cavilhas-bl846\\\/\"]}]},{\"@type\":\"ImageObject\",\"inLanguage\":\"pt-PT\",\"@id\":\"https:\\\/\\\/forkommerce.com\\\/pt-pt\\\/produto\\\/pino-com-cavilhas-bl846\\\/#primaryimage\",\"url\":\"https:\\\/\\\/forkommerce.com\\\/wp-content\\\/uploads\\\/2026\\\/02\\\/Perno-con-coppiglie-BL846.jpeg\",\"contentUrl\":\"https:\\\/\\\/forkommerce.com\\\/wp-content\\\/uploads\\\/2026\\\/02\\\/Perno-con-coppiglie-BL846.jpeg\",\"width\":671,\"height\":648,\"caption\":\"Pino com cavilhas BL846\"},{\"@type\":\"BreadcrumbList\",\"@id\":\"https:\\\/\\\/forkommerce.com\\\/pt-pt\\\/produto\\\/pino-com-cavilhas-bl846\\\/#breadcrumb\",\"itemListElement\":[{\"@type\":\"ListItem\",\"position\":1,\"name\":\"Home\",\"item\":\"https:\\\/\\\/forkommerce.com\\\/pt-pt\\\/\"},{\"@type\":\"ListItem\",\"position\":2,\"name\":\"Loja\",\"item\":\"https:\\\/\\\/forkommerce.com\\\/it\\\/negozio\\\/\"},{\"@type\":\"ListItem\",\"position\":3,\"name\":\"Pino com cavilhas BL846\"}]},{\"@type\":\"WebSite\",\"@id\":\"https:\\\/\\\/forkommerce.com\\\/it\\\/#website\",\"url\":\"https:\\\/\\\/forkommerce.com\\\/it\\\/\",\"name\":\"Forkommerce Spare Parts\",\"description\":\"Ricambi originali e compatibili per carrelli elevatori e transpallet\",\"publisher\":{\"@id\":\"https:\\\/\\\/forkommerce.com\\\/it\\\/#organization\"},\"alternateName\":\"Forkommerce Spare Parts\",\"potentialAction\":[{\"@type\":\"SearchAction\",\"target\":{\"@type\":\"EntryPoint\",\"urlTemplate\":\"https:\\\/\\\/forkommerce.com\\\/it\\\/?s={search_term_string}\"},\"query-input\":{\"@type\":\"PropertyValueSpecification\",\"valueRequired\":true,\"valueName\":\"search_term_string\"}}],\"inLanguage\":\"pt-PT\"},{\"@type\":\"Organization\",\"@id\":\"https:\\\/\\\/forkommerce.com\\\/it\\\/#organization\",\"name\":\"Forkommerce Spare Parts\",\"url\":\"https:\\\/\\\/forkommerce.com\\\/it\\\/\",\"logo\":{\"@type\":\"ImageObject\",\"inLanguage\":\"pt-PT\",\"@id\":\"https:\\\/\\\/forkommerce.com\\\/it\\\/#\\\/schema\\\/logo\\\/image\\\/\",\"url\":\"https:\\\/\\\/forkommerce.com\\\/wp-content\\\/uploads\\\/2025\\\/09\\\/Logo-Forkommercex2.png\",\"contentUrl\":\"https:\\\/\\\/forkommerce.com\\\/wp-content\\\/uploads\\\/2025\\\/09\\\/Logo-Forkommercex2.png\",\"width\":470,\"height\":120,\"caption\":\"Forkommerce Spare Parts\"},\"image\":{\"@id\":\"https:\\\/\\\/forkommerce.com\\\/it\\\/#\\\/schema\\\/logo\\\/image\\\/\"}}]}<\/script>\n<!-- \/ Yoast SEO plugin. -->","yoast_head_json":{"title":"Pino com cavilhas BL846 | Forkommerce Spare Parts","robots":{"index":"index","follow":"follow","max-snippet":"max-snippet:-1","max-image-preview":"max-image-preview:large","max-video-preview":"max-video-preview:-1"},"canonical":"https:\/\/forkommerce.com\/pt-pt\/produto\/pino-com-cavilhas-bl846\/","og_locale":"pt_PT","og_type":"article","og_title":"Pino com cavilhas BL846 | Forkommerce Spare Parts","og_description":"Pino com cavilhas BL846","og_url":"https:\/\/forkommerce.com\/pt-pt\/produto\/pino-com-cavilhas-bl846\/","og_site_name":"Forkommerce Spare Parts","article_modified_time":"2026-04-11T08:38:39+00:00","og_image":[{"width":671,"height":648,"url":"https:\/\/forkommerce.com\/wp-content\/uploads\/2026\/02\/Perno-con-coppiglie-BL846.jpeg","type":"image\/jpeg"}],"twitter_card":"summary_large_image","twitter_misc":{"Tempo estimado de leitura":"1 minuto"},"schema":{"@context":"https:\/\/schema.org","@graph":[{"@type":"WebPage","@id":"https:\/\/forkommerce.com\/pt-pt\/produto\/pino-com-cavilhas-bl846\/","url":"https:\/\/forkommerce.com\/pt-pt\/produto\/pino-com-cavilhas-bl846\/","name":"Pino com cavilhas BL846 | Forkommerce Spare Parts","isPartOf":{"@id":"https:\/\/forkommerce.com\/it\/#website"},"primaryImageOfPage":{"@id":"https:\/\/forkommerce.com\/pt-pt\/produto\/pino-com-cavilhas-bl846\/#primaryimage"},"image":{"@id":"https:\/\/forkommerce.com\/pt-pt\/produto\/pino-com-cavilhas-bl846\/#primaryimage"},"thumbnailUrl":"https:\/\/forkommerce.com\/wp-content\/uploads\/2026\/02\/Perno-con-coppiglie-BL846.jpeg","datePublished":"2026-02-04T08:00:05+00:00","dateModified":"2026-04-11T08:38:39+00:00","breadcrumb":{"@id":"https:\/\/forkommerce.com\/pt-pt\/produto\/pino-com-cavilhas-bl846\/#breadcrumb"},"inLanguage":"pt-PT","potentialAction":[{"@type":"ReadAction","target":["https:\/\/forkommerce.com\/pt-pt\/produto\/pino-com-cavilhas-bl846\/"]}]},{"@type":"ImageObject","inLanguage":"pt-PT","@id":"https:\/\/forkommerce.com\/pt-pt\/produto\/pino-com-cavilhas-bl846\/#primaryimage","url":"https:\/\/forkommerce.com\/wp-content\/uploads\/2026\/02\/Perno-con-coppiglie-BL846.jpeg","contentUrl":"https:\/\/forkommerce.com\/wp-content\/uploads\/2026\/02\/Perno-con-coppiglie-BL846.jpeg","width":671,"height":648,"caption":"Pino com cavilhas BL846"},{"@type":"BreadcrumbList","@id":"https:\/\/forkommerce.com\/pt-pt\/produto\/pino-com-cavilhas-bl846\/#breadcrumb","itemListElement":[{"@type":"ListItem","position":1,"name":"Home","item":"https:\/\/forkommerce.com\/pt-pt\/"},{"@type":"ListItem","position":2,"name":"Loja","item":"https:\/\/forkommerce.com\/it\/negozio\/"},{"@type":"ListItem","position":3,"name":"Pino com cavilhas BL846"}]},{"@type":"WebSite","@id":"https:\/\/forkommerce.com\/it\/#website","url":"https:\/\/forkommerce.com\/it\/","name":"Forkommerce Spare Parts","description":"Ricambi originali e compatibili per carrelli elevatori e transpallet","publisher":{"@id":"https:\/\/forkommerce.com\/it\/#organization"},"alternateName":"Forkommerce Spare Parts","potentialAction":[{"@type":"SearchAction","target":{"@type":"EntryPoint","urlTemplate":"https:\/\/forkommerce.com\/it\/?s={search_term_string}"},"query-input":{"@type":"PropertyValueSpecification","valueRequired":true,"valueName":"search_term_string"}}],"inLanguage":"pt-PT"},{"@type":"Organization","@id":"https:\/\/forkommerce.com\/it\/#organization","name":"Forkommerce Spare Parts","url":"https:\/\/forkommerce.com\/it\/","logo":{"@type":"ImageObject","inLanguage":"pt-PT","@id":"https:\/\/forkommerce.com\/it\/#\/schema\/logo\/image\/","url":"https:\/\/forkommerce.com\/wp-content\/uploads\/2025\/09\/Logo-Forkommercex2.png","contentUrl":"https:\/\/forkommerce.com\/wp-content\/uploads\/2025\/09\/Logo-Forkommercex2.png","width":470,"height":120,"caption":"Forkommerce Spare Parts"},"image":{"@id":"https:\/\/forkommerce.com\/it\/#\/schema\/logo\/image\/"}}]}},"_links":{"self":[{"href":"https:\/\/forkommerce.com\/pt-pt\/wp-json\/wp\/v2\/product\/2883","targetHints":{"allow":["GET"]}}],"collection":[{"href":"https:\/\/forkommerce.com\/pt-pt\/wp-json\/wp\/v2\/product"}],"about":[{"href":"https:\/\/forkommerce.com\/pt-pt\/wp-json\/wp\/v2\/types\/product"}],"wp:featuredmedia":[{"embeddable":true,"href":"https:\/\/forkommerce.com\/pt-pt\/wp-json\/wp\/v2\/media\/2884"}],"wp:attachment":[{"href":"https:\/\/forkommerce.com\/pt-pt\/wp-json\/wp\/v2\/media?parent=2883"}],"wp:term":[{"taxonomy":"product_brand","embeddable":true,"href":"https:\/\/forkommerce.com\/pt-pt\/wp-json\/wp\/v2\/product_brand?post=2883"},{"taxonomy":"product_cat","embeddable":true,"href":"https:\/\/forkommerce.com\/pt-pt\/wp-json\/wp\/v2\/product_cat?post=2883"},{"taxonomy":"product_tag","embeddable":true,"href":"https:\/\/forkommerce.com\/pt-pt\/wp-json\/wp\/v2\/product_tag?post=2883"}],"curies":[{"name":"wp","href":"https:\/\/api.w.org\/{rel}","templated":true}]}}