{"id":2943,"date":"2026-02-03T11:39:59","date_gmt":"2026-02-03T10:39:59","guid":{"rendered":"https:\/\/forkommerce.com\/prodotto\/pino-com-cavilhas-bl546\/"},"modified":"2026-02-03T11:39:59","modified_gmt":"2026-02-03T10:39:59","slug":"pino-com-cavilhas-bl546","status":"publish","type":"product","link":"https:\/\/forkommerce.com\/pt-pt\/produto\/pino-com-cavilhas-bl546\/","title":{"rendered":"Pino com cavilhas BL546"},"content":{"rendered":"<p><strong>Pino com cavilhas BL546<\/strong><\/p>\n<p><strong>Pino com cavilha compat\u00edvel com corrente Leaf BL546 \u2013 \u00d8 5,94\u202fmm \u00d7 13,75\u202fmm<\/strong><\/p>\n<p><strong>Pino de liga\u00e7\u00e3o em a\u00e7o de alta resist\u00eancia compat\u00edvel com correntes leaf BL546 (ANSI\/ISO) com passo 5\/8\u2033 (15,875\u202fmm) e configura\u00e7\u00e3o 4\u00d76. <\/strong><\/p>\n<p><strong>O corpo do pino tem um di\u00e2metro nominal de cerca de 5,94\u202fmm e um comprimento \u00fatil de cerca de 13,75\u202fmm, correspondentes \u00e0s dimens\u00f5es dos elos da corrente BL546. <\/strong><\/p>\n<p><strong>Preparado com furo para cavilha (<em>split cotter pin<\/em>) para um bloqueio seguro e facilmente desmont\u00e1vel, este pino \u00e9 ideal para utiliza\u00e7\u00e3o em manuten\u00e7\u00e3o, repara\u00e7\u00f5es ou montagens de correntes em aplica\u00e7\u00f5es de eleva\u00e7\u00e3o, empilhadores, sistemas de movimenta\u00e7\u00e3o e sistemas industriais. <\/strong><\/p>\n<p><strong>Principais caracter\u00edsticas:<\/strong><\/p>\n<ul>\n<li><strong>\ud83d\udccf<\/strong><strong> Di\u00e2metro do pino: \u2248 5,94\u202fmm \u2013 compat\u00edvel com corrente BL546. <\/strong> <\/li>\n<li><strong>\ud83d\udcd0<\/strong><strong> Comprimento do corpo do pino: \u2248 13,75\u202fmm \u2013 adequado para atravessar as placas do elo. <\/strong> <\/li>\n<li><strong>\ud83d\udd29<\/strong><strong> Material: a\u00e7o de alta resist\u00eancia para um desempenho duradouro.<\/strong><\/li>\n<li><strong>\ud83d\udd12<\/strong><strong>  Fixa\u00e7\u00e3o: preparado para cavilha met\u00e1lica (<em>split pin<\/em>).<\/strong><\/li>\n<li><strong>\ud83c\udfed<\/strong><strong> Utiliza\u00e7\u00e3o: pinos de jun\u00e7\u00e3o e bloqueio em correntes leaf em sistemas de eleva\u00e7\u00e3o e movimenta\u00e7\u00e3o.<\/strong><\/li>\n<li><strong>\u2699\ufe0f<\/strong><strong> Compatibilidade: corrente leaf BL546 ANSI B29.8 \/ ISO 4347, lacing 4\u00d76.<\/strong><\/li>\n<\/ul>\n","protected":false},"excerpt":{"rendered":"<p>Pino com cavilhas BL546 Pino com cavilha compat\u00edvel com corrente  [&#8230;]<\/p>\n","protected":false},"featured_media":2944,"template":"","meta":[],"product_brand":[],"product_cat":[207],"product_tag":[],"class_list":{"0":"post-2943","1":"product","2":"type-product","3":"status-publish","4":"has-post-thumbnail","6":"product_cat-pinos-de-corrente","8":"first","9":"instock","10":"taxable","11":"shipping-taxable","12":"purchasable","13":"product-type-simple"},"yoast_head":"<!-- This site is optimized with the Yoast SEO plugin v27.3 - https:\/\/yoast.com\/product\/yoast-seo-wordpress\/ -->\n<title>Pino com cavilhas BL546 | Forkommerce Spare Parts<\/title>\n<meta name=\"robots\" content=\"index, follow, max-snippet:-1, max-image-preview:large, max-video-preview:-1\" \/>\n<link rel=\"canonical\" href=\"https:\/\/forkommerce.com\/pt-pt\/produto\/pino-com-cavilhas-bl546\/\" \/>\n<meta property=\"og:locale\" content=\"pt_PT\" \/>\n<meta property=\"og:type\" content=\"article\" \/>\n<meta property=\"og:title\" content=\"Pino com cavilhas BL546 | Forkommerce Spare Parts\" \/>\n<meta property=\"og:description\" content=\"Pino com cavilhas BL546 Pino com cavilha compat\u00edvel com corrente [...]\" \/>\n<meta property=\"og:url\" content=\"https:\/\/forkommerce.com\/pt-pt\/produto\/pino-com-cavilhas-bl546\/\" \/>\n<meta property=\"og:site_name\" content=\"Forkommerce Spare Parts\" \/>\n<meta property=\"og:image\" content=\"https:\/\/forkommerce.com\/wp-content\/uploads\/2026\/02\/Perno-con-coppiglie-BL544-.jpeg\" \/>\n\t<meta property=\"og:image:width\" content=\"333\" \/>\n\t<meta property=\"og:image:height\" content=\"421\" \/>\n\t<meta property=\"og:image:type\" content=\"image\/jpeg\" \/>\n<meta name=\"twitter:card\" content=\"summary_large_image\" \/>\n<meta name=\"twitter:label1\" content=\"Tempo estimado de leitura\" \/>\n\t<meta name=\"twitter:data1\" content=\"1 minuto\" \/>\n<script type=\"application\/ld+json\" class=\"yoast-schema-graph\">{\"@context\":\"https:\\\/\\\/schema.org\",\"@graph\":[{\"@type\":\"WebPage\",\"@id\":\"https:\\\/\\\/forkommerce.com\\\/pt-pt\\\/produto\\\/pino-com-cavilhas-bl546\\\/\",\"url\":\"https:\\\/\\\/forkommerce.com\\\/pt-pt\\\/produto\\\/pino-com-cavilhas-bl546\\\/\",\"name\":\"Pino com cavilhas BL546 | Forkommerce Spare Parts\",\"isPartOf\":{\"@id\":\"https:\\\/\\\/forkommerce.com\\\/it\\\/#website\"},\"primaryImageOfPage\":{\"@id\":\"https:\\\/\\\/forkommerce.com\\\/pt-pt\\\/produto\\\/pino-com-cavilhas-bl546\\\/#primaryimage\"},\"image\":{\"@id\":\"https:\\\/\\\/forkommerce.com\\\/pt-pt\\\/produto\\\/pino-com-cavilhas-bl546\\\/#primaryimage\"},\"thumbnailUrl\":\"https:\\\/\\\/forkommerce.com\\\/wp-content\\\/uploads\\\/2026\\\/02\\\/Perno-con-coppiglie-BL544-.jpeg\",\"datePublished\":\"2026-02-03T10:39:59+00:00\",\"breadcrumb\":{\"@id\":\"https:\\\/\\\/forkommerce.com\\\/pt-pt\\\/produto\\\/pino-com-cavilhas-bl546\\\/#breadcrumb\"},\"inLanguage\":\"pt-PT\",\"potentialAction\":[{\"@type\":\"ReadAction\",\"target\":[\"https:\\\/\\\/forkommerce.com\\\/pt-pt\\\/produto\\\/pino-com-cavilhas-bl546\\\/\"]}]},{\"@type\":\"ImageObject\",\"inLanguage\":\"pt-PT\",\"@id\":\"https:\\\/\\\/forkommerce.com\\\/pt-pt\\\/produto\\\/pino-com-cavilhas-bl546\\\/#primaryimage\",\"url\":\"https:\\\/\\\/forkommerce.com\\\/wp-content\\\/uploads\\\/2026\\\/02\\\/Perno-con-coppiglie-BL544-.jpeg\",\"contentUrl\":\"https:\\\/\\\/forkommerce.com\\\/wp-content\\\/uploads\\\/2026\\\/02\\\/Perno-con-coppiglie-BL544-.jpeg\",\"width\":333,\"height\":421,\"caption\":\"Pino com cavilhas BL544\"},{\"@type\":\"BreadcrumbList\",\"@id\":\"https:\\\/\\\/forkommerce.com\\\/pt-pt\\\/produto\\\/pino-com-cavilhas-bl546\\\/#breadcrumb\",\"itemListElement\":[{\"@type\":\"ListItem\",\"position\":1,\"name\":\"Home\",\"item\":\"https:\\\/\\\/forkommerce.com\\\/pt-pt\\\/\"},{\"@type\":\"ListItem\",\"position\":2,\"name\":\"Loja\",\"item\":\"https:\\\/\\\/forkommerce.com\\\/it\\\/negozio\\\/\"},{\"@type\":\"ListItem\",\"position\":3,\"name\":\"Pino com cavilhas BL546\"}]},{\"@type\":\"WebSite\",\"@id\":\"https:\\\/\\\/forkommerce.com\\\/it\\\/#website\",\"url\":\"https:\\\/\\\/forkommerce.com\\\/it\\\/\",\"name\":\"Forkommerce Spare Parts\",\"description\":\"Ricambi originali e compatibili per carrelli elevatori e transpallet\",\"publisher\":{\"@id\":\"https:\\\/\\\/forkommerce.com\\\/it\\\/#organization\"},\"alternateName\":\"Forkommerce Spare Parts\",\"potentialAction\":[{\"@type\":\"SearchAction\",\"target\":{\"@type\":\"EntryPoint\",\"urlTemplate\":\"https:\\\/\\\/forkommerce.com\\\/it\\\/?s={search_term_string}\"},\"query-input\":{\"@type\":\"PropertyValueSpecification\",\"valueRequired\":true,\"valueName\":\"search_term_string\"}}],\"inLanguage\":\"pt-PT\"},{\"@type\":\"Organization\",\"@id\":\"https:\\\/\\\/forkommerce.com\\\/it\\\/#organization\",\"name\":\"Forkommerce Spare Parts\",\"url\":\"https:\\\/\\\/forkommerce.com\\\/it\\\/\",\"logo\":{\"@type\":\"ImageObject\",\"inLanguage\":\"pt-PT\",\"@id\":\"https:\\\/\\\/forkommerce.com\\\/it\\\/#\\\/schema\\\/logo\\\/image\\\/\",\"url\":\"https:\\\/\\\/forkommerce.com\\\/wp-content\\\/uploads\\\/2025\\\/09\\\/Logo-Forkommercex2.png\",\"contentUrl\":\"https:\\\/\\\/forkommerce.com\\\/wp-content\\\/uploads\\\/2025\\\/09\\\/Logo-Forkommercex2.png\",\"width\":470,\"height\":120,\"caption\":\"Forkommerce Spare Parts\"},\"image\":{\"@id\":\"https:\\\/\\\/forkommerce.com\\\/it\\\/#\\\/schema\\\/logo\\\/image\\\/\"}}]}<\/script>\n<!-- \/ Yoast SEO plugin. -->","yoast_head_json":{"title":"Pino com cavilhas BL546 | Forkommerce Spare Parts","robots":{"index":"index","follow":"follow","max-snippet":"max-snippet:-1","max-image-preview":"max-image-preview:large","max-video-preview":"max-video-preview:-1"},"canonical":"https:\/\/forkommerce.com\/pt-pt\/produto\/pino-com-cavilhas-bl546\/","og_locale":"pt_PT","og_type":"article","og_title":"Pino com cavilhas BL546 | Forkommerce Spare Parts","og_description":"Pino com cavilhas BL546 Pino com cavilha compat\u00edvel com corrente [...]","og_url":"https:\/\/forkommerce.com\/pt-pt\/produto\/pino-com-cavilhas-bl546\/","og_site_name":"Forkommerce Spare Parts","og_image":[{"width":333,"height":421,"url":"https:\/\/forkommerce.com\/wp-content\/uploads\/2026\/02\/Perno-con-coppiglie-BL544-.jpeg","type":"image\/jpeg"}],"twitter_card":"summary_large_image","twitter_misc":{"Tempo estimado de leitura":"1 minuto"},"schema":{"@context":"https:\/\/schema.org","@graph":[{"@type":"WebPage","@id":"https:\/\/forkommerce.com\/pt-pt\/produto\/pino-com-cavilhas-bl546\/","url":"https:\/\/forkommerce.com\/pt-pt\/produto\/pino-com-cavilhas-bl546\/","name":"Pino com cavilhas BL546 | Forkommerce Spare Parts","isPartOf":{"@id":"https:\/\/forkommerce.com\/it\/#website"},"primaryImageOfPage":{"@id":"https:\/\/forkommerce.com\/pt-pt\/produto\/pino-com-cavilhas-bl546\/#primaryimage"},"image":{"@id":"https:\/\/forkommerce.com\/pt-pt\/produto\/pino-com-cavilhas-bl546\/#primaryimage"},"thumbnailUrl":"https:\/\/forkommerce.com\/wp-content\/uploads\/2026\/02\/Perno-con-coppiglie-BL544-.jpeg","datePublished":"2026-02-03T10:39:59+00:00","breadcrumb":{"@id":"https:\/\/forkommerce.com\/pt-pt\/produto\/pino-com-cavilhas-bl546\/#breadcrumb"},"inLanguage":"pt-PT","potentialAction":[{"@type":"ReadAction","target":["https:\/\/forkommerce.com\/pt-pt\/produto\/pino-com-cavilhas-bl546\/"]}]},{"@type":"ImageObject","inLanguage":"pt-PT","@id":"https:\/\/forkommerce.com\/pt-pt\/produto\/pino-com-cavilhas-bl546\/#primaryimage","url":"https:\/\/forkommerce.com\/wp-content\/uploads\/2026\/02\/Perno-con-coppiglie-BL544-.jpeg","contentUrl":"https:\/\/forkommerce.com\/wp-content\/uploads\/2026\/02\/Perno-con-coppiglie-BL544-.jpeg","width":333,"height":421,"caption":"Pino com cavilhas BL544"},{"@type":"BreadcrumbList","@id":"https:\/\/forkommerce.com\/pt-pt\/produto\/pino-com-cavilhas-bl546\/#breadcrumb","itemListElement":[{"@type":"ListItem","position":1,"name":"Home","item":"https:\/\/forkommerce.com\/pt-pt\/"},{"@type":"ListItem","position":2,"name":"Loja","item":"https:\/\/forkommerce.com\/it\/negozio\/"},{"@type":"ListItem","position":3,"name":"Pino com cavilhas BL546"}]},{"@type":"WebSite","@id":"https:\/\/forkommerce.com\/it\/#website","url":"https:\/\/forkommerce.com\/it\/","name":"Forkommerce Spare Parts","description":"Ricambi originali e compatibili per carrelli elevatori e transpallet","publisher":{"@id":"https:\/\/forkommerce.com\/it\/#organization"},"alternateName":"Forkommerce Spare Parts","potentialAction":[{"@type":"SearchAction","target":{"@type":"EntryPoint","urlTemplate":"https:\/\/forkommerce.com\/it\/?s={search_term_string}"},"query-input":{"@type":"PropertyValueSpecification","valueRequired":true,"valueName":"search_term_string"}}],"inLanguage":"pt-PT"},{"@type":"Organization","@id":"https:\/\/forkommerce.com\/it\/#organization","name":"Forkommerce Spare Parts","url":"https:\/\/forkommerce.com\/it\/","logo":{"@type":"ImageObject","inLanguage":"pt-PT","@id":"https:\/\/forkommerce.com\/it\/#\/schema\/logo\/image\/","url":"https:\/\/forkommerce.com\/wp-content\/uploads\/2025\/09\/Logo-Forkommercex2.png","contentUrl":"https:\/\/forkommerce.com\/wp-content\/uploads\/2025\/09\/Logo-Forkommercex2.png","width":470,"height":120,"caption":"Forkommerce Spare Parts"},"image":{"@id":"https:\/\/forkommerce.com\/it\/#\/schema\/logo\/image\/"}}]}},"_links":{"self":[{"href":"https:\/\/forkommerce.com\/pt-pt\/wp-json\/wp\/v2\/product\/2943","targetHints":{"allow":["GET"]}}],"collection":[{"href":"https:\/\/forkommerce.com\/pt-pt\/wp-json\/wp\/v2\/product"}],"about":[{"href":"https:\/\/forkommerce.com\/pt-pt\/wp-json\/wp\/v2\/types\/product"}],"wp:featuredmedia":[{"embeddable":true,"href":"https:\/\/forkommerce.com\/pt-pt\/wp-json\/wp\/v2\/media\/2944"}],"wp:attachment":[{"href":"https:\/\/forkommerce.com\/pt-pt\/wp-json\/wp\/v2\/media?parent=2943"}],"wp:term":[{"taxonomy":"product_brand","embeddable":true,"href":"https:\/\/forkommerce.com\/pt-pt\/wp-json\/wp\/v2\/product_brand?post=2943"},{"taxonomy":"product_cat","embeddable":true,"href":"https:\/\/forkommerce.com\/pt-pt\/wp-json\/wp\/v2\/product_cat?post=2943"},{"taxonomy":"product_tag","embeddable":true,"href":"https:\/\/forkommerce.com\/pt-pt\/wp-json\/wp\/v2\/product_tag?post=2943"}],"curies":[{"name":"wp","href":"https:\/\/api.w.org\/{rel}","templated":true}]}}