{"id":2950,"date":"2026-02-03T11:21:47","date_gmt":"2026-02-03T10:21:47","guid":{"rendered":"https:\/\/forkommerce.com\/prodotto\/pino-com-cavilhas-bl544\/"},"modified":"2026-02-03T11:21:47","modified_gmt":"2026-02-03T10:21:47","slug":"pino-com-cavilhas-bl544","status":"publish","type":"product","link":"https:\/\/forkommerce.com\/pt-pt\/produto\/pino-com-cavilhas-bl544\/","title":{"rendered":"Pino com cavilhas BL544"},"content":{"rendered":"<p><strong>Pino com contrapinos BL544 <\/strong><\/p>\n<p><strong>Pino com contrapino para corrente Leaf BL544 \u2013 \u00d8 5,94\u202fmm \u00d7 11,28\u202fmm (compat\u00edvel)<\/strong><\/p>\n<p><strong>Pino de jun\u00e7\u00e3o em a\u00e7o de alta resist\u00eancia concebido para utiliza\u00e7\u00e3o com correntes de placas BL544 (ANSI\/ISO) com passo 5\/8\u2033 e lacing 4\u00d74. <\/strong><\/p>\n<p><strong>O corpo cil\u00edndrico tem um di\u00e2metro nominal de ~5,94\u202fmm e um comprimento compat\u00edvel de ~11,28\u202fmm (atravessa as placas da corrente), com furo preparado para fixa\u00e7\u00e3o com contrapino met\u00e1lico (<em>split cotter pin<\/em>) inclu\u00eddo ou selecionado separadamente. <\/strong><\/p>\n<p><strong>Garante liga\u00e7\u00f5es seguras e desmont\u00e1veis em elos de corrente, ideal para manuten\u00e7\u00e3o, repara\u00e7\u00f5es ou montagens por medida em aplica\u00e7\u00f5es de eleva\u00e7\u00e3o e movimenta\u00e7\u00e3o de materiais. <\/strong><\/p>\n<p><strong> <\/strong><\/p>\n<p><strong>Principais caracter\u00edsticas t\u00e9cnicas:<\/strong><\/p>\n<ul>\n<li><strong>\ud83d\udccf<\/strong><strong> Di\u00e2metro do pino: \u2248 5,94\u202fmm \u2014 compat\u00edvel com furo de placas BL544. <\/strong> <\/li>\n<li><strong>\ud83d\udcd0<\/strong><strong> Comprimento do corpo do pino: \u2248 11,28\u202fmm (compat\u00edvel com combina\u00e7\u00e3o de placas 4\u00d74). <\/strong> <\/li>\n<li><strong>\ud83e\uddf0<\/strong><strong> Material: a\u00e7o de alta resist\u00eancia com possibilidade de revestimento zincado\/oxidado para prote\u00e7\u00e3o.<\/strong><\/li>\n<li><strong>\ud83d\udd29<\/strong><strong>  Fixa\u00e7\u00e3o: furo preparado para contrapino (<em>split cotter pin<\/em>) para bloqueio seguro.<\/strong><\/li>\n<li><strong>\ud83c\udfd7\ufe0f<\/strong><strong> Utiliza\u00e7\u00e3o: liga\u00e7\u00f5es e jun\u00e7\u00f5es amov\u00edveis para correntes BL544 usadas em mastros de empilhadores, elevadores e instala\u00e7\u00f5es. <\/strong> <\/li>\n<li><strong>\u2699\ufe0f<\/strong><strong> Compatibilidade: leaf chain BL544 ANSI B29.8 \/ ISO4347.<\/strong><\/li>\n<\/ul>\n","protected":false},"excerpt":{"rendered":"<p><strong>Pino com cavilhas BL544<\/strong><\/p>\n","protected":false},"featured_media":2944,"template":"","meta":[],"product_brand":[],"product_cat":[207],"product_tag":[],"class_list":{"0":"post-2950","1":"product","2":"type-product","3":"status-publish","4":"has-post-thumbnail","6":"product_cat-pinos-de-corrente","8":"first","9":"instock","10":"taxable","11":"shipping-taxable","12":"purchasable","13":"product-type-simple"},"yoast_head":"<!-- This site is optimized with the Yoast SEO plugin v27.3 - https:\/\/yoast.com\/product\/yoast-seo-wordpress\/ -->\n<title>Pino com cavilhas BL544 | Forkommerce Spare Parts<\/title>\n<meta name=\"robots\" content=\"index, follow, max-snippet:-1, max-image-preview:large, max-video-preview:-1\" \/>\n<link rel=\"canonical\" href=\"https:\/\/forkommerce.com\/pt-pt\/produto\/pino-com-cavilhas-bl544\/\" \/>\n<meta property=\"og:locale\" content=\"pt_PT\" \/>\n<meta property=\"og:type\" content=\"article\" \/>\n<meta property=\"og:title\" content=\"Pino com cavilhas BL544 | Forkommerce Spare Parts\" \/>\n<meta property=\"og:description\" content=\"Pino com cavilhas BL544\" \/>\n<meta property=\"og:url\" content=\"https:\/\/forkommerce.com\/pt-pt\/produto\/pino-com-cavilhas-bl544\/\" \/>\n<meta property=\"og:site_name\" content=\"Forkommerce Spare Parts\" \/>\n<meta property=\"og:image\" content=\"https:\/\/forkommerce.com\/wp-content\/uploads\/2026\/02\/Perno-con-coppiglie-BL544-.jpeg\" \/>\n\t<meta property=\"og:image:width\" content=\"333\" \/>\n\t<meta property=\"og:image:height\" content=\"421\" \/>\n\t<meta property=\"og:image:type\" content=\"image\/jpeg\" \/>\n<meta name=\"twitter:card\" content=\"summary_large_image\" \/>\n<meta name=\"twitter:label1\" content=\"Tempo estimado de leitura\" \/>\n\t<meta name=\"twitter:data1\" content=\"1 minuto\" \/>\n<script type=\"application\/ld+json\" class=\"yoast-schema-graph\">{\"@context\":\"https:\\\/\\\/schema.org\",\"@graph\":[{\"@type\":\"WebPage\",\"@id\":\"https:\\\/\\\/forkommerce.com\\\/pt-pt\\\/produto\\\/pino-com-cavilhas-bl544\\\/\",\"url\":\"https:\\\/\\\/forkommerce.com\\\/pt-pt\\\/produto\\\/pino-com-cavilhas-bl544\\\/\",\"name\":\"Pino com cavilhas BL544 | Forkommerce Spare Parts\",\"isPartOf\":{\"@id\":\"https:\\\/\\\/forkommerce.com\\\/it\\\/#website\"},\"primaryImageOfPage\":{\"@id\":\"https:\\\/\\\/forkommerce.com\\\/pt-pt\\\/produto\\\/pino-com-cavilhas-bl544\\\/#primaryimage\"},\"image\":{\"@id\":\"https:\\\/\\\/forkommerce.com\\\/pt-pt\\\/produto\\\/pino-com-cavilhas-bl544\\\/#primaryimage\"},\"thumbnailUrl\":\"https:\\\/\\\/forkommerce.com\\\/wp-content\\\/uploads\\\/2026\\\/02\\\/Perno-con-coppiglie-BL544-.jpeg\",\"datePublished\":\"2026-02-03T10:21:47+00:00\",\"breadcrumb\":{\"@id\":\"https:\\\/\\\/forkommerce.com\\\/pt-pt\\\/produto\\\/pino-com-cavilhas-bl544\\\/#breadcrumb\"},\"inLanguage\":\"pt-PT\",\"potentialAction\":[{\"@type\":\"ReadAction\",\"target\":[\"https:\\\/\\\/forkommerce.com\\\/pt-pt\\\/produto\\\/pino-com-cavilhas-bl544\\\/\"]}]},{\"@type\":\"ImageObject\",\"inLanguage\":\"pt-PT\",\"@id\":\"https:\\\/\\\/forkommerce.com\\\/pt-pt\\\/produto\\\/pino-com-cavilhas-bl544\\\/#primaryimage\",\"url\":\"https:\\\/\\\/forkommerce.com\\\/wp-content\\\/uploads\\\/2026\\\/02\\\/Perno-con-coppiglie-BL544-.jpeg\",\"contentUrl\":\"https:\\\/\\\/forkommerce.com\\\/wp-content\\\/uploads\\\/2026\\\/02\\\/Perno-con-coppiglie-BL544-.jpeg\",\"width\":333,\"height\":421,\"caption\":\"Pino com cavilhas BL544\"},{\"@type\":\"BreadcrumbList\",\"@id\":\"https:\\\/\\\/forkommerce.com\\\/pt-pt\\\/produto\\\/pino-com-cavilhas-bl544\\\/#breadcrumb\",\"itemListElement\":[{\"@type\":\"ListItem\",\"position\":1,\"name\":\"Home\",\"item\":\"https:\\\/\\\/forkommerce.com\\\/pt-pt\\\/\"},{\"@type\":\"ListItem\",\"position\":2,\"name\":\"Loja\",\"item\":\"https:\\\/\\\/forkommerce.com\\\/it\\\/negozio\\\/\"},{\"@type\":\"ListItem\",\"position\":3,\"name\":\"Pino com cavilhas BL544\"}]},{\"@type\":\"WebSite\",\"@id\":\"https:\\\/\\\/forkommerce.com\\\/it\\\/#website\",\"url\":\"https:\\\/\\\/forkommerce.com\\\/it\\\/\",\"name\":\"Forkommerce Spare Parts\",\"description\":\"Ricambi originali e compatibili per carrelli elevatori e transpallet\",\"publisher\":{\"@id\":\"https:\\\/\\\/forkommerce.com\\\/it\\\/#organization\"},\"alternateName\":\"Forkommerce Spare Parts\",\"potentialAction\":[{\"@type\":\"SearchAction\",\"target\":{\"@type\":\"EntryPoint\",\"urlTemplate\":\"https:\\\/\\\/forkommerce.com\\\/it\\\/?s={search_term_string}\"},\"query-input\":{\"@type\":\"PropertyValueSpecification\",\"valueRequired\":true,\"valueName\":\"search_term_string\"}}],\"inLanguage\":\"pt-PT\"},{\"@type\":\"Organization\",\"@id\":\"https:\\\/\\\/forkommerce.com\\\/it\\\/#organization\",\"name\":\"Forkommerce Spare Parts\",\"url\":\"https:\\\/\\\/forkommerce.com\\\/it\\\/\",\"logo\":{\"@type\":\"ImageObject\",\"inLanguage\":\"pt-PT\",\"@id\":\"https:\\\/\\\/forkommerce.com\\\/it\\\/#\\\/schema\\\/logo\\\/image\\\/\",\"url\":\"https:\\\/\\\/forkommerce.com\\\/wp-content\\\/uploads\\\/2025\\\/09\\\/Logo-Forkommercex2.png\",\"contentUrl\":\"https:\\\/\\\/forkommerce.com\\\/wp-content\\\/uploads\\\/2025\\\/09\\\/Logo-Forkommercex2.png\",\"width\":470,\"height\":120,\"caption\":\"Forkommerce Spare Parts\"},\"image\":{\"@id\":\"https:\\\/\\\/forkommerce.com\\\/it\\\/#\\\/schema\\\/logo\\\/image\\\/\"}}]}<\/script>\n<!-- \/ Yoast SEO plugin. -->","yoast_head_json":{"title":"Pino com cavilhas BL544 | Forkommerce Spare Parts","robots":{"index":"index","follow":"follow","max-snippet":"max-snippet:-1","max-image-preview":"max-image-preview:large","max-video-preview":"max-video-preview:-1"},"canonical":"https:\/\/forkommerce.com\/pt-pt\/produto\/pino-com-cavilhas-bl544\/","og_locale":"pt_PT","og_type":"article","og_title":"Pino com cavilhas BL544 | Forkommerce Spare Parts","og_description":"Pino com cavilhas BL544","og_url":"https:\/\/forkommerce.com\/pt-pt\/produto\/pino-com-cavilhas-bl544\/","og_site_name":"Forkommerce Spare Parts","og_image":[{"width":333,"height":421,"url":"https:\/\/forkommerce.com\/wp-content\/uploads\/2026\/02\/Perno-con-coppiglie-BL544-.jpeg","type":"image\/jpeg"}],"twitter_card":"summary_large_image","twitter_misc":{"Tempo estimado de leitura":"1 minuto"},"schema":{"@context":"https:\/\/schema.org","@graph":[{"@type":"WebPage","@id":"https:\/\/forkommerce.com\/pt-pt\/produto\/pino-com-cavilhas-bl544\/","url":"https:\/\/forkommerce.com\/pt-pt\/produto\/pino-com-cavilhas-bl544\/","name":"Pino com cavilhas BL544 | Forkommerce Spare Parts","isPartOf":{"@id":"https:\/\/forkommerce.com\/it\/#website"},"primaryImageOfPage":{"@id":"https:\/\/forkommerce.com\/pt-pt\/produto\/pino-com-cavilhas-bl544\/#primaryimage"},"image":{"@id":"https:\/\/forkommerce.com\/pt-pt\/produto\/pino-com-cavilhas-bl544\/#primaryimage"},"thumbnailUrl":"https:\/\/forkommerce.com\/wp-content\/uploads\/2026\/02\/Perno-con-coppiglie-BL544-.jpeg","datePublished":"2026-02-03T10:21:47+00:00","breadcrumb":{"@id":"https:\/\/forkommerce.com\/pt-pt\/produto\/pino-com-cavilhas-bl544\/#breadcrumb"},"inLanguage":"pt-PT","potentialAction":[{"@type":"ReadAction","target":["https:\/\/forkommerce.com\/pt-pt\/produto\/pino-com-cavilhas-bl544\/"]}]},{"@type":"ImageObject","inLanguage":"pt-PT","@id":"https:\/\/forkommerce.com\/pt-pt\/produto\/pino-com-cavilhas-bl544\/#primaryimage","url":"https:\/\/forkommerce.com\/wp-content\/uploads\/2026\/02\/Perno-con-coppiglie-BL544-.jpeg","contentUrl":"https:\/\/forkommerce.com\/wp-content\/uploads\/2026\/02\/Perno-con-coppiglie-BL544-.jpeg","width":333,"height":421,"caption":"Pino com cavilhas BL544"},{"@type":"BreadcrumbList","@id":"https:\/\/forkommerce.com\/pt-pt\/produto\/pino-com-cavilhas-bl544\/#breadcrumb","itemListElement":[{"@type":"ListItem","position":1,"name":"Home","item":"https:\/\/forkommerce.com\/pt-pt\/"},{"@type":"ListItem","position":2,"name":"Loja","item":"https:\/\/forkommerce.com\/it\/negozio\/"},{"@type":"ListItem","position":3,"name":"Pino com cavilhas BL544"}]},{"@type":"WebSite","@id":"https:\/\/forkommerce.com\/it\/#website","url":"https:\/\/forkommerce.com\/it\/","name":"Forkommerce Spare Parts","description":"Ricambi originali e compatibili per carrelli elevatori e transpallet","publisher":{"@id":"https:\/\/forkommerce.com\/it\/#organization"},"alternateName":"Forkommerce Spare Parts","potentialAction":[{"@type":"SearchAction","target":{"@type":"EntryPoint","urlTemplate":"https:\/\/forkommerce.com\/it\/?s={search_term_string}"},"query-input":{"@type":"PropertyValueSpecification","valueRequired":true,"valueName":"search_term_string"}}],"inLanguage":"pt-PT"},{"@type":"Organization","@id":"https:\/\/forkommerce.com\/it\/#organization","name":"Forkommerce Spare Parts","url":"https:\/\/forkommerce.com\/it\/","logo":{"@type":"ImageObject","inLanguage":"pt-PT","@id":"https:\/\/forkommerce.com\/it\/#\/schema\/logo\/image\/","url":"https:\/\/forkommerce.com\/wp-content\/uploads\/2025\/09\/Logo-Forkommercex2.png","contentUrl":"https:\/\/forkommerce.com\/wp-content\/uploads\/2025\/09\/Logo-Forkommercex2.png","width":470,"height":120,"caption":"Forkommerce Spare Parts"},"image":{"@id":"https:\/\/forkommerce.com\/it\/#\/schema\/logo\/image\/"}}]}},"_links":{"self":[{"href":"https:\/\/forkommerce.com\/pt-pt\/wp-json\/wp\/v2\/product\/2950","targetHints":{"allow":["GET"]}}],"collection":[{"href":"https:\/\/forkommerce.com\/pt-pt\/wp-json\/wp\/v2\/product"}],"about":[{"href":"https:\/\/forkommerce.com\/pt-pt\/wp-json\/wp\/v2\/types\/product"}],"wp:featuredmedia":[{"embeddable":true,"href":"https:\/\/forkommerce.com\/pt-pt\/wp-json\/wp\/v2\/media\/2944"}],"wp:attachment":[{"href":"https:\/\/forkommerce.com\/pt-pt\/wp-json\/wp\/v2\/media?parent=2950"}],"wp:term":[{"taxonomy":"product_brand","embeddable":true,"href":"https:\/\/forkommerce.com\/pt-pt\/wp-json\/wp\/v2\/product_brand?post=2950"},{"taxonomy":"product_cat","embeddable":true,"href":"https:\/\/forkommerce.com\/pt-pt\/wp-json\/wp\/v2\/product_cat?post=2950"},{"taxonomy":"product_tag","embeddable":true,"href":"https:\/\/forkommerce.com\/pt-pt\/wp-json\/wp\/v2\/product_tag?post=2950"}],"curies":[{"name":"wp","href":"https:\/\/api.w.org\/{rel}","templated":true}]}}