{"id":3187,"date":"2026-02-02T16:05:37","date_gmt":"2026-02-02T15:05:37","guid":{"rendered":"https:\/\/forkommerce.com\/prodotto\/corrente-ll1644ks-2\/"},"modified":"2026-02-02T16:05:37","modified_gmt":"2026-02-02T15:05:37","slug":"corrente-ll1644ks-2","status":"publish","type":"product","link":"https:\/\/forkommerce.com\/pt-pt\/produto\/corrente-ll1644ks-2\/","title":{"rendered":"Corrente LL1644KS-2"},"content":{"rendered":"<p><strong>Corrente Leaf Industrial LL1644KS \u2013 4\u00d74 com insertos pl\u00e1sticos.<\/strong><\/p>\n<p><strong>Corrente leaf de alta qualidade LL1644KS com insertos pl\u00e1sticos laterais, concebida para aplica\u00e7\u00f5es industriais de eleva\u00e7\u00e3o e tra\u00e7\u00e3o em empilhadores, mastros e sistemas de movimenta\u00e7\u00e3o de materiais.<\/strong><\/p>\n<p><strong>Detalhes construtivos <\/strong><\/p>\n<p><strong> Passo: cerca de 25,4 mm<\/strong><\/p>\n<ul>\n<li><strong>\ud83d\udcd0<\/strong><strong> Combina\u00e7\u00e3o de placas: 4\u00d74<\/strong><\/li>\n<li><strong>\ud83d\udd29<\/strong><strong> Di\u00e2metro dos pinos: cerca de 8,28 mm<\/strong><\/li>\n<li><strong>\ud83d\udccf<\/strong><strong> Espessura das placas: ~3,15 mm<\/strong><\/li>\n<li><strong>\ud83e\uddf1<\/strong><strong> Altura das placas: ~20,5 mm<\/strong><\/li>\n<li><strong>\u2696\ufe0f<\/strong><strong> Fun\u00e7\u00e3o: deslizamento em guias\/calhas com menor atrito gra\u00e7as aos insertos pl\u00e1sticos <\/strong> <\/li>\n<\/ul>\n<p><strong> <\/strong><strong>Porqu\u00ea escolher:<\/strong><\/p>\n<ul>\n<li><strong>\u2705<\/strong><strong> Resistente e dur\u00e1vel para aplica\u00e7\u00f5es industriais pesadas<\/strong><\/li>\n<li><strong>\ud83e\uddf2<\/strong><strong> Insertos pl\u00e1sticos que reduzem o atrito e o desgaste nos mastros guia<\/strong><\/li>\n<li><strong>\ud83d\udee0\ufe0f<\/strong><strong> Compat\u00edvel com padr\u00f5es de correntes LL1644 e f\u00e1cil de substituir<\/strong><\/li>\n<li><strong>\ud83d\udcc8<\/strong><strong> Ideal para manuten\u00e7\u00e3o, repara\u00e7\u00f5es e upgrade de equipamentos industriais<\/strong><\/li>\n<\/ul>\n","protected":false},"excerpt":{"rendered":"<p>Corrente LL1644KS-2<\/p>\n","protected":false},"featured_media":3188,"template":"","meta":[],"product_brand":[],"product_cat":[109],"product_tag":[],"class_list":{"0":"post-3187","1":"product","2":"type-product","3":"status-publish","4":"has-post-thumbnail","6":"product_cat-correntes","8":"first","9":"instock","10":"taxable","11":"shipping-taxable","12":"purchasable","13":"product-type-simple"},"yoast_head":"<!-- This site is optimized with the Yoast SEO plugin v27.3 - https:\/\/yoast.com\/product\/yoast-seo-wordpress\/ -->\n<title>Corrente LL1644KS-2 | Forkommerce Spare Parts<\/title>\n<meta name=\"robots\" content=\"index, follow, max-snippet:-1, max-image-preview:large, max-video-preview:-1\" \/>\n<link rel=\"canonical\" href=\"https:\/\/forkommerce.com\/pt-pt\/produto\/corrente-ll1644ks-2\/\" \/>\n<meta property=\"og:locale\" content=\"pt_PT\" \/>\n<meta property=\"og:type\" content=\"article\" \/>\n<meta property=\"og:title\" content=\"Corrente LL1644KS-2 | Forkommerce Spare Parts\" \/>\n<meta property=\"og:description\" content=\"Corrente LL1644KS-2\" \/>\n<meta property=\"og:url\" content=\"https:\/\/forkommerce.com\/pt-pt\/produto\/corrente-ll1644ks-2\/\" \/>\n<meta property=\"og:site_name\" content=\"Forkommerce Spare Parts\" \/>\n<meta property=\"og:image\" content=\"https:\/\/forkommerce.com\/wp-content\/uploads\/2026\/02\/Catena-LL1644KS.jpeg\" \/>\n\t<meta property=\"og:image:width\" content=\"727\" \/>\n\t<meta property=\"og:image:height\" content=\"507\" \/>\n\t<meta property=\"og:image:type\" content=\"image\/jpeg\" \/>\n<meta name=\"twitter:card\" content=\"summary_large_image\" \/>\n<meta name=\"twitter:label1\" content=\"Tempo estimado de leitura\" \/>\n\t<meta name=\"twitter:data1\" content=\"1 minuto\" \/>\n<script type=\"application\/ld+json\" class=\"yoast-schema-graph\">{\"@context\":\"https:\\\/\\\/schema.org\",\"@graph\":[{\"@type\":\"WebPage\",\"@id\":\"https:\\\/\\\/forkommerce.com\\\/pt-pt\\\/produto\\\/corrente-ll1644ks-2\\\/\",\"url\":\"https:\\\/\\\/forkommerce.com\\\/pt-pt\\\/produto\\\/corrente-ll1644ks-2\\\/\",\"name\":\"Corrente LL1644KS-2 | Forkommerce Spare Parts\",\"isPartOf\":{\"@id\":\"https:\\\/\\\/forkommerce.com\\\/it\\\/#website\"},\"primaryImageOfPage\":{\"@id\":\"https:\\\/\\\/forkommerce.com\\\/pt-pt\\\/produto\\\/corrente-ll1644ks-2\\\/#primaryimage\"},\"image\":{\"@id\":\"https:\\\/\\\/forkommerce.com\\\/pt-pt\\\/produto\\\/corrente-ll1644ks-2\\\/#primaryimage\"},\"thumbnailUrl\":\"https:\\\/\\\/forkommerce.com\\\/wp-content\\\/uploads\\\/2026\\\/02\\\/Catena-LL1644KS.jpeg\",\"datePublished\":\"2026-02-02T15:05:37+00:00\",\"breadcrumb\":{\"@id\":\"https:\\\/\\\/forkommerce.com\\\/pt-pt\\\/produto\\\/corrente-ll1644ks-2\\\/#breadcrumb\"},\"inLanguage\":\"pt-PT\",\"potentialAction\":[{\"@type\":\"ReadAction\",\"target\":[\"https:\\\/\\\/forkommerce.com\\\/pt-pt\\\/produto\\\/corrente-ll1644ks-2\\\/\"]}]},{\"@type\":\"ImageObject\",\"inLanguage\":\"pt-PT\",\"@id\":\"https:\\\/\\\/forkommerce.com\\\/pt-pt\\\/produto\\\/corrente-ll1644ks-2\\\/#primaryimage\",\"url\":\"https:\\\/\\\/forkommerce.com\\\/wp-content\\\/uploads\\\/2026\\\/02\\\/Catena-LL1644KS.jpeg\",\"contentUrl\":\"https:\\\/\\\/forkommerce.com\\\/wp-content\\\/uploads\\\/2026\\\/02\\\/Catena-LL1644KS.jpeg\",\"width\":727,\"height\":507,\"caption\":\"Corrente LL1644KS\"},{\"@type\":\"BreadcrumbList\",\"@id\":\"https:\\\/\\\/forkommerce.com\\\/pt-pt\\\/produto\\\/corrente-ll1644ks-2\\\/#breadcrumb\",\"itemListElement\":[{\"@type\":\"ListItem\",\"position\":1,\"name\":\"Home\",\"item\":\"https:\\\/\\\/forkommerce.com\\\/pt-pt\\\/\"},{\"@type\":\"ListItem\",\"position\":2,\"name\":\"Loja\",\"item\":\"https:\\\/\\\/forkommerce.com\\\/it\\\/negozio\\\/\"},{\"@type\":\"ListItem\",\"position\":3,\"name\":\"Corrente LL1644KS-2\"}]},{\"@type\":\"WebSite\",\"@id\":\"https:\\\/\\\/forkommerce.com\\\/it\\\/#website\",\"url\":\"https:\\\/\\\/forkommerce.com\\\/it\\\/\",\"name\":\"Forkommerce Spare Parts\",\"description\":\"Ricambi originali e compatibili per carrelli elevatori e transpallet\",\"publisher\":{\"@id\":\"https:\\\/\\\/forkommerce.com\\\/it\\\/#organization\"},\"alternateName\":\"Forkommerce Spare Parts\",\"potentialAction\":[{\"@type\":\"SearchAction\",\"target\":{\"@type\":\"EntryPoint\",\"urlTemplate\":\"https:\\\/\\\/forkommerce.com\\\/it\\\/?s={search_term_string}\"},\"query-input\":{\"@type\":\"PropertyValueSpecification\",\"valueRequired\":true,\"valueName\":\"search_term_string\"}}],\"inLanguage\":\"pt-PT\"},{\"@type\":\"Organization\",\"@id\":\"https:\\\/\\\/forkommerce.com\\\/it\\\/#organization\",\"name\":\"Forkommerce Spare Parts\",\"url\":\"https:\\\/\\\/forkommerce.com\\\/it\\\/\",\"logo\":{\"@type\":\"ImageObject\",\"inLanguage\":\"pt-PT\",\"@id\":\"https:\\\/\\\/forkommerce.com\\\/it\\\/#\\\/schema\\\/logo\\\/image\\\/\",\"url\":\"https:\\\/\\\/forkommerce.com\\\/wp-content\\\/uploads\\\/2025\\\/09\\\/Logo-Forkommercex2.png\",\"contentUrl\":\"https:\\\/\\\/forkommerce.com\\\/wp-content\\\/uploads\\\/2025\\\/09\\\/Logo-Forkommercex2.png\",\"width\":470,\"height\":120,\"caption\":\"Forkommerce Spare Parts\"},\"image\":{\"@id\":\"https:\\\/\\\/forkommerce.com\\\/it\\\/#\\\/schema\\\/logo\\\/image\\\/\"}}]}<\/script>\n<!-- \/ Yoast SEO plugin. -->","yoast_head_json":{"title":"Corrente LL1644KS-2 | Forkommerce Spare Parts","robots":{"index":"index","follow":"follow","max-snippet":"max-snippet:-1","max-image-preview":"max-image-preview:large","max-video-preview":"max-video-preview:-1"},"canonical":"https:\/\/forkommerce.com\/pt-pt\/produto\/corrente-ll1644ks-2\/","og_locale":"pt_PT","og_type":"article","og_title":"Corrente LL1644KS-2 | Forkommerce Spare Parts","og_description":"Corrente LL1644KS-2","og_url":"https:\/\/forkommerce.com\/pt-pt\/produto\/corrente-ll1644ks-2\/","og_site_name":"Forkommerce Spare Parts","og_image":[{"width":727,"height":507,"url":"https:\/\/forkommerce.com\/wp-content\/uploads\/2026\/02\/Catena-LL1644KS.jpeg","type":"image\/jpeg"}],"twitter_card":"summary_large_image","twitter_misc":{"Tempo estimado de leitura":"1 minuto"},"schema":{"@context":"https:\/\/schema.org","@graph":[{"@type":"WebPage","@id":"https:\/\/forkommerce.com\/pt-pt\/produto\/corrente-ll1644ks-2\/","url":"https:\/\/forkommerce.com\/pt-pt\/produto\/corrente-ll1644ks-2\/","name":"Corrente LL1644KS-2 | Forkommerce Spare Parts","isPartOf":{"@id":"https:\/\/forkommerce.com\/it\/#website"},"primaryImageOfPage":{"@id":"https:\/\/forkommerce.com\/pt-pt\/produto\/corrente-ll1644ks-2\/#primaryimage"},"image":{"@id":"https:\/\/forkommerce.com\/pt-pt\/produto\/corrente-ll1644ks-2\/#primaryimage"},"thumbnailUrl":"https:\/\/forkommerce.com\/wp-content\/uploads\/2026\/02\/Catena-LL1644KS.jpeg","datePublished":"2026-02-02T15:05:37+00:00","breadcrumb":{"@id":"https:\/\/forkommerce.com\/pt-pt\/produto\/corrente-ll1644ks-2\/#breadcrumb"},"inLanguage":"pt-PT","potentialAction":[{"@type":"ReadAction","target":["https:\/\/forkommerce.com\/pt-pt\/produto\/corrente-ll1644ks-2\/"]}]},{"@type":"ImageObject","inLanguage":"pt-PT","@id":"https:\/\/forkommerce.com\/pt-pt\/produto\/corrente-ll1644ks-2\/#primaryimage","url":"https:\/\/forkommerce.com\/wp-content\/uploads\/2026\/02\/Catena-LL1644KS.jpeg","contentUrl":"https:\/\/forkommerce.com\/wp-content\/uploads\/2026\/02\/Catena-LL1644KS.jpeg","width":727,"height":507,"caption":"Corrente LL1644KS"},{"@type":"BreadcrumbList","@id":"https:\/\/forkommerce.com\/pt-pt\/produto\/corrente-ll1644ks-2\/#breadcrumb","itemListElement":[{"@type":"ListItem","position":1,"name":"Home","item":"https:\/\/forkommerce.com\/pt-pt\/"},{"@type":"ListItem","position":2,"name":"Loja","item":"https:\/\/forkommerce.com\/it\/negozio\/"},{"@type":"ListItem","position":3,"name":"Corrente LL1644KS-2"}]},{"@type":"WebSite","@id":"https:\/\/forkommerce.com\/it\/#website","url":"https:\/\/forkommerce.com\/it\/","name":"Forkommerce Spare Parts","description":"Ricambi originali e compatibili per carrelli elevatori e transpallet","publisher":{"@id":"https:\/\/forkommerce.com\/it\/#organization"},"alternateName":"Forkommerce Spare Parts","potentialAction":[{"@type":"SearchAction","target":{"@type":"EntryPoint","urlTemplate":"https:\/\/forkommerce.com\/it\/?s={search_term_string}"},"query-input":{"@type":"PropertyValueSpecification","valueRequired":true,"valueName":"search_term_string"}}],"inLanguage":"pt-PT"},{"@type":"Organization","@id":"https:\/\/forkommerce.com\/it\/#organization","name":"Forkommerce Spare Parts","url":"https:\/\/forkommerce.com\/it\/","logo":{"@type":"ImageObject","inLanguage":"pt-PT","@id":"https:\/\/forkommerce.com\/it\/#\/schema\/logo\/image\/","url":"https:\/\/forkommerce.com\/wp-content\/uploads\/2025\/09\/Logo-Forkommercex2.png","contentUrl":"https:\/\/forkommerce.com\/wp-content\/uploads\/2025\/09\/Logo-Forkommercex2.png","width":470,"height":120,"caption":"Forkommerce Spare Parts"},"image":{"@id":"https:\/\/forkommerce.com\/it\/#\/schema\/logo\/image\/"}}]}},"_links":{"self":[{"href":"https:\/\/forkommerce.com\/pt-pt\/wp-json\/wp\/v2\/product\/3187","targetHints":{"allow":["GET"]}}],"collection":[{"href":"https:\/\/forkommerce.com\/pt-pt\/wp-json\/wp\/v2\/product"}],"about":[{"href":"https:\/\/forkommerce.com\/pt-pt\/wp-json\/wp\/v2\/types\/product"}],"wp:featuredmedia":[{"embeddable":true,"href":"https:\/\/forkommerce.com\/pt-pt\/wp-json\/wp\/v2\/media\/3188"}],"wp:attachment":[{"href":"https:\/\/forkommerce.com\/pt-pt\/wp-json\/wp\/v2\/media?parent=3187"}],"wp:term":[{"taxonomy":"product_brand","embeddable":true,"href":"https:\/\/forkommerce.com\/pt-pt\/wp-json\/wp\/v2\/product_brand?post=3187"},{"taxonomy":"product_cat","embeddable":true,"href":"https:\/\/forkommerce.com\/pt-pt\/wp-json\/wp\/v2\/product_cat?post=3187"},{"taxonomy":"product_tag","embeddable":true,"href":"https:\/\/forkommerce.com\/pt-pt\/wp-json\/wp\/v2\/product_tag?post=3187"}],"curies":[{"name":"wp","href":"https:\/\/api.w.org\/{rel}","templated":true}]}}